{"id":252,"date":"2018-05-03T10:53:28","date_gmt":"2018-05-03T08:53:28","guid":{"rendered":"https:\/\/www.hluxor.it\/la-tua-iscrizione-email-e-quasi-completata\/"},"modified":"2018-05-03T10:55:47","modified_gmt":"2018-05-03T08:55:47","slug":"ihr-e-mail-abonnement-ist-fast-abgeschlossen","status":"publish","type":"page","link":"https:\/\/www.hluxor.it\/de\/ihr-e-mail-abonnement-ist-fast-abgeschlossen\/","title":{"rendered":"Ihr E-Mail-Abonnement ist fast abgeschlossen&#8230;"},"content":{"rendered":"<div id=\"container\">\n<div id=\"content\"><span id=\"result_box\" class=\"\" lang=\"de\"><span class=\"\">Eine E-Mail wurde an die von Ihnen angegebene E-Mail-Adresse gesendet.<\/span> <span class=\"\">In dieser E-Mail gibt es einen Best\u00e4tigungslink.<\/span> <span class=\"\">Bitte klicken Sie auf den Link, um Ihre Registrierung zu best\u00e4tigen.<\/span><br \/>\n<\/span><\/div>\n<\/div>\n<div><\/div>\n<div><span id=\"result_box\" class=\"\" lang=\"de\"><span class=\"\">Sobald Sie best\u00e4tigt haben, ist diese Registrierung abgeschlossen.<\/span><\/span><\/div>\n","protected":false},"excerpt":{"rendered":"<p>Eine E-Mail wurde an die von Ihnen angegebene E-Mail-Adresse gesendet. In dieser E-Mail gibt es einen Best\u00e4tigungslink. Bitte klicken Sie auf den Link, um Ihre Registrierung zu best\u00e4tigen. Sobald Sie best\u00e4tigt haben, ist diese Registrierung abgeschlossen.<\/p>\n","protected":false},"author":1,"featured_media":0,"parent":0,"menu_order":83,"comment_status":"closed","ping_status":"closed","template":"","meta":{"_acf_changed":false},"class_list":["post-252","page","type-page","status-publish","hentry"],"acf":[],"_links":{"self":[{"href":"https:\/\/www.hluxor.it\/de\/wp-json\/wp\/v2\/pages\/252","targetHints":{"allow":["GET"]}}],"collection":[{"href":"https:\/\/www.hluxor.it\/de\/wp-json\/wp\/v2\/pages"}],"about":[{"href":"https:\/\/www.hluxor.it\/de\/wp-json\/wp\/v2\/types\/page"}],"author":[{"embeddable":true,"href":"https:\/\/www.hluxor.it\/de\/wp-json\/wp\/v2\/users\/1"}],"replies":[{"embeddable":true,"href":"https:\/\/www.hluxor.it\/de\/wp-json\/wp\/v2\/comments?post=252"}],"version-history":[{"count":0,"href":"https:\/\/www.hluxor.it\/de\/wp-json\/wp\/v2\/pages\/252\/revisions"}],"wp:attachment":[{"href":"https:\/\/www.hluxor.it\/de\/wp-json\/wp\/v2\/media?parent=252"}],"curies":[{"name":"wp","href":"https:\/\/api.w.org\/{rel}","templated":true}]}}