{"id":706,"date":"2018-05-17T12:11:33","date_gmt":"2018-05-17T10:11:33","guid":{"rendered":"https:\/\/www.hluxor.it\/informazioni-utili\/"},"modified":"2025-12-05T17:54:45","modified_gmt":"2025-12-05T16:54:45","slug":"nuetzliche-informationen","status":"publish","type":"page","link":"https:\/\/www.hluxor.it\/de\/nuetzliche-informationen\/","title":{"rendered":"N\u00dcTZLICHE INFORMATIONEN"},"content":{"rendered":"<div class=\"span9 \">\n<div class=\"row-fluid\">\n<div class=\"tw-element span12 \">\n<h2>Anzahlung fuer Reservierung<\/h2>\n<p><strong>HOTEL LUXOR VEG SRL<\/strong><br \/>\nVia S. Italico, 3 47814 IGEA MARINA \/ RN<\/p>\n<p><b>Bank Cr\u00e9dit Agricole<\/b><br \/>\n<strong>IT10L0623067710000030717672<\/strong><br \/>\n<strong>Bic code :<\/strong> CRPPIT2P643<br \/>\n<strong>Zahlungsvermerk:<\/strong> Caparra confirmatoria<\/p>\n<h2>Fristen und Bedingungen von Reservierung und Annulierung<\/h2>\n<p><strong>Garantie:\u00a0<\/strong>jede Reservierung muss durch eine Bank \u00ad oder Poatueberweisung einer Bestaetigungskaution garantiert sein.<br \/>\nDer Betrag der Kaution muss 30% des Gesamtbetrags des Aufenthalts entsprechen.<\/p>\n<p><strong>Aenderungen:<\/strong>\u00a0Die Direktion behaelt sich das Recht vor, Aenderungen der Reservierung entsprechend der Verfuegbarkeit und der Anfrage eines Mindestaufenthaltes zu akzeptieren odernicht.<\/p>\n<p><strong>Absagen:<\/strong><\/p>\n<p>Bei Stornierungen bis 30 Tage vor Anreise wird die Anzahlung in einen Reisegutschein umgewandelt, der bis September 2026 eingel\u00f6st werden kann, oder abz\u00fcglich einer Bearbeitungsgeb\u00fchr von 50 \u20ac erstattet.<br \/>\nBei Stornierungen zwischen 29 und 15 Tagen vor Anreise wird die Anzahlung einbehalten.<br \/>\nBei Stornierungen zwischen 14 und 4 Tagen vor Anreise ist der Restbetrag in H\u00f6he von 50 % f\u00e4llig.<\/p>\n<p>Bei Stornierungen ab 3 Tagen vor Anreise oder im Falle von Nichterscheinen oder vorzeitiger Abreise ist der Restbetrag in H\u00f6he von 100 % f\u00e4llig.<\/p>\n<p>Stornierungen sind nur g\u00fcltig, wenn sie per Fax oder E-Mail mitgeteilt und vom Hotel best\u00e4tigt wurden.<br \/>\nBitte kontaktieren Sie in jedem Fall die Hotelleitung. Wir helfen Ihnen gerne weiter.<\/p>\n<p><strong>Zahlungsmodalitaeten:<\/strong> folgende Zahlungsmoeglichkeiten sind gestattet: Barzahlung bis zu 5.000 Euro, Bancomat, Kreditkarte (Visa, MasterCard, Postbank), Bankueberweisung (Vorrausbezahlung).<\/p>\n<p><strong>Versicherung:\u00a0<\/strong>wir raten Ihnen, sobald sie die Kaution ueberweisen, eine Reiseversicherung Allianz (Sie finden sie in unserem Sito) abzuschliessen, die Sie im Falle einer Buchungsabsage schuetzt.<\/p>\n<div class=\"span9 \">\n<div class=\"row-fluid\">\n<div class=\"tw-element span12 \">\n<h2>Ankunft und Abreise :<\/h2>\n<ul>\n<li><strong>Check-in : vor 20:00 Uhr<\/strong><br \/>\n(Am Tag der Ankunft stehen die Zimmer bis 12:00 Uhr bereit).<\/li>\n<li><strong>Check-out : vor 9:00 Uhr<\/strong><br \/>\n(Am Tag der Abreise m\u00fcssen die Zimmer bis 9:00 Uhr ger\u00e4umt sein).<\/li>\n<li>Auf Anfrage und je nach Verf\u00fcgbarkeit k\u00f6nnen Sie den Check-out des Zimmers um \u20ac 35,00 verl\u00e4ngern.<\/li>\n<\/ul>\n<\/div>\n<\/div>\n<\/div>\n<\/div>\n<\/div>\n<\/div>\n","protected":false},"excerpt":{"rendered":"<p>Anzahlung fuer Reservierung HOTEL LUXOR VEG SRL Via S. Italico, 3 47814 IGEA MARINA \/ RN Bank Cr\u00e9dit Agricole IT10L0623067710000030717672 Bic code : CRPPIT2P643 Zahlungsvermerk: Caparra confirmatoria Fristen und Bedingungen von Reservierung und Annulierung Garantie:\u00a0jede Reservierung muss durch eine Bank \u00ad oder Poatueberweisung einer Bestaetigungskaution garantiert sein. Der Betrag der Kaution muss 30% des Gesamtbetrags des Aufenthalts entsprechen. Aenderungen:\u00a0Die Direktion behaelt sich das Recht vor, Aenderungen der Reservierung entsprechend der &#8230;<\/p>\n","protected":false},"author":1,"featured_media":0,"parent":0,"menu_order":20,"comment_status":"closed","ping_status":"closed","template":"","meta":{"_acf_changed":false},"class_list":["post-706","page","type-page","status-publish","hentry"],"acf":[],"_links":{"self":[{"href":"https:\/\/www.hluxor.it\/de\/wp-json\/wp\/v2\/pages\/706","targetHints":{"allow":["GET"]}}],"collection":[{"href":"https:\/\/www.hluxor.it\/de\/wp-json\/wp\/v2\/pages"}],"about":[{"href":"https:\/\/www.hluxor.it\/de\/wp-json\/wp\/v2\/types\/page"}],"author":[{"embeddable":true,"href":"https:\/\/www.hluxor.it\/de\/wp-json\/wp\/v2\/users\/1"}],"replies":[{"embeddable":true,"href":"https:\/\/www.hluxor.it\/de\/wp-json\/wp\/v2\/comments?post=706"}],"version-history":[{"count":0,"href":"https:\/\/www.hluxor.it\/de\/wp-json\/wp\/v2\/pages\/706\/revisions"}],"wp:attachment":[{"href":"https:\/\/www.hluxor.it\/de\/wp-json\/wp\/v2\/media?parent=706"}],"curies":[{"name":"wp","href":"https:\/\/api.w.org\/{rel}","templated":true}]}}