{"id":758,"date":"2018-05-10T10:59:19","date_gmt":"2018-05-10T08:59:19","guid":{"rendered":"https:\/\/www.hluxor.it\/entroterra\/"},"modified":"2018-06-20T10:53:03","modified_gmt":"2018-06-20T08:53:03","slug":"hinterland","status":"publish","type":"page","link":"https:\/\/www.hluxor.it\/de\/hinterland\/","title":{"rendered":"Hinterland"},"content":{"rendered":"<p style=\"text-align: center;\"><strong>Die Region Romagna<\/strong>\u00a0ist dank ihrer geologischen Beschaffenheit der perfekte Ort, um einen Urlaub \u201eSonne und Meer\u201c mit einem Aufenthalt im Zeichen von Kultur und N\u00e4he zur Natur zu verbinden.<\/p>\n<p style=\"text-align: center;\">Das Gebiet hat eine bemerkenswerte historische Bedeutung und man versteht es meisterhaft, den dynamischen Rhythmus der K\u00fcste mit der\u00a0<strong>Ruhe und Beschaulichkeit der H\u00fcgellandschaft<\/strong>\u00a0zu verbinden. Entdecken Sie die unendlichen Sch\u00e4tze der Gegens\u00e4tze.<\/p>\n<h3 style=\"text-align: center;\">Sogliano al Rubicone<\/h3>\n<div id='gallery-1' class='gallery galleryid-758 gallery-columns-4 gallery-size-thumbnail'><figure class='gallery-item'>\n\t\t\t<div class='gallery-icon landscape'>\n\t\t\t\t<a href='https:\/\/www.hluxor.it\/wp-content\/uploads\/2018\/06\/sogliano_725967448.jpg' data-size=\"1440x960\"><img loading=\"lazy\" decoding=\"async\" width=\"300\" height=\"300\" src=\"https:\/\/www.hluxor.it\/wp-content\/uploads\/2018\/06\/sogliano_725967448-300x300.jpg\" class=\"attachment-thumbnail size-thumbnail\" alt=\"\" \/><\/a>\n\t\t\t<\/div><\/figure><figure class='gallery-item'>\n\t\t\t<div class='gallery-icon landscape'>\n\t\t\t\t<a href='https:\/\/www.hluxor.it\/wp-content\/uploads\/2018\/06\/sogliano_727705135.jpg' data-size=\"1440x960\"><img loading=\"lazy\" decoding=\"async\" width=\"300\" height=\"300\" src=\"https:\/\/www.hluxor.it\/wp-content\/uploads\/2018\/06\/sogliano_727705135-300x300.jpg\" class=\"attachment-thumbnail size-thumbnail\" alt=\"\" \/><\/a>\n\t\t\t<\/div><\/figure><figure class='gallery-item'>\n\t\t\t<div class='gallery-icon landscape'>\n\t\t\t\t<a href='https:\/\/www.hluxor.it\/wp-content\/uploads\/2018\/06\/sogliano_729045499.jpg' data-size=\"1440x960\"><img loading=\"lazy\" decoding=\"async\" width=\"300\" height=\"300\" src=\"https:\/\/www.hluxor.it\/wp-content\/uploads\/2018\/06\/sogliano_729045499-300x300.jpg\" class=\"attachment-thumbnail size-thumbnail\" alt=\"\" \/><\/a>\n\t\t\t<\/div><\/figure><figure class='gallery-item'>\n\t\t\t<div class='gallery-icon landscape'>\n\t\t\t\t<a href='https:\/\/www.hluxor.it\/wp-content\/uploads\/2018\/06\/sogliano_731598139.jpg' data-size=\"1440x960\"><img loading=\"lazy\" decoding=\"async\" width=\"300\" height=\"300\" src=\"https:\/\/www.hluxor.it\/wp-content\/uploads\/2018\/06\/sogliano_731598139-300x300.jpg\" class=\"attachment-thumbnail size-thumbnail\" alt=\"\" \/><\/a>\n\t\t\t<\/div><\/figure>\n\t\t<\/div>\n\n<p style=\"text-align: center;\">Das Gemeindegebiet von Sogliano al Rubicone belegt ein weites Gebiet zwischen den Fl\u00fcssen Savio und Rubicone; die Landschaft ist vor allem h\u00fcgelig und bietet wundervolle Panoramablicke von den Apenninen bis hin zur Adria. Der ber\u00fchmte H\u00f6hlenk\u00e4se Formaggio di Fossa wurde zum gastronomischen Symbol von Sogliano al Rubicone; der Geschmack dieser Spezialit\u00e4t ist mittlerweile in ganz Italien bekannt und beliebt. Dieses einzigartige Produkt entsteht aus der Fermentation der in den T\u00e4lern des Rubicone und des Marecchia hergestellten K\u00e4seformen in Tuffsteingruben<\/p>\n<h3 style=\"text-align: center;\">Santarcangelo di Romagna<\/h3>\n<div id='gallery-2' class='gallery galleryid-758 gallery-columns-4 gallery-size-thumbnail'><figure class='gallery-item'>\n\t\t\t<div class='gallery-icon landscape'>\n\t\t\t\t<a href='https:\/\/www.hluxor.it\/wp-content\/uploads\/2018\/06\/Santarcangelo_103246154.jpg' data-size=\"1440x960\"><img loading=\"lazy\" decoding=\"async\" width=\"300\" height=\"300\" src=\"https:\/\/www.hluxor.it\/wp-content\/uploads\/2018\/06\/Santarcangelo_103246154-300x300.jpg\" class=\"attachment-thumbnail size-thumbnail\" alt=\"\" \/><\/a>\n\t\t\t<\/div><\/figure><figure class='gallery-item'>\n\t\t\t<div class='gallery-icon landscape'>\n\t\t\t\t<a href='https:\/\/www.hluxor.it\/wp-content\/uploads\/2018\/06\/Santarcangelo_450222379.jpg' data-size=\"1440x960\"><img loading=\"lazy\" decoding=\"async\" width=\"300\" height=\"300\" src=\"https:\/\/www.hluxor.it\/wp-content\/uploads\/2018\/06\/Santarcangelo_450222379-300x300.jpg\" class=\"attachment-thumbnail size-thumbnail\" alt=\"\" \/><\/a>\n\t\t\t<\/div><\/figure><figure class='gallery-item'>\n\t\t\t<div class='gallery-icon landscape'>\n\t\t\t\t<a href='https:\/\/www.hluxor.it\/wp-content\/uploads\/2018\/06\/Santarcangelo_515792044.jpg' data-size=\"1440x960\"><img loading=\"lazy\" decoding=\"async\" width=\"300\" height=\"300\" src=\"https:\/\/www.hluxor.it\/wp-content\/uploads\/2018\/06\/Santarcangelo_515792044-300x300.jpg\" class=\"attachment-thumbnail size-thumbnail\" alt=\"\" \/><\/a>\n\t\t\t<\/div><\/figure><figure class='gallery-item'>\n\t\t\t<div class='gallery-icon landscape'>\n\t\t\t\t<a href='https:\/\/www.hluxor.it\/wp-content\/uploads\/2018\/06\/Santarcangelo_1019541595.jpg' data-size=\"1440x960\"><img loading=\"lazy\" decoding=\"async\" width=\"300\" height=\"300\" src=\"https:\/\/www.hluxor.it\/wp-content\/uploads\/2018\/06\/Santarcangelo_1019541595-300x300.jpg\" class=\"attachment-thumbnail size-thumbnail\" alt=\"\" \/><\/a>\n\t\t\t<\/div><\/figure>\n\t\t<\/div>\n\n<p style=\"text-align: center;\">Santarcangelo ist ein ganz besonderer Ort. Vielleicht wegen der Doppelseele \u2013 volkst\u00fcmlich und gleichzeitig nobel? Vielleicht wegen der noch heute lebendigen Traditionen, der Monumente, der mysteri\u00f6sen H\u00f6hlen, oder der hervorragenden Handwerker? Vielleicht wegen der Messen, der ausgezeichneten K\u00fcche, oder wegen der Leute, die im Schatten der engen Gassen ihre Geschichten erz\u00e4hlen? Eins ist sicher: Santarcangelo bietet nicht weit vom Meer eine vollkommen einzigartige Atmosph\u00e4re.<\/p>\n<h3 style=\"text-align: center;\">Ravenna<\/h3>\n<div id='gallery-3' class='gallery galleryid-758 gallery-columns-4 gallery-size-thumbnail'><figure class='gallery-item'>\n\t\t\t<div class='gallery-icon landscape'>\n\t\t\t\t<a href='https:\/\/www.hluxor.it\/wp-content\/uploads\/2018\/06\/Ravenna_221848951.jpg' data-size=\"1440x960\"><img loading=\"lazy\" decoding=\"async\" width=\"300\" height=\"300\" src=\"https:\/\/www.hluxor.it\/wp-content\/uploads\/2018\/06\/Ravenna_221848951-300x300.jpg\" class=\"attachment-thumbnail size-thumbnail\" alt=\"\" \/><\/a>\n\t\t\t<\/div><\/figure><figure class='gallery-item'>\n\t\t\t<div class='gallery-icon landscape'>\n\t\t\t\t<a href='https:\/\/www.hluxor.it\/wp-content\/uploads\/2018\/06\/Ravenna_443231143.jpg' data-size=\"1440x960\"><img loading=\"lazy\" decoding=\"async\" width=\"300\" height=\"300\" src=\"https:\/\/www.hluxor.it\/wp-content\/uploads\/2018\/06\/Ravenna_443231143-300x300.jpg\" class=\"attachment-thumbnail size-thumbnail\" alt=\"\" \/><\/a>\n\t\t\t<\/div><\/figure><figure class='gallery-item'>\n\t\t\t<div class='gallery-icon landscape'>\n\t\t\t\t<a href='https:\/\/www.hluxor.it\/wp-content\/uploads\/2018\/06\/Ravenna_514079608.jpg' data-size=\"1440x960\"><img loading=\"lazy\" decoding=\"async\" width=\"300\" height=\"300\" src=\"https:\/\/www.hluxor.it\/wp-content\/uploads\/2018\/06\/Ravenna_514079608-300x300.jpg\" class=\"attachment-thumbnail size-thumbnail\" alt=\"\" \/><\/a>\n\t\t\t<\/div><\/figure><figure class='gallery-item'>\n\t\t\t<div class='gallery-icon landscape'>\n\t\t\t\t<a href='https:\/\/www.hluxor.it\/wp-content\/uploads\/2018\/06\/Ravenna_586065557.jpg' data-size=\"1440x960\"><img loading=\"lazy\" decoding=\"async\" width=\"300\" height=\"300\" src=\"https:\/\/www.hluxor.it\/wp-content\/uploads\/2018\/06\/Ravenna_586065557-300x300.jpg\" class=\"attachment-thumbnail size-thumbnail\" alt=\"\" \/><\/a>\n\t\t\t<\/div><\/figure><figure class='gallery-item'>\n\t\t\t<div class='gallery-icon landscape'>\n\t\t\t\t<a href='https:\/\/www.hluxor.it\/wp-content\/uploads\/2018\/06\/Ravenna_1034459830.jpg' data-size=\"1440x960\"><img loading=\"lazy\" decoding=\"async\" width=\"300\" height=\"300\" src=\"https:\/\/www.hluxor.it\/wp-content\/uploads\/2018\/06\/Ravenna_1034459830-300x300.jpg\" class=\"attachment-thumbnail size-thumbnail\" alt=\"\" \/><\/a>\n\t\t\t<\/div><\/figure>\n\t\t<\/div>\n\n<p style=\"text-align: center;\">Die Stadt bewahrt ihre Vergangenheit als bedeutendes Zentrum f\u00fcr Politik, Handel und Kunst von verschiedenen Kulturen in ihren wundervollen Monumenten. Vor allem die R\u00f6mische Kaiserzeit und die strahlende Epoche, in der Ravenna Zentrum des Byzantinischen Reiches war, haben einzigartige Basiliken, Baptisterien und Mausoleen hinterlassen.<\/p>\n<h3 style=\"text-align: center;\">Repubblica di San Marino<\/h3>\n<div id='gallery-4' class='gallery galleryid-758 gallery-columns-4 gallery-size-thumbnail'><figure class='gallery-item'>\n\t\t\t<div class='gallery-icon landscape'>\n\t\t\t\t<a href='https:\/\/www.hluxor.it\/wp-content\/uploads\/2018\/06\/San-Marino_61547023.jpg' data-size=\"1440x960\"><img loading=\"lazy\" decoding=\"async\" width=\"300\" height=\"300\" src=\"https:\/\/www.hluxor.it\/wp-content\/uploads\/2018\/06\/San-Marino_61547023-300x300.jpg\" class=\"attachment-thumbnail size-thumbnail\" alt=\"\" \/><\/a>\n\t\t\t<\/div><\/figure><figure class='gallery-item'>\n\t\t\t<div class='gallery-icon landscape'>\n\t\t\t\t<a href='https:\/\/www.hluxor.it\/wp-content\/uploads\/2018\/06\/San-Marino_135459155.jpg' data-size=\"1440x960\"><img loading=\"lazy\" decoding=\"async\" width=\"300\" height=\"300\" src=\"https:\/\/www.hluxor.it\/wp-content\/uploads\/2018\/06\/San-Marino_135459155-300x300.jpg\" class=\"attachment-thumbnail size-thumbnail\" alt=\"\" \/><\/a>\n\t\t\t<\/div><\/figure><figure class='gallery-item'>\n\t\t\t<div class='gallery-icon landscape'>\n\t\t\t\t<a href='https:\/\/www.hluxor.it\/wp-content\/uploads\/2018\/06\/San-Marino_250547944.jpg' data-size=\"1440x960\"><img loading=\"lazy\" decoding=\"async\" width=\"300\" height=\"300\" src=\"https:\/\/www.hluxor.it\/wp-content\/uploads\/2018\/06\/San-Marino_250547944-300x300.jpg\" class=\"attachment-thumbnail size-thumbnail\" alt=\"\" \/><\/a>\n\t\t\t<\/div><\/figure><figure class='gallery-item'>\n\t\t\t<div class='gallery-icon landscape'>\n\t\t\t\t<a href='https:\/\/www.hluxor.it\/wp-content\/uploads\/2018\/06\/San-Marino_523517557.jpg' data-size=\"1440x960\"><img loading=\"lazy\" decoding=\"async\" width=\"300\" height=\"300\" src=\"https:\/\/www.hluxor.it\/wp-content\/uploads\/2018\/06\/San-Marino_523517557-300x300.jpg\" class=\"attachment-thumbnail size-thumbnail\" alt=\"\" \/><\/a>\n\t\t\t<\/div><\/figure>\n\t\t<\/div>\n\n<p style=\"text-align: center;\">Die Republik von San Marino liegt in der Mitte der Regionen Romagna und Marken, nur wenige Kilometer von der Adriak\u00fcste entfernt, auf einer Fl\u00e4che von nur 61 km2 und wird von der Silhouette des Monte Titano beherrscht. Auf der Spitze des Berges ragen drei T\u00fcrme aus dem Mittelalter \u2013 antike Verteidigungsbollwerke, von denen man eine der bezauberndsten Landschaften der Region bewundern kann \u2013 in den Himmel.<\/p>\n<h3 style=\"text-align: center;\">San Leo<\/h3>\n<div id='gallery-5' class='gallery galleryid-758 gallery-columns-4 gallery-size-thumbnail'><figure class='gallery-item'>\n\t\t\t<div class='gallery-icon landscape'>\n\t\t\t\t<a href='https:\/\/www.hluxor.it\/wp-content\/uploads\/2018\/06\/San-Leo_66620224.jpg' data-size=\"1440x960\"><img loading=\"lazy\" decoding=\"async\" width=\"300\" height=\"300\" src=\"https:\/\/www.hluxor.it\/wp-content\/uploads\/2018\/06\/San-Leo_66620224-300x300.jpg\" class=\"attachment-thumbnail size-thumbnail\" alt=\"\" \/><\/a>\n\t\t\t<\/div><\/figure><figure class='gallery-item'>\n\t\t\t<div class='gallery-icon landscape'>\n\t\t\t\t<a href='https:\/\/www.hluxor.it\/wp-content\/uploads\/2018\/06\/San-Leo_85330447-1.jpg' data-size=\"1440x960\"><img loading=\"lazy\" decoding=\"async\" width=\"300\" height=\"300\" src=\"https:\/\/www.hluxor.it\/wp-content\/uploads\/2018\/06\/San-Leo_85330447-1-300x300.jpg\" class=\"attachment-thumbnail size-thumbnail\" alt=\"\" \/><\/a>\n\t\t\t<\/div><\/figure><figure class='gallery-item'>\n\t\t\t<div class='gallery-icon landscape'>\n\t\t\t\t<a href='https:\/\/www.hluxor.it\/wp-content\/uploads\/2018\/06\/San-Leo_94517386.jpg' data-size=\"1440x960\"><img loading=\"lazy\" decoding=\"async\" width=\"300\" height=\"300\" src=\"https:\/\/www.hluxor.it\/wp-content\/uploads\/2018\/06\/San-Leo_94517386-300x300.jpg\" class=\"attachment-thumbnail size-thumbnail\" alt=\"\" \/><\/a>\n\t\t\t<\/div><\/figure><figure class='gallery-item'>\n\t\t\t<div class='gallery-icon landscape'>\n\t\t\t\t<a href='https:\/\/www.hluxor.it\/wp-content\/uploads\/2018\/06\/San-Leo_111258737.jpg' data-size=\"1440x960\"><img loading=\"lazy\" decoding=\"async\" width=\"300\" height=\"300\" src=\"https:\/\/www.hluxor.it\/wp-content\/uploads\/2018\/06\/San-Leo_111258737-300x300.jpg\" class=\"attachment-thumbnail size-thumbnail\" alt=\"\" \/><\/a>\n\t\t\t<\/div><\/figure>\n\t\t<\/div>\n\n<p style=\"text-align: center;\">Im mittleren Tal des Marecchia-Flusses, im Zentrum der historischen Region des Montefeltro, erhebt sich auf einem imposanten rautenf\u00f6rmigen Felsen mit schwindelerregend steilen Abh\u00e4ngen San Leo. Die Felsplatte aus Kalk\/Sandformation ist das Ergebnis der schwierigen Entstehungsgeschichte des Tals \u201eVal Marecchia\u201c, das Geologen unter dem Namen \u201eColtre\u201c (Decke, Schicht) oder \u201eColata (Guss, Strom) della Val Marecchia\u201c bekannt ist.<\/p>\n","protected":false},"excerpt":{"rendered":"<p>Die Region Romagna\u00a0ist dank ihrer geologischen Beschaffenheit der perfekte Ort, um einen Urlaub \u201eSonne und Meer\u201c mit einem Aufenthalt im Zeichen von Kultur und N\u00e4he zur Natur zu verbinden. Das Gebiet hat eine bemerkenswerte historische Bedeutung und man versteht es meisterhaft, den dynamischen Rhythmus der K\u00fcste mit der\u00a0Ruhe und Beschaulichkeit der H\u00fcgellandschaft\u00a0zu verbinden. Entdecken Sie die unendlichen Sch\u00e4tze der Gegens\u00e4tze. Sogliano al Rubicone Das Gemeindegebiet von Sogliano al Rubicone belegt &#8230;<\/p>\n","protected":false},"author":1,"featured_media":0,"parent":0,"menu_order":0,"comment_status":"closed","ping_status":"closed","template":"","meta":{"_acf_changed":false},"class_list":["post-758","page","type-page","status-publish","hentry"],"acf":[],"_links":{"self":[{"href":"https:\/\/www.hluxor.it\/de\/wp-json\/wp\/v2\/pages\/758","targetHints":{"allow":["GET"]}}],"collection":[{"href":"https:\/\/www.hluxor.it\/de\/wp-json\/wp\/v2\/pages"}],"about":[{"href":"https:\/\/www.hluxor.it\/de\/wp-json\/wp\/v2\/types\/page"}],"author":[{"embeddable":true,"href":"https:\/\/www.hluxor.it\/de\/wp-json\/wp\/v2\/users\/1"}],"replies":[{"embeddable":true,"href":"https:\/\/www.hluxor.it\/de\/wp-json\/wp\/v2\/comments?post=758"}],"version-history":[{"count":0,"href":"https:\/\/www.hluxor.it\/de\/wp-json\/wp\/v2\/pages\/758\/revisions"}],"wp:attachment":[{"href":"https:\/\/www.hluxor.it\/de\/wp-json\/wp\/v2\/media?parent=758"}],"curies":[{"name":"wp","href":"https:\/\/api.w.org\/{rel}","templated":true}]}}