{"id":763,"date":"2017-09-15T16:02:24","date_gmt":"2017-09-15T14:02:24","guid":{"rendered":"https:\/\/www.hluxor.it\/dove-siamo\/"},"modified":"2024-03-13T15:29:07","modified_gmt":"2024-03-13T14:29:07","slug":"so-finden-sie-uns","status":"publish","type":"page","link":"https:\/\/www.hluxor.it\/de\/so-finden-sie-uns\/","title":{"rendered":"Das Hotel Luxor liegt in BELLARIA IGEA MARINA im Zentrum der Adriak\u00fcste"},"content":{"rendered":"<h2 style=\"text-align: center;\"><strong>Eine Stadt am blauen Meer\u00a0inmitten gr\u00fcner Natur. <\/strong><\/h2>\n<p style=\"text-align: center;\">Nur wenige Schritte vom Meer finden Sie gr\u00fcne Baumalleen, Parks und gro\u00dfe Gr\u00fcnfl\u00e4chen.\u00a0Bellaria Igea Marina ist der ideale Ort f\u00fcr einen komfortablen und ruhigen Urlaub.\u00a0Die gro\u00dfz\u00fcgigen Alleen mit hohen schattenspendenden B\u00e4umen laden zu Spazierg\u00e4ngen ein und bieten zahlreiche Shoppingm\u00f6glichkeiten.\u00a0<strong>Bellaria Igea Marina<\/strong>\u00a0ist mit seinem sieben Kilometer langen feinen und hellen Sandstrand die erste Wahl f\u00fcr alle, die einen Urlaub im Zeichen von<strong>\u00a0Ruhe, Unterhaltung und Wohlbefinden<\/strong>\u00a0verbringen m\u00f6chten.<\/p>\n<p><a href=\"https:\/\/www.hluxor.it\/wp-content\/uploads\/2024\/03\/mappa-luxor_de24ok-scaled-1.jpg\"><img loading=\"lazy\" decoding=\"async\" class=\"alignnone wp-image-4458 size-full\" src=\"https:\/\/www.hluxor.it\/wp-content\/uploads\/2024\/03\/mappa-luxor_de24ok-scaled-1.jpg\" alt=\"\" width=\"2560\" height=\"1422\" data-big-size=\"2560x1422\" \/><\/a><\/p>\n<h3 style=\"text-align: center;\">Sie erreichen uns per Bahn oder Auto<\/h3>\n<p style=\"text-align: center;\"><strong>Bahn:<\/strong><br \/>\nvom Bahnhof Rimini bis Bahnhof Igea Marina (500 m vom Hotel entfernt); zu Fu\u00df oder mit Buslinie Nr. 4 bis Busstop Nr. 41 nur wenige Schritte vom Hotel entfernt.<\/p>\n<p style=\"text-align: center;\"><strong>Auto:<\/strong><br \/>\nAutobahn A14 Ausfahrt Rimini Nord, den Schildern nach Bellaria Igea Marina folgen; an der Strandpromenade von Igea Marina angekommen, treffen Sie nach wenigen hundert Metern auf unser Hotel.<\/p>\n<p style=\"text-align: center;\"><\/p>\n","protected":false},"excerpt":{"rendered":"<p>Eine Stadt am blauen Meer\u00a0inmitten gr\u00fcner Natur. Nur wenige Schritte vom Meer finden Sie gr\u00fcne Baumalleen, Parks und gro\u00dfe Gr\u00fcnfl\u00e4chen.\u00a0Bellaria Igea Marina ist der ideale Ort f\u00fcr einen komfortablen und ruhigen Urlaub.\u00a0Die gro\u00dfz\u00fcgigen Alleen mit hohen schattenspendenden B\u00e4umen laden zu Spazierg\u00e4ngen ein und bieten zahlreiche Shoppingm\u00f6glichkeiten.\u00a0Bellaria Igea Marina\u00a0ist mit seinem sieben Kilometer langen feinen und hellen Sandstrand die erste Wahl f\u00fcr alle, die einen Urlaub im Zeichen von\u00a0Ruhe, Unterhaltung und &#8230;<\/p>\n","protected":false},"author":1,"featured_media":0,"parent":0,"menu_order":126,"comment_status":"closed","ping_status":"closed","template":"","meta":{"_acf_changed":false},"class_list":["post-763","page","type-page","status-publish","hentry"],"acf":[],"_links":{"self":[{"href":"https:\/\/www.hluxor.it\/de\/wp-json\/wp\/v2\/pages\/763","targetHints":{"allow":["GET"]}}],"collection":[{"href":"https:\/\/www.hluxor.it\/de\/wp-json\/wp\/v2\/pages"}],"about":[{"href":"https:\/\/www.hluxor.it\/de\/wp-json\/wp\/v2\/types\/page"}],"author":[{"embeddable":true,"href":"https:\/\/www.hluxor.it\/de\/wp-json\/wp\/v2\/users\/1"}],"replies":[{"embeddable":true,"href":"https:\/\/www.hluxor.it\/de\/wp-json\/wp\/v2\/comments?post=763"}],"version-history":[{"count":0,"href":"https:\/\/www.hluxor.it\/de\/wp-json\/wp\/v2\/pages\/763\/revisions"}],"wp:attachment":[{"href":"https:\/\/www.hluxor.it\/de\/wp-json\/wp\/v2\/media?parent=763"}],"curies":[{"name":"wp","href":"https:\/\/api.w.org\/{rel}","templated":true}]}}