{"id":798,"date":"2018-05-10T10:48:30","date_gmt":"2018-05-10T08:48:30","guid":{"rendered":"https:\/\/www.hluxor.it\/divertimenti\/"},"modified":"2018-06-20T12:43:54","modified_gmt":"2018-06-20T10:43:54","slug":"unterhaltung","status":"publish","type":"page","link":"https:\/\/www.hluxor.it\/de\/unterhaltung\/","title":{"rendered":"Unterhaltung"},"content":{"rendered":"<h2>Das Hotel Luxor in Igea Marina organisiert f\u00fcr seine G\u00e4ste:<\/h2>\n<p><strong>jeden Sonntag<\/strong>\u00a0zum Aperitif eine<strong>\u00a0Cocktailparty<\/strong>\u00a0auf der Hotelterrasse;<br \/>\n<strong>jede Woche<\/strong>\u00a0<strong>Spezialabende<\/strong>\u00a0zum geselligen Beisammensein: typisch romagnolische Abendessen bei Kerzenlicht; Feste mit Musik, Kuchen, S\u00fc\u00dfspeisen und Wein;<br \/>\n<strong>\u201cje sp\u00e4ter der Abend\u201d<\/strong>\u00a0mit Verlosungen und tollen Preisen.<\/p>\n<p>Au\u00dferdem bietet das freundliche\u00a0<strong>St\u00e4dtchen Bellaria Igea Marina<\/strong>\u00a0einen vielseitigen\u00a0<strong>Veranstaltungskalender<\/strong>\u00a0f\u00fcr Einwohner und Touristen:<\/p>\n<p>Sport und Kulturveranstaltungen;<br \/>\n<strong>Tanzabende<\/strong>\u00a0im Dancing\u00a0<strong>Rio Grande<\/strong>;<br \/>\n<strong>Magische N\u00e4chte<\/strong>\u00a0am Strand mit Show und Konzerten im\u00a0<strong>Beky Bay<\/strong>\u00a0oder\u00a0<strong>Polo Est;<\/strong><br \/>\n<strong>Bimbilandia<\/strong>: Aperitif am Sonntag auch f\u00fcr ganz kleine G\u00e4ste, Abendessen und Feste f\u00fcr Kinder.\u00a0<strong>Baby-Club<\/strong>\u00a0und aufblasbare Spiele am Strand, Spielplatz, Kirmes und Spielothek nur weniger Schritte vom Hotel entfernt;<br \/>\n<strong>Jeden Nachmittag<\/strong>\u00a0Spiele und Animation\u2013 auch bei Regen \u2013 im\u00a0<strong>Mito Club<\/strong>, und jeden Abend Jongleure, Zauberer, Clowns und Shows auf den <strong>Stadtpl\u00e4tzen und am <a href=\"https:\/\/www.hluxor.it\/de\/strand\/\">Strand<\/a><\/strong>.<\/p>\n<p>Kommen Sie zum\u00a0<strong>Hotel Luxor in Igea Marina<\/strong>\u00a0\u2013 jeder Urlaub wird zu einem unvergesslichen Erlebnis.<\/p>\n","protected":false},"excerpt":{"rendered":"<p>Das Hotel Luxor in Igea Marina organisiert f\u00fcr seine G\u00e4ste: jeden Sonntag\u00a0zum Aperitif eine\u00a0Cocktailparty\u00a0auf der Hotelterrasse; jede Woche\u00a0Spezialabende\u00a0zum geselligen Beisammensein: typisch romagnolische Abendessen bei Kerzenlicht; Feste mit Musik, Kuchen, S\u00fc\u00dfspeisen und Wein; \u201cje sp\u00e4ter der Abend\u201d\u00a0mit Verlosungen und tollen Preisen. Au\u00dferdem bietet das freundliche\u00a0St\u00e4dtchen Bellaria Igea Marina\u00a0einen vielseitigen\u00a0Veranstaltungskalender\u00a0f\u00fcr Einwohner und Touristen: Sport und Kulturveranstaltungen; Tanzabende\u00a0im Dancing\u00a0Rio Grande; Magische N\u00e4chte\u00a0am Strand mit Show und Konzerten im\u00a0Beky Bay\u00a0oder\u00a0Polo Est; Bimbilandia: Aperitif am &#8230;<\/p>\n","protected":false},"author":1,"featured_media":0,"parent":0,"menu_order":0,"comment_status":"closed","ping_status":"closed","template":"","meta":{"_acf_changed":false},"class_list":["post-798","page","type-page","status-publish","hentry"],"acf":[],"_links":{"self":[{"href":"https:\/\/www.hluxor.it\/de\/wp-json\/wp\/v2\/pages\/798","targetHints":{"allow":["GET"]}}],"collection":[{"href":"https:\/\/www.hluxor.it\/de\/wp-json\/wp\/v2\/pages"}],"about":[{"href":"https:\/\/www.hluxor.it\/de\/wp-json\/wp\/v2\/types\/page"}],"author":[{"embeddable":true,"href":"https:\/\/www.hluxor.it\/de\/wp-json\/wp\/v2\/users\/1"}],"replies":[{"embeddable":true,"href":"https:\/\/www.hluxor.it\/de\/wp-json\/wp\/v2\/comments?post=798"}],"version-history":[{"count":0,"href":"https:\/\/www.hluxor.it\/de\/wp-json\/wp\/v2\/pages\/798\/revisions"}],"wp:attachment":[{"href":"https:\/\/www.hluxor.it\/de\/wp-json\/wp\/v2\/media?parent=798"}],"curies":[{"name":"wp","href":"https:\/\/api.w.org\/{rel}","templated":true}]}}