{"id":80,"date":"2017-03-01T16:11:59","date_gmt":"2017-03-01T15:11:59","guid":{"rendered":"https:\/\/www.hluxor.it\/grazie-per-averci-contattato\/"},"modified":"2020-02-27T14:14:26","modified_gmt":"2020-02-27T13:14:26","slug":"vielen-dank-fuer-ihre-kontaktaufnahme","status":"publish","type":"page","link":"https:\/\/www.hluxor.it\/de\/vielen-dank-fuer-ihre-kontaktaufnahme\/","title":{"rendered":"Vielen Dank f\u00fcr Ihre Kontaktaufnahme"},"content":{"rendered":"<p>Wir werden schnell Ihnen antworten.<\/p>\n<p><span class=\"tlid-translation translation\" lang=\"de\"><span class=\"\" title=\"\">Wenn Sie sich entschieden haben, unseren Newsletter zu abonnieren (was f\u00fcr eine sch\u00f6ne Idee :)), \u00fcberpr\u00fcfen Sie Ihren Posteingang.<\/span><br \/>\n<span class=\"\" title=\"\">In wenigen Minuten erhalten Sie eine E-Mail (zusammen mit einem ?), um Ihre Adresse zu best\u00e4tigen und damit Ihr Abonnement f\u00fcr die Mailingliste zu best\u00e4tigen<\/span><br \/>\n<span class=\"\" title=\"\">(Wenn Sie im Posteingang nichts sehen, \u00fcberpr\u00fcfen Sie auch in Spam: Manchmal kann es vorkommen, dass Sie dort die E-Mail finden).<\/span><\/span><\/p>\n","protected":false},"excerpt":{"rendered":"<p>Wir werden schnell Ihnen antworten. Wenn Sie sich entschieden haben, unseren Newsletter zu abonnieren (was f\u00fcr eine sch\u00f6ne Idee :)), \u00fcberpr\u00fcfen Sie Ihren Posteingang. In wenigen Minuten erhalten Sie eine E-Mail (zusammen mit einem ?), um Ihre Adresse zu best\u00e4tigen und damit Ihr Abonnement f\u00fcr die Mailingliste zu best\u00e4tigen (Wenn Sie im Posteingang nichts sehen, \u00fcberpr\u00fcfen Sie auch in Spam: Manchmal kann es vorkommen, dass Sie dort die E-Mail finden).<\/p>\n","protected":false},"author":1,"featured_media":0,"parent":0,"menu_order":137,"comment_status":"closed","ping_status":"closed","template":"","meta":{"_acf_changed":false},"class_list":["post-80","page","type-page","status-publish","hentry"],"acf":[],"_links":{"self":[{"href":"https:\/\/www.hluxor.it\/de\/wp-json\/wp\/v2\/pages\/80","targetHints":{"allow":["GET"]}}],"collection":[{"href":"https:\/\/www.hluxor.it\/de\/wp-json\/wp\/v2\/pages"}],"about":[{"href":"https:\/\/www.hluxor.it\/de\/wp-json\/wp\/v2\/types\/page"}],"author":[{"embeddable":true,"href":"https:\/\/www.hluxor.it\/de\/wp-json\/wp\/v2\/users\/1"}],"replies":[{"embeddable":true,"href":"https:\/\/www.hluxor.it\/de\/wp-json\/wp\/v2\/comments?post=80"}],"version-history":[{"count":0,"href":"https:\/\/www.hluxor.it\/de\/wp-json\/wp\/v2\/pages\/80\/revisions"}],"wp:attachment":[{"href":"https:\/\/www.hluxor.it\/de\/wp-json\/wp\/v2\/media?parent=80"}],"curies":[{"name":"wp","href":"https:\/\/api.w.org\/{rel}","templated":true}]}}