{"id":801,"date":"2018-05-09T19:00:18","date_gmt":"2018-05-09T17:00:18","guid":{"rendered":"https:\/\/www.hluxor.it\/parchi-divertimento\/"},"modified":"2020-01-23T11:56:43","modified_gmt":"2020-01-23T10:56:43","slug":"vergnuegungsparks","status":"publish","type":"page","link":"https:\/\/www.hluxor.it\/de\/vergnuegungsparks\/","title":{"rendered":"Vergn\u00fcgungsparks"},"content":{"rendered":"<p>Das Gebiet der Adriak\u00fcste ist besonders reich an Unterhaltungsm\u00f6glichkeiten, vor allem die Vergn\u00fcgungsparks sind zahlreich und phantasievoll: Themen- und Wasserparks, Parks f\u00fcr Schulen und Kinder.<\/p>\n<h3>Aquafan<\/h3>\n<p>Aquafan verdankt seinen Erfolg \u2013 auch wenn es sich um den ber\u00fchmtesten Wasserpark Europas handelt \u2013 nicht nur den Wasserrutschen: Ein Hauptgrund ist sicherlich die aktive Pr\u00e4senz von \u201eRadio Dee Jay\u201c, einer privaten Radiostation mit Rekord-Zuh\u00f6rerzahlen, die zu einem der wichtigsten Bezugspunkte f\u00fcr junge Leute geworden ist.<\/p>\n<h3>Mirabilandia<\/h3>\n<p>Mirabilandia ist ein gro\u00dfer Themenpark an der wundersch\u00f6nen Adriak\u00fcste; ein Schmuckst\u00fcck, das geniale Technologien mit der Menschlichkeit der besten Unterhaltungsk\u00fcnstler und digitalen Innovationen verbindet; sechs Themenbereiche mit insgesamt 37 phantastischen Attraktionen und Showeinlagen! Mirabilandia hat in der vergangenen Saison mit \u00fcber 1.600.000 Besuchern alle Rekorde gebrochen und damit den j\u00e4hrlichen gro\u00dfen Publikumserfolg ausgebaut und die Position als einer der wichtigsten Vergn\u00fcgungsparks in Europa best\u00e4tigt.<\/p>\n<h3>Italia in Miniatura<\/h3>\n<p>Eine unvergleichliche Erfahrung: Hier kann man italienische und europ\u00e4ische Kultursch\u00e4tze an 270 perfekten, ma\u00dfstabgetreuen Miniaturen von Monumenten und architektonischen Meisterwerken bewundern. Spass am Verstehen und Entdecken bei einem ungew\u00f6hnlichen Mix aus Attraktionen und Spielen: Das ist Italia in Miniatura!<\/p>\n<h3>Fiabilandia<\/h3>\n<p>Fiabilandia erstreckt sich \u00fcber 120.000 Quadratmeter mit verschiedenen Attraktionen f\u00fcr die Kleinen und \u201enicht ganz so Kleinen\u201c: Kapit\u00e4n Nemo mit seinen Wasserspielen, das Schlo\u00df vom Zauberer Merlin, der Traumsee, das Labyrinth von Fu Ming, die Bucht von Peter Pan und vieles Andere. Erleben Sie den Zauber und die Emotionen von M\u00e4rchen! Entdecken Sie das Abenteuer!<\/p>\n<h3>ANGEBOT PAKETE<\/h3>\n<p>Wir haben f\u00fcr alle Parks Pakete mit Sonderangeboten vorbereitet: <strong>Mirabilandia, Fiabilandia, Aquafan, Italia in Miniatura.<\/strong><\/p>\n","protected":false},"excerpt":{"rendered":"<p>Das Gebiet der Adriak\u00fcste ist besonders reich an Unterhaltungsm\u00f6glichkeiten, vor allem die Vergn\u00fcgungsparks sind zahlreich und phantasievoll: Themen- und Wasserparks, Parks f\u00fcr Schulen und Kinder. Aquafan Aquafan verdankt seinen Erfolg \u2013 auch wenn es sich um den ber\u00fchmtesten Wasserpark Europas handelt \u2013 nicht nur den Wasserrutschen: Ein Hauptgrund ist sicherlich die aktive Pr\u00e4senz von \u201eRadio Dee Jay\u201c, einer privaten Radiostation mit Rekord-Zuh\u00f6rerzahlen, die zu einem der wichtigsten Bezugspunkte f\u00fcr junge &#8230;<\/p>\n","protected":false},"author":1,"featured_media":0,"parent":0,"menu_order":0,"comment_status":"closed","ping_status":"closed","template":"","meta":{"_acf_changed":false},"class_list":["post-801","page","type-page","status-publish","hentry"],"acf":[],"_links":{"self":[{"href":"https:\/\/www.hluxor.it\/de\/wp-json\/wp\/v2\/pages\/801","targetHints":{"allow":["GET"]}}],"collection":[{"href":"https:\/\/www.hluxor.it\/de\/wp-json\/wp\/v2\/pages"}],"about":[{"href":"https:\/\/www.hluxor.it\/de\/wp-json\/wp\/v2\/types\/page"}],"author":[{"embeddable":true,"href":"https:\/\/www.hluxor.it\/de\/wp-json\/wp\/v2\/users\/1"}],"replies":[{"embeddable":true,"href":"https:\/\/www.hluxor.it\/de\/wp-json\/wp\/v2\/comments?post=801"}],"version-history":[{"count":0,"href":"https:\/\/www.hluxor.it\/de\/wp-json\/wp\/v2\/pages\/801\/revisions"}],"wp:attachment":[{"href":"https:\/\/www.hluxor.it\/de\/wp-json\/wp\/v2\/media?parent=801"}],"curies":[{"name":"wp","href":"https:\/\/api.w.org\/{rel}","templated":true}]}}