{"id":810,"date":"2018-06-20T12:33:30","date_gmt":"2018-06-20T10:33:30","guid":{"rendered":"https:\/\/www.hluxor.it\/spiaggia\/"},"modified":"2018-06-20T12:43:32","modified_gmt":"2018-06-20T10:43:32","slug":"strand","status":"publish","type":"page","link":"https:\/\/www.hluxor.it\/de\/strand\/","title":{"rendered":"STRAND"},"content":{"rendered":"<div class=\"span9 \">\n<div class=\"row-fluid\">\n<div class=\"tw-element span12 \">\n<h2>Endloser Strand, famili\u00e4r und lebendig!<\/h2>\n<p><strong>Das Meer ist Hauptdarsteller in Bellaria Igea Marina<\/strong><\/p>\n<p><strong>Bellaria Igea Marina<\/strong>\u00a0macht sich w\u00e4hrend des \u201cStrandbadbooms\u201d zu Beginn des vergangenen Jahrhunderts, als man auf der Halbinsel die therapeutischen Qualit\u00e4ten von Luft und Wasser in Igea Marina entdeckt, einen Namen.<\/p>\n<p>Der sichere und hervorragend ausgestattete\u00a0<strong>Strand von Bellaria Igea Marina<\/strong>\u00a0erstreckt sich \u00fcber 7 Km als weicher goldener Teppich aus hellem und feinen Sand. Ein Urlaub in diesem kleinen Seebad verl\u00e4uft weitab vom Chaos der Stadt, inmitten einer friedlichen und erholsamen Oase, wo Unterhaltung und Wohlbefinden regieren.<\/p>\n<h3>Das Meer steht f\u00fcr Freizeit, Gesundheit, Unterhaltung und Sport<\/h3>\n<p>Ein sauberes Meer mit sandigem Grund, geringer Tiefe und ohne Gefahren ist der ideale Rahmen, um die Annehmlichkeiten und den Spa\u00df am\u00a0<strong>Baden entspannt und sicher<\/strong>\u00a0zu genie\u00dfen. In der ganzen Welt sind die K\u00fcstenorte der Romagna f\u00fcr hervorragenden Service und Organisation der Strandb\u00e4der bekannt.<\/p>\n<p>Professionalit\u00e4t und Gastlichkeit der Mitarbeiter sowie moderne Ausstattungen garantieren f\u00fcr unbeschwerten und unterhaltsamen Urlaub und sind auch f\u00fcr\u00a0<strong>Familienurlaub mit Kindern,<\/strong>\u00a0junge und jung gebliebene Leute ideal. Nat\u00fcrlich gibt es auch freie Strandfl\u00e4chen, wo Sie sich einfach mit Ihrem Strandtuch in den warmen Sand legen k\u00f6nnen!<\/p>\n<p>Der Strand ist von jeher ein Ort zum Br\u00e4unen, f\u00fcr erfrischende B\u00e4der und neue Freundschaften!<\/p>\n<p>Die\u00a0<strong>Str\u00e4nde der Romagna<\/strong>\u00a0eignen sich hervorragend f\u00fcr\u00a0<strong>Kinder<\/strong>, die hier frei und sicher spielen k\u00f6nnen, und f\u00fcr alle, die sich gerne im Freien aufhalten und, weitab vom t\u00e4glichen Stress sonnenbaden oder ihren Lieblingssport betreiben wollen.<\/p>\n<p>F\u00fcr besonders unternehmungslustige Touristen gibt es\u00a0<strong>zwei Segelclubs<\/strong>\u00a0in der N\u00e4he des Zentrums von Igea Marina. Nur wenige Meter vom Strand befinden sich Tennispl\u00e4tze und Strecken f\u00fcr Rad- und Mountainbike-Touren.<\/p>\n<p><strong>Bellaria Igea Marina<\/strong>\u00a0bekam auch in diesem Jahr die\u00a0<strong>Blaue Flagge von FEE<\/strong>\u00a0(Foundation for Environmental Education), mit der die besten Str\u00e4nde in Italien und Europa ausgezeichnet werden. Erneut wurden der saubere Strand, das saubere Wasser und der hervorragende Service f\u00fcr die G\u00e4ste pr\u00e4miert.<\/p>\n<h3>Strandbad Lido 72<\/h3>\n<p>Das Strandbad Lido 72<strong>\u00a0gegen\u00fcber vom Hotel<\/strong>\u00a0bietet jede Menge M\u00f6glichkeiten f\u00fcr Jung und Alt mit neuen und tollen Aktivit\u00e4ten wie Fitness, Muskelbelebung, Wassergymnastik, Beachvolley, Beachsoccer, kostenlosen Tretbooten,\u00a0<strong>Miniclub mit Bereich f\u00fcr Kinder<\/strong>\u00a0jeden Alters, aufblasbaren Spiele und eingez\u00e4untem Spielplatz.<strong>\u00a0Animation<\/strong>\u00a0und Unterhaltung f\u00fcr die ganz Kleinen mit lustigen Snacks unter der Sonne, Wassermelonen, Nutellaparty und Zuckerwatte. Lotterien, Tanzunterricht und Tanzabende.<\/p>\n<p><strong>Bar am Strand<\/strong>\u00a0f\u00fcr Drinks, belegte Piadina oder ein Eis \u2013 auch abends ge\u00f6ffnet.<\/p>\n<p>Auf keinen Fall sollte man die\u00a0<strong>Panorama-Kreuzfahrten<\/strong>\u00a0mit dem Motorschiff\u00a0<b>Tayfun<\/b>\u00a0l\u00e4ngs der romagnolischen K\u00fcste vers\u00e4umen, um den Rausch eines ganzen Tages auf dem offenen Meer zu erleben und hervorragenden Adriafisch zu genie\u00dfen!<\/p>\n<p>Sie k\u00f6nnen ohne Zuschlag direkt vom Hotel aus buchen!<\/p>\n<\/div>\n<\/div>\n<\/div>\n","protected":false},"excerpt":{"rendered":"<p>Endloser Strand, famili\u00e4r und lebendig! Das Meer ist Hauptdarsteller in Bellaria Igea Marina Bellaria Igea Marina\u00a0macht sich w\u00e4hrend des \u201cStrandbadbooms\u201d zu Beginn des vergangenen Jahrhunderts, als man auf der Halbinsel die therapeutischen Qualit\u00e4ten von Luft und Wasser in Igea Marina entdeckt, einen Namen. Der sichere und hervorragend ausgestattete\u00a0Strand von Bellaria Igea Marina\u00a0erstreckt sich \u00fcber 7 Km als weicher goldener Teppich aus hellem und feinen Sand. Ein Urlaub in diesem kleinen &#8230;<\/p>\n","protected":false},"author":1,"featured_media":0,"parent":0,"menu_order":16,"comment_status":"closed","ping_status":"closed","template":"","meta":{"_acf_changed":false},"class_list":["post-810","page","type-page","status-publish","hentry"],"acf":[],"_links":{"self":[{"href":"https:\/\/www.hluxor.it\/de\/wp-json\/wp\/v2\/pages\/810","targetHints":{"allow":["GET"]}}],"collection":[{"href":"https:\/\/www.hluxor.it\/de\/wp-json\/wp\/v2\/pages"}],"about":[{"href":"https:\/\/www.hluxor.it\/de\/wp-json\/wp\/v2\/types\/page"}],"author":[{"embeddable":true,"href":"https:\/\/www.hluxor.it\/de\/wp-json\/wp\/v2\/users\/1"}],"replies":[{"embeddable":true,"href":"https:\/\/www.hluxor.it\/de\/wp-json\/wp\/v2\/comments?post=810"}],"version-history":[{"count":0,"href":"https:\/\/www.hluxor.it\/de\/wp-json\/wp\/v2\/pages\/810\/revisions"}],"wp:attachment":[{"href":"https:\/\/www.hluxor.it\/de\/wp-json\/wp\/v2\/media?parent=810"}],"curies":[{"name":"wp","href":"https:\/\/api.w.org\/{rel}","templated":true}]}}