{"id":813,"date":"2018-04-19T16:37:55","date_gmt":"2018-04-19T14:37:55","guid":{"rendered":"https:\/\/www.hluxor.it\/al-luxor-la-tua-vacanza-e-ancora-piu-sicura\/"},"modified":"2024-12-12T11:21:13","modified_gmt":"2024-12-12T10:21:13","slug":"sicheren-urlaub","status":"publish","type":"page","link":"https:\/\/www.hluxor.it\/de\/sicheren-urlaub\/","title":{"rendered":"IM LUXOR IST DEIN URLAUB NOCH SICHERER!"},"content":{"rendered":"<div class=\"span9 \">\n<div class=\"row-fluid\">\n<div class=\"tw-element span12 \">\n<p style=\"text-align: left\">Du surfst auf unserer Seite, hast das\u00a0<strong>Angebot Hotel Bellaria Igea Marina<\/strong>, das Du gesucht hast, gefunden, wuerdest gerne buchen,\u00a0 hast aber Angst, das Du bei\u00a0<strong>Absage Dein Geld verlierst<\/strong>?<\/p>\n<p style=\"text-align: left\">Ab heute bietet das\u00a0<strong>Hotel Luxor<\/strong>\u00a0eine grosse und vorteilhafte Neuigkeit an: die\u00a0<strong>Moeglichkeit, Deinen Urlaub<\/strong>\u00a0zu einem wirklich niedrigem Preis zu versichern:\u00a0<strong>schon ab nur \u20ac 10,00<\/strong>!<\/p>\n<p style=\"text-align: left\">Aktivieren Sie sofort<strong> &#8222;Booking Protection&#8220;<\/strong> von Allianz Global Assistance, der Versicherungspolice, die Ihren Urlaub in Bellaria Igea Marina sch\u00fctzt. Erstattung von Strafen f\u00fcr die Stornierung der Buchung oder der Anzahlung zur Best\u00e4tigung im Falle einer Stornierung des Urlaubs, die auch durch Epidemien oder Pandemien wie COVID-19, Unterbrechung des Aufenthalts oder versp\u00e4tete Ankunft in unserer Einrichtung verursacht wurde.<\/p>\n<p style=\"text-align: left\">Und ab heute k\u00f6nnen Sie mit <strong>&#8222;Booking Protection Plus&#8220;<\/strong>, der Sicherheit der Grundversicherung und mehr noch sicherer reisen: Unterst\u00fctzung auf Reisen und Zahlung von Krankheitskosten, Erstattung des anteiligen Aufenthalts, der bei Reiseunterbrechungen nicht in Anspruch genommen wird. Die Abdeckungen sind auch bei Epidemien oder Pandemien wie Sars-Covid-19 wirksam.<\/p>\n<p style=\"text-align: left\">Frage uns, wie Du sie sofort aktivieren kannst!<\/p>\n<p style=\"text-align: left\"><a class=\"btn btn-flat btn-large btn-default\" href=\"https:\/\/www.magroup-online.com\/WL\/BPG\/IT\/it?affiliateCode=8056261M&amp;agency=10000848B\" target=\"_blank\" rel=\"noopener noreferrer\">ICH MOECHTE SIE AKTIVIEREN: BITTE UM EINEN SOFORTIGEN KOSTENVORANSCHLAG<\/a><\/p>\n<hr \/>\n<h2 style=\"text-align: left\">Fragen und Antworten<\/h2>\n<div id=\"accordion0\" class=\"tw-accordion\" style=\"text-align: left\">\n<div class=\"accordion-group \">\n<div class=\"accordion-heading\">\n<h3 style=\"text-align: left\">WAS IST SIE?<\/h3>\n<p style=\"text-align: left\">\u201cBooking Protection\u201d von Allianz Assicurazioni <strong>ist die Versicherungspolice f\u00fcr Hotelaufenthalte<\/strong>, die zusammen mit der Online-Buchung erworben werden kann<\/p>\n<hr \/>\n<h3 style=\"text-align: left\">WIEVIEL KOSTET SIE?<\/h3>\n<p style=\"text-align: left\">Der Mindestpreis\u00a0<strong>betraegt nur \u20ac 10,00<\/strong>.<\/p>\n<hr \/>\n<h3 style=\"text-align: left\">WIEVIELE VERSCHIEDENE TYPOLOGIEN GIBT ES?<\/h3>\n<p style=\"text-align: left\"><strong>Die Reisenden konnen waehlen zwischen:<\/strong><\/p>\n<ul>\n<li style=\"text-align: left\"><strong>Booking Protection<\/strong> deckt die vertraglich abgestimmte Kaution im Falle von einer Absage des Aufenthalts aufgrund von: Krankheit, Unfall oder Tod des Versicherten oger eine Familienangehoerigen, Unmoeglichkeit, den Urlaubsort aufgrund eines Unfalls waehrend der Reise oder aufgrund meteorologischer Hindernisse zu erreichen; Unmoeglichkeit, den schon geplanten Urlaub zu nutzen;<\/li>\n<li style=\"text-align: left\"><strong>Booking Protection Plus<\/strong> (Ausser den Konditionen der \u201cBooking Protection\u201d) Richtlinie versicherten Versicherungsschutz auch Reiseunterst\u00fctzung, Deckung der medizinischen Kosten w\u00e4hrend der Reise und des Aufenthalts und garantiert: telefonische medizinische Beratung f\u00fcr Informationen und \/ oder medizinische Beratung; kostenlos f\u00fcr einen Arzt; Transport zu ausgestatteten Einrichtungen und medizinische R\u00fcckkehr zum Wohnsitz des Versicherten; Pflegehilfe am Wohnort des Versicherten und Erstattung des anteiligen Aufenthalts, der im Falle einer Reiseunterbrechung nicht in Anspruch genommen wird).<br \/>\n(Auch bei Epidemien oder Pandemien wie Sars-Covid-19)<\/li>\n<\/ul>\n<hr \/>\n<h3 style=\"text-align: left\">WIE AKTIVIERE ICH SIE?<\/h3>\n<p>Ueber den Link\u00a0<strong> <a class=\"btn btn-flat btn-large btn-default\" href=\"https:\/\/www.magroup-online.com\/WL\/BPG\/IT\/it?affiliateCode=8056261M&amp;agency=10000848B\" target=\"_blank\" rel=\"noopener noreferrer\">ICH MOECHTE SIE AKTIVIEREN<\/a> <\/strong>\u00a0wo Du das Anfrageformular findest.<\/p>\n<\/div>\n<\/div>\n<\/div>\n<\/div>\n<\/div>\n<\/div>\n","protected":false},"excerpt":{"rendered":"<p>Du surfst auf unserer Seite, hast das\u00a0Angebot Hotel Bellaria Igea Marina, das Du gesucht hast, gefunden, wuerdest gerne buchen,\u00a0 hast aber Angst, das Du bei\u00a0Absage Dein Geld verlierst? Ab heute bietet das\u00a0Hotel Luxor\u00a0eine grosse und vorteilhafte Neuigkeit an: die\u00a0Moeglichkeit, Deinen Urlaub\u00a0zu einem wirklich niedrigem Preis zu versichern:\u00a0schon ab nur \u20ac 10,00! Aktivieren Sie sofort &#8222;Booking Protection&#8220; von Allianz Global Assistance, der Versicherungspolice, die Ihren Urlaub in Bellaria Igea Marina sch\u00fctzt. &#8230;<\/p>\n","protected":false},"author":1,"featured_media":0,"parent":0,"menu_order":95,"comment_status":"closed","ping_status":"closed","template":"","meta":{"_acf_changed":false},"class_list":["post-813","page","type-page","status-publish","hentry"],"acf":[],"_links":{"self":[{"href":"https:\/\/www.hluxor.it\/de\/wp-json\/wp\/v2\/pages\/813","targetHints":{"allow":["GET"]}}],"collection":[{"href":"https:\/\/www.hluxor.it\/de\/wp-json\/wp\/v2\/pages"}],"about":[{"href":"https:\/\/www.hluxor.it\/de\/wp-json\/wp\/v2\/types\/page"}],"author":[{"embeddable":true,"href":"https:\/\/www.hluxor.it\/de\/wp-json\/wp\/v2\/users\/1"}],"replies":[{"embeddable":true,"href":"https:\/\/www.hluxor.it\/de\/wp-json\/wp\/v2\/comments?post=813"}],"version-history":[{"count":0,"href":"https:\/\/www.hluxor.it\/de\/wp-json\/wp\/v2\/pages\/813\/revisions"}],"wp:attachment":[{"href":"https:\/\/www.hluxor.it\/de\/wp-json\/wp\/v2\/media?parent=813"}],"curies":[{"name":"wp","href":"https:\/\/api.w.org\/{rel}","templated":true}]}}