{"id":756,"date":"2018-05-10T10:59:19","date_gmt":"2018-05-10T08:59:19","guid":{"rendered":"https:\/\/www.hluxor.it\/entroterra\/"},"modified":"2018-12-27T12:35:11","modified_gmt":"2018-12-27T11:35:11","slug":"entroterra","status":"publish","type":"page","link":"https:\/\/www.hluxor.it\/en\/entroterra\/","title":{"rendered":"Entroterra"},"content":{"rendered":"<h2 style=\"text-align: center;\">Arte, storia, cultura\u2026 e mangiar bene<\/h2>\n<p style=\"text-align: center;\">La <strong>Romagna<\/strong> \u00e8 un luogo perfetto per <strong>unire una vacanza \u201csole e mare\u201d con una vacanza culturale<\/strong> e a contatto con la natura. Terra di <strong>grande eco storico<\/strong>, riesce a conciliare il ritmo incalzante della costa, con la riflessione dei suoi paesaggi collinari, pronti ad accogliervi e a mostrarvi le loro meraviglie.<\/p>\n<hr \/>\n<h3 style=\"text-align: center;\">Rimini<\/h3>\n<div id='gallery-1' class='gallery galleryid-756 gallery-columns-4 gallery-size-thumbnail'><figure class='gallery-item'>\n\t\t\t<div class='gallery-icon landscape'>\n\t\t\t\t<a href='https:\/\/www.hluxor.it\/wp-content\/uploads\/2018\/08\/arco-d-augusto-rimini.jpg' data-size=\"1000x625\"><img loading=\"lazy\" decoding=\"async\" width=\"300\" height=\"300\" src=\"https:\/\/www.hluxor.it\/wp-content\/uploads\/2018\/08\/arco-d-augusto-rimini-300x300.jpg\" class=\"attachment-thumbnail size-thumbnail\" alt=\"\" \/><\/a>\n\t\t\t<\/div><\/figure><figure class='gallery-item'>\n\t\t\t<div class='gallery-icon landscape'>\n\t\t\t\t<a href='https:\/\/www.hluxor.it\/wp-content\/uploads\/2018\/08\/fontana-4-cavalli-rimini.jpg' data-size=\"1000x667\"><img loading=\"lazy\" decoding=\"async\" width=\"300\" height=\"300\" src=\"https:\/\/www.hluxor.it\/wp-content\/uploads\/2018\/08\/fontana-4-cavalli-rimini-300x300.jpg\" class=\"attachment-thumbnail size-thumbnail\" alt=\"\" \/><\/a>\n\t\t\t<\/div><\/figure><figure class='gallery-item'>\n\t\t\t<div class='gallery-icon landscape'>\n\t\t\t\t<a href='https:\/\/www.hluxor.it\/wp-content\/uploads\/2018\/08\/ponte-di-tiberio-1.jpg' data-size=\"1000x667\"><img loading=\"lazy\" decoding=\"async\" width=\"300\" height=\"300\" src=\"https:\/\/www.hluxor.it\/wp-content\/uploads\/2018\/08\/ponte-di-tiberio-1-300x300.jpg\" class=\"attachment-thumbnail size-thumbnail\" alt=\"\" \/><\/a>\n\t\t\t<\/div><\/figure>\n\t\t<\/div>\n\n<p style=\"text-align: center;\">Rimini, cuore pulsante della Riviera Adriatica, \u00e8 una citt\u00e0 dalle mille anime. C\u2019\u00e8 la Rimini antica che fonde il proprio patrimonio culturale sulle vestigia dell\u2019impero romano con monumenti di fascino imponente come il celebre ed imponente <strong>Arco d\u2019Augusto<\/strong> e l&#8217;affascinante <strong>Ponte di Tiberio<\/strong>.<br \/>\nC\u2019\u00e8 la Rimini felliniana del Borgo San Giuliano, che celebra il regista con una suggestiva arte muraria.<br \/>\nE infine c\u2019\u00e8 la Rimini glamour delle discoteche e della vita notturna che anima il<br \/>\nlungomare. Qual \u00e8 pi\u00f9 in linea con la tua vacanza?<\/p>\n<hr \/>\n<h3 style=\"text-align: center;\">Santarcangelo di Romagna<\/h3>\n<div id='gallery-2' class='gallery galleryid-756 gallery-columns-4 gallery-size-thumbnail'><figure class='gallery-item'>\n\t\t\t<div class='gallery-icon landscape'>\n\t\t\t\t<a href='https:\/\/www.hluxor.it\/wp-content\/uploads\/2018\/06\/Santarcangelo_103246154.jpg' data-size=\"1440x960\"><img loading=\"lazy\" decoding=\"async\" width=\"300\" height=\"300\" src=\"https:\/\/www.hluxor.it\/wp-content\/uploads\/2018\/06\/Santarcangelo_103246154-300x300.jpg\" class=\"attachment-thumbnail size-thumbnail\" alt=\"\" \/><\/a>\n\t\t\t<\/div><\/figure><figure class='gallery-item'>\n\t\t\t<div class='gallery-icon landscape'>\n\t\t\t\t<a href='https:\/\/www.hluxor.it\/wp-content\/uploads\/2018\/06\/Santarcangelo_450222379.jpg' data-size=\"1440x960\"><img loading=\"lazy\" decoding=\"async\" width=\"300\" height=\"300\" src=\"https:\/\/www.hluxor.it\/wp-content\/uploads\/2018\/06\/Santarcangelo_450222379-300x300.jpg\" class=\"attachment-thumbnail size-thumbnail\" alt=\"\" \/><\/a>\n\t\t\t<\/div><\/figure><figure class='gallery-item'>\n\t\t\t<div class='gallery-icon landscape'>\n\t\t\t\t<a href='https:\/\/www.hluxor.it\/wp-content\/uploads\/2018\/06\/Santarcangelo_515792044.jpg' data-size=\"1440x960\"><img loading=\"lazy\" decoding=\"async\" width=\"300\" height=\"300\" src=\"https:\/\/www.hluxor.it\/wp-content\/uploads\/2018\/06\/Santarcangelo_515792044-300x300.jpg\" class=\"attachment-thumbnail size-thumbnail\" alt=\"\" \/><\/a>\n\t\t\t<\/div><\/figure><figure class='gallery-item'>\n\t\t\t<div class='gallery-icon landscape'>\n\t\t\t\t<a href='https:\/\/www.hluxor.it\/wp-content\/uploads\/2018\/06\/Santarcangelo_1019541595.jpg' data-size=\"1440x960\"><img loading=\"lazy\" decoding=\"async\" width=\"300\" height=\"300\" src=\"https:\/\/www.hluxor.it\/wp-content\/uploads\/2018\/06\/Santarcangelo_1019541595-300x300.jpg\" class=\"attachment-thumbnail size-thumbnail\" alt=\"\" \/><\/a>\n\t\t\t<\/div><\/figure>\n\t\t<\/div>\n\n<p style=\"text-align: center;\">Santarcangelo \u00e8 un paese speciale. Sar\u00e0 forse per la sua doppia anima popolare e nobile. Sar\u00e0 forse per le sue tradizioni ancora vive, i <strong>monumenti<\/strong>, le misteriose grotte, gli straordinari artigiani, le sue <strong>fiere<\/strong>, le tentazioni di un\u2019ottima cucina e la sua gente che racconta storie seduta all\u2019ombra dei vicoli antichi. Santarcangelo offre una atmosfera diversa da ogni altro luogo.<\/p>\n<hr \/>\n<h3 style=\"text-align: center;\">Ravenna<\/h3>\n<div id='gallery-3' class='gallery galleryid-756 gallery-columns-4 gallery-size-thumbnail'><figure class='gallery-item'>\n\t\t\t<div class='gallery-icon landscape'>\n\t\t\t\t<a href='https:\/\/www.hluxor.it\/wp-content\/uploads\/2018\/06\/Ravenna_221848951.jpg' data-size=\"1440x960\"><img loading=\"lazy\" decoding=\"async\" width=\"300\" height=\"300\" src=\"https:\/\/www.hluxor.it\/wp-content\/uploads\/2018\/06\/Ravenna_221848951-300x300.jpg\" class=\"attachment-thumbnail size-thumbnail\" alt=\"\" \/><\/a>\n\t\t\t<\/div><\/figure><figure class='gallery-item'>\n\t\t\t<div class='gallery-icon landscape'>\n\t\t\t\t<a href='https:\/\/www.hluxor.it\/wp-content\/uploads\/2018\/06\/Ravenna_443231143.jpg' data-size=\"1440x960\"><img loading=\"lazy\" decoding=\"async\" width=\"300\" height=\"300\" src=\"https:\/\/www.hluxor.it\/wp-content\/uploads\/2018\/06\/Ravenna_443231143-300x300.jpg\" class=\"attachment-thumbnail size-thumbnail\" alt=\"\" \/><\/a>\n\t\t\t<\/div><\/figure><figure class='gallery-item'>\n\t\t\t<div class='gallery-icon landscape'>\n\t\t\t\t<a href='https:\/\/www.hluxor.it\/wp-content\/uploads\/2018\/06\/Ravenna_514079608.jpg' data-size=\"1440x960\"><img loading=\"lazy\" decoding=\"async\" width=\"300\" height=\"300\" src=\"https:\/\/www.hluxor.it\/wp-content\/uploads\/2018\/06\/Ravenna_514079608-300x300.jpg\" class=\"attachment-thumbnail size-thumbnail\" alt=\"\" \/><\/a>\n\t\t\t<\/div><\/figure><figure class='gallery-item'>\n\t\t\t<div class='gallery-icon landscape'>\n\t\t\t\t<a href='https:\/\/www.hluxor.it\/wp-content\/uploads\/2018\/06\/Ravenna_586065557.jpg' data-size=\"1440x960\"><img loading=\"lazy\" decoding=\"async\" width=\"300\" height=\"300\" src=\"https:\/\/www.hluxor.it\/wp-content\/uploads\/2018\/06\/Ravenna_586065557-300x300.jpg\" class=\"attachment-thumbnail size-thumbnail\" alt=\"\" \/><\/a>\n\t\t\t<\/div><\/figure><figure class='gallery-item'>\n\t\t\t<div class='gallery-icon landscape'>\n\t\t\t\t<a href='https:\/\/www.hluxor.it\/wp-content\/uploads\/2018\/06\/Ravenna_1034459830.jpg' data-size=\"1440x960\"><img loading=\"lazy\" decoding=\"async\" width=\"300\" height=\"300\" src=\"https:\/\/www.hluxor.it\/wp-content\/uploads\/2018\/06\/Ravenna_1034459830-300x300.jpg\" class=\"attachment-thumbnail size-thumbnail\" alt=\"\" \/><\/a>\n\t\t\t<\/div><\/figure>\n\t\t<\/div>\n\n<p style=\"text-align: center;\">Conserva in splendidi monumenti la testimonianza del suo ruolo di grande polo politico,commerciale e artistico nel susseguirsi di civilt\u00e0 diverse. Imperdibili i tantissimi colorati <strong>mosaici<\/strong>, sparsi per la citt\u00e0.<br \/>\nIn particolare, il periodo<strong> Imperiale Romano<\/strong> e la luminosa stagione in cui Ravenna divenne centro dell\u2019Impero d\u2019Oriente, hanno lasciato nella citt\u00e0 uno straordinario complesso di basiliche, battisteri, mausolei.<\/p>\n<hr \/>\n<h3 style=\"text-align: center;\">Repubblica di San Marino<\/h3>\n<div id='gallery-4' class='gallery galleryid-756 gallery-columns-4 gallery-size-thumbnail'><figure class='gallery-item'>\n\t\t\t<div class='gallery-icon landscape'>\n\t\t\t\t<a href='https:\/\/www.hluxor.it\/wp-content\/uploads\/2018\/06\/San-Marino_61547023.jpg' data-size=\"1440x960\"><img loading=\"lazy\" decoding=\"async\" width=\"300\" height=\"300\" src=\"https:\/\/www.hluxor.it\/wp-content\/uploads\/2018\/06\/San-Marino_61547023-300x300.jpg\" class=\"attachment-thumbnail size-thumbnail\" alt=\"\" \/><\/a>\n\t\t\t<\/div><\/figure><figure class='gallery-item'>\n\t\t\t<div class='gallery-icon landscape'>\n\t\t\t\t<a href='https:\/\/www.hluxor.it\/wp-content\/uploads\/2018\/06\/San-Marino_135459155.jpg' data-size=\"1440x960\"><img loading=\"lazy\" decoding=\"async\" width=\"300\" height=\"300\" src=\"https:\/\/www.hluxor.it\/wp-content\/uploads\/2018\/06\/San-Marino_135459155-300x300.jpg\" class=\"attachment-thumbnail size-thumbnail\" alt=\"\" \/><\/a>\n\t\t\t<\/div><\/figure><figure class='gallery-item'>\n\t\t\t<div class='gallery-icon landscape'>\n\t\t\t\t<a href='https:\/\/www.hluxor.it\/wp-content\/uploads\/2018\/06\/San-Marino_250547944.jpg' data-size=\"1440x960\"><img loading=\"lazy\" decoding=\"async\" width=\"300\" height=\"300\" src=\"https:\/\/www.hluxor.it\/wp-content\/uploads\/2018\/06\/San-Marino_250547944-300x300.jpg\" class=\"attachment-thumbnail size-thumbnail\" alt=\"\" \/><\/a>\n\t\t\t<\/div><\/figure><figure class='gallery-item'>\n\t\t\t<div class='gallery-icon landscape'>\n\t\t\t\t<a href='https:\/\/www.hluxor.it\/wp-content\/uploads\/2018\/06\/San-Marino_523517557.jpg' data-size=\"1440x960\"><img loading=\"lazy\" decoding=\"async\" width=\"300\" height=\"300\" src=\"https:\/\/www.hluxor.it\/wp-content\/uploads\/2018\/06\/San-Marino_523517557-300x300.jpg\" class=\"attachment-thumbnail size-thumbnail\" alt=\"\" \/><\/a>\n\t\t\t<\/div><\/figure>\n\t\t<\/div>\n\n<p style=\"text-align: center;\">La Repubblica di San Marino \u00e8 situata tra la Romagna e le Marche, a pochi chilometri dalla Riviera Adriatica, occupa una superficie di soli 61 kmq, dominati dalla sagoma del <strong>Monte Titano<\/strong>, sulla cui cima spiccano le tre torri risalenti al periodo medievale, antichi baluardi difensivi, da cui si pu\u00f2 ammirare uno dei paesaggi pi\u00f9 suggestivi della zona.<\/p>\n<hr \/>\n<h3 style=\"text-align: center;\">San Leo<\/h3>\n<div id='gallery-5' class='gallery galleryid-756 gallery-columns-4 gallery-size-thumbnail'><figure class='gallery-item'>\n\t\t\t<div class='gallery-icon landscape'>\n\t\t\t\t<a href='https:\/\/www.hluxor.it\/wp-content\/uploads\/2018\/06\/San-Leo_66620224.jpg' data-size=\"1440x960\"><img loading=\"lazy\" decoding=\"async\" width=\"300\" height=\"300\" src=\"https:\/\/www.hluxor.it\/wp-content\/uploads\/2018\/06\/San-Leo_66620224-300x300.jpg\" class=\"attachment-thumbnail size-thumbnail\" alt=\"\" \/><\/a>\n\t\t\t<\/div><\/figure><figure class='gallery-item'>\n\t\t\t<div class='gallery-icon landscape'>\n\t\t\t\t<a href='https:\/\/www.hluxor.it\/wp-content\/uploads\/2018\/06\/San-Leo_85330447-1.jpg' data-size=\"1440x960\"><img loading=\"lazy\" decoding=\"async\" width=\"300\" height=\"300\" src=\"https:\/\/www.hluxor.it\/wp-content\/uploads\/2018\/06\/San-Leo_85330447-1-300x300.jpg\" class=\"attachment-thumbnail size-thumbnail\" alt=\"\" \/><\/a>\n\t\t\t<\/div><\/figure><figure class='gallery-item'>\n\t\t\t<div class='gallery-icon landscape'>\n\t\t\t\t<a href='https:\/\/www.hluxor.it\/wp-content\/uploads\/2018\/06\/San-Leo_94517386.jpg' data-size=\"1440x960\"><img loading=\"lazy\" decoding=\"async\" width=\"300\" height=\"300\" src=\"https:\/\/www.hluxor.it\/wp-content\/uploads\/2018\/06\/San-Leo_94517386-300x300.jpg\" class=\"attachment-thumbnail size-thumbnail\" alt=\"\" \/><\/a>\n\t\t\t<\/div><\/figure><figure class='gallery-item'>\n\t\t\t<div class='gallery-icon landscape'>\n\t\t\t\t<a href='https:\/\/www.hluxor.it\/wp-content\/uploads\/2018\/06\/San-Leo_111258737.jpg' data-size=\"1440x960\"><img loading=\"lazy\" decoding=\"async\" width=\"300\" height=\"300\" src=\"https:\/\/www.hluxor.it\/wp-content\/uploads\/2018\/06\/San-Leo_111258737-300x300.jpg\" class=\"attachment-thumbnail size-thumbnail\" alt=\"\" \/><\/a>\n\t\t\t<\/div><\/figure>\n\t\t<\/div>\n\n<p style=\"text-align: center;\">Nella media Valle del Marecchia, al centro della Regione storica del Montefeltro, su un masso imponente di forma romboidale con pareti strapiombanti al suolo, sorge San Leo.<br \/>\nLa placca rocciosa, di formazione calcareo-arenacea, \u00e8 il risultato della tormentata genesi che ha portato alla formazione del paesaggio della <strong>Val Marecchia<\/strong>, nota ai geologi come Coltre o Colata della Val Marecchia.<\/p>\n","protected":false},"excerpt":{"rendered":"<p>Arte, storia, cultura\u2026 e mangiar bene La Romagna \u00e8 un luogo perfetto per unire una vacanza \u201csole e mare\u201d con una vacanza culturale e a contatto con la natura. Terra di grande eco storico, riesce a conciliare il ritmo incalzante della costa, con la riflessione dei suoi paesaggi collinari, pronti ad accogliervi e a mostrarvi le loro meraviglie. Rimini Rimini, cuore pulsante della Riviera Adriatica, \u00e8 una citt\u00e0 dalle mille &#8230;<\/p>\n","protected":false},"author":1,"featured_media":0,"parent":0,"menu_order":0,"comment_status":"closed","ping_status":"closed","template":"","meta":{"_acf_changed":false},"class_list":["post-756","page","type-page","status-publish","hentry"],"acf":[],"_links":{"self":[{"href":"https:\/\/www.hluxor.it\/en\/wp-json\/wp\/v2\/pages\/756","targetHints":{"allow":["GET"]}}],"collection":[{"href":"https:\/\/www.hluxor.it\/en\/wp-json\/wp\/v2\/pages"}],"about":[{"href":"https:\/\/www.hluxor.it\/en\/wp-json\/wp\/v2\/types\/page"}],"author":[{"embeddable":true,"href":"https:\/\/www.hluxor.it\/en\/wp-json\/wp\/v2\/users\/1"}],"replies":[{"embeddable":true,"href":"https:\/\/www.hluxor.it\/en\/wp-json\/wp\/v2\/comments?post=756"}],"version-history":[{"count":0,"href":"https:\/\/www.hluxor.it\/en\/wp-json\/wp\/v2\/pages\/756\/revisions"}],"wp:attachment":[{"href":"https:\/\/www.hluxor.it\/en\/wp-json\/wp\/v2\/media?parent=756"}],"curies":[{"name":"wp","href":"https:\/\/api.w.org\/{rel}","templated":true}]}}