{"id":173,"date":"2018-03-07T16:08:47","date_gmt":"2018-03-07T15:08:47","guid":{"rendered":"https:\/\/www.hluxor.it\/grazie-per-esserti-iscritto-alla-newsletter\/"},"modified":"2023-09-28T10:32:02","modified_gmt":"2023-09-28T08:32:02","slug":"merci-pour-votre-inscription-a-notre-newsletter","status":"publish","type":"page","link":"https:\/\/www.hluxor.it\/fr\/merci-pour-votre-inscription-a-notre-newsletter\/","title":{"rendered":"C\u2019est bon\u270c\ufe0f On y est presque\u2026"},"content":{"rendered":"<h3 style=\"text-align: center;\">Il ne manque plus qu\u2019un dernier petit passage.<\/h3>\n<p style=\"text-align: center;\"><strong>Nous sommes en train de vous envoyer un mail de confirmation de l\u2019inscription \u00e0 la mailing list. Suivez ces passages :<\/strong><\/p>\n<hr \/>\n<p><strong><span style=\"font-size: 14pt;\">1.<\/span><\/strong>Ouvrez votre bo\u00eete de poste \u00e9lectronique. Dans votre <strong>bo\u00eete de r\u00e9ception<\/strong>, vous allez trouver notre mail: <strong>cliquez sur le lien pour confirmer votre adresse.<br \/>\n<\/strong><strong><span style=\"font-size: 14pt;\">2.<\/span><\/strong>Si vous ne voyez pas notre mail, v\u00e9rifiez le dossier \u201c<strong>promotions<\/strong>\u201d (<em>et, pour \u00eatre plus s\u00fbr, contr\u00f4lez \u00e9galement toujours votre bo\u00eete \u201cspam\u201d<\/em>).\u00a0 Vous l\u2019avez trouv\u00e9 ?<br \/>\n<strong><span style=\"font-size: 14pt;\">3.<\/span>Si vous l\u2019avez trouv\u00e9 dans un autre dossier, d\u00e9placez notre message dans votre bo\u00eete de r\u00e9ception.<br \/>\n<\/strong><strong><span style=\"font-size: 14pt;\">4.<\/span><\/strong>N\u2019oubliez pas de <strong>sauvegarder notre adresse mail dans vos contacts.<br \/>\n<\/strong><strong><span style=\"font-size: 14pt;\">5<\/span><\/strong>.Si vous le voulez, vous pouvez d\u00e9j\u00e0 nous r\u00e9pondre par un \u201c<strong>Ciao<\/strong>\u201d (<em>comme \u00e7a, nous commen\u00e7ons \u00e0 faire connaissance!<\/em>)<\/p>\n","protected":false},"excerpt":{"rendered":"<p>Il ne manque plus qu\u2019un dernier petit passage. Nous sommes en train de vous envoyer un mail de confirmation de l\u2019inscription \u00e0 la mailing list. Suivez ces passages : 1.Ouvrez votre bo\u00eete de poste \u00e9lectronique. Dans votre bo\u00eete de r\u00e9ception, vous allez trouver notre mail: cliquez sur le lien pour confirmer votre adresse. 2.Si vous ne voyez pas notre mail, v\u00e9rifiez le dossier \u201cpromotions\u201d (et, pour \u00eatre plus s\u00fbr, contr\u00f4lez &#8230;<\/p>\n","protected":false},"author":1,"featured_media":0,"parent":0,"menu_order":111,"comment_status":"closed","ping_status":"closed","template":"","meta":{"_acf_changed":false},"class_list":["post-173","page","type-page","status-publish","hentry"],"acf":[],"_links":{"self":[{"href":"https:\/\/www.hluxor.it\/fr\/wp-json\/wp\/v2\/pages\/173","targetHints":{"allow":["GET"]}}],"collection":[{"href":"https:\/\/www.hluxor.it\/fr\/wp-json\/wp\/v2\/pages"}],"about":[{"href":"https:\/\/www.hluxor.it\/fr\/wp-json\/wp\/v2\/types\/page"}],"author":[{"embeddable":true,"href":"https:\/\/www.hluxor.it\/fr\/wp-json\/wp\/v2\/users\/1"}],"replies":[{"embeddable":true,"href":"https:\/\/www.hluxor.it\/fr\/wp-json\/wp\/v2\/comments?post=173"}],"version-history":[{"count":0,"href":"https:\/\/www.hluxor.it\/fr\/wp-json\/wp\/v2\/pages\/173\/revisions"}],"wp:attachment":[{"href":"https:\/\/www.hluxor.it\/fr\/wp-json\/wp\/v2\/media?parent=173"}],"curies":[{"name":"wp","href":"https:\/\/api.w.org\/{rel}","templated":true}]}}