{"id":2092,"date":"2018-08-22T16:42:32","date_gmt":"2018-08-22T14:42:32","guid":{"rendered":"https:\/\/www.hluxor.it\/informativa-dati-commerciali\/"},"modified":"2018-09-03T08:41:56","modified_gmt":"2018-09-03T06:41:56","slug":"specification-objectifs-de-commercialisation","status":"publish","type":"page","link":"https:\/\/www.hluxor.it\/fr\/specification-objectifs-de-commercialisation\/","title":{"rendered":"Sp\u00e9cification concernant les donn\u00e9es collect\u00e9es dans des objectifs de commercialisation"},"content":{"rendered":"<h2 style=\"text-align: left;\">Finalit\u00e9s du traitement, base juridique et nature obligatoire ou facultative du traitement, p\u00e9riode de conservation des donn\u00e9es<\/h2>\n<p style=\"text-align: left;\"><strong>Le traitement effectu\u00e9, si n\u00e9cessaire sur consentement sp\u00e9cifique, pr\u00e9sente les finalit\u00e9s suivantes :<\/strong><\/p>\n<p><strong>a)<\/strong> R\u00e9pondre \u00e0 des demandes d\u2019informations, de r\u00e9servations et\/ou permettre la fourniture des services demand\u00e9s. La base juridique du traitement pour ces m\u00eames finalit\u00e9s est l\u2019art. 6(1)(b) du GDPR (ex\u00e9cution d\u2019un contrat), les traitements \u00e9tant n\u00e9cessaires pour pouvoir satisfaire des demandes de la part de la personne concern\u00e9e ou fournir des services. La fourniture des donn\u00e9es personnelles pour ces finalit\u00e9s est facultative mais l\u2019\u00e9ventuelle non-fourniture comporterait l\u2019impossibilit\u00e9 de recevoir des r\u00e9ponses aux demandes et d\u2019activer les services fournis par le site. Les donn\u00e9es personnelles trait\u00e9es pour ces finalit\u00e9s seront conserv\u00e9es pour la p\u00e9riode strictement n\u00e9cessaire \u00e0 l\u2019accomplissement de ces m\u00eames finalit\u00e9s.<\/p>\n<p><strong>b)<\/strong> Accomplir d\u2019\u00e9ventuelles obligations l\u00e9gales, comptables et fiscales. La base juridique du traitement pour cette finalit\u00e9 est l\u2019art. 6(1)(c) du GDPR (accomplissement d\u2019une obligation l\u00e9gale). La fourniture des donn\u00e9es personnelles pour cette finalit\u00e9 est facultative. Une fois les donn\u00e9es personnelles fournies, le traitement est n\u00e9cessaire pour l\u2019accomplissement d\u2019une obligation l\u00e9gale \u00e0 laquelle le titulaire est soumis. Les donn\u00e9es personnelles trait\u00e9es pour cette finalit\u00e9 seront conserv\u00e9es pour la p\u00e9riode pr\u00e9vue par l\u2019obligation ou la norme l\u00e9gale sp\u00e9cifique applicable.<\/p>\n<p><strong>c)<\/strong> Effectuer des activit\u00e9s de commercialisation. Les donn\u00e9es fournies pourront \u00eatre trait\u00e9es, sur consentement explicite et sp\u00e9cifique, pour l\u2019envoi de communications promotionnelles et de commercialisation, y compris l\u2019envoi de newsletters, par le biais d\u2019outils automatis\u00e9s et non automatis\u00e9s. La base juridique du traitement pour cette finalit\u00e9 est l\u2019art. 6(1)(a) du GDPR (consentement de l\u2019utilisateur). La fourniture des donn\u00e9es pour les activit\u00e9s de direct marketing est facultative et cons\u00e9cutive \u00e0 un choix libre ; la non-fourniture du consentement pour cette finalit\u00e9 ne compromet pas la jouissance des autres services. Les donn\u00e9es personnelles trait\u00e9es pour cette finalit\u00e9 seront conserv\u00e9es jusqu\u2019\u00e0 la r\u00e9vocation du consentement de la part de la personne concern\u00e9e, ou, en l\u2019absence de cette m\u00eame r\u00e9vocation, pour une p\u00e9riode maximale de 10 ans.<\/p>\n","protected":false},"excerpt":{"rendered":"<p>Finalit\u00e9s du traitement, base juridique et nature obligatoire ou facultative du traitement, p\u00e9riode de conservation des donn\u00e9es Le traitement effectu\u00e9, si n\u00e9cessaire sur consentement sp\u00e9cifique, pr\u00e9sente les finalit\u00e9s suivantes : a) R\u00e9pondre \u00e0 des demandes d\u2019informations, de r\u00e9servations et\/ou permettre la fourniture des services demand\u00e9s. La base juridique du traitement pour ces m\u00eames finalit\u00e9s est l\u2019art. 6(1)(b) du GDPR (ex\u00e9cution d\u2019un contrat), les traitements \u00e9tant n\u00e9cessaires pour pouvoir satisfaire des &#8230;<\/p>\n","protected":false},"author":1,"featured_media":0,"parent":0,"menu_order":0,"comment_status":"closed","ping_status":"closed","template":"","meta":{"_acf_changed":false},"class_list":["post-2092","page","type-page","status-publish","hentry"],"acf":[],"_links":{"self":[{"href":"https:\/\/www.hluxor.it\/fr\/wp-json\/wp\/v2\/pages\/2092","targetHints":{"allow":["GET"]}}],"collection":[{"href":"https:\/\/www.hluxor.it\/fr\/wp-json\/wp\/v2\/pages"}],"about":[{"href":"https:\/\/www.hluxor.it\/fr\/wp-json\/wp\/v2\/types\/page"}],"author":[{"embeddable":true,"href":"https:\/\/www.hluxor.it\/fr\/wp-json\/wp\/v2\/users\/1"}],"replies":[{"embeddable":true,"href":"https:\/\/www.hluxor.it\/fr\/wp-json\/wp\/v2\/comments?post=2092"}],"version-history":[{"count":0,"href":"https:\/\/www.hluxor.it\/fr\/wp-json\/wp\/v2\/pages\/2092\/revisions"}],"wp:attachment":[{"href":"https:\/\/www.hluxor.it\/fr\/wp-json\/wp\/v2\/media?parent=2092"}],"curies":[{"name":"wp","href":"https:\/\/api.w.org\/{rel}","templated":true}]}}