{"id":251,"date":"2018-05-03T10:53:28","date_gmt":"2018-05-03T08:53:28","guid":{"rendered":"https:\/\/www.hluxor.it\/la-tua-iscrizione-email-e-quasi-completata\/"},"modified":"2018-07-19T15:19:29","modified_gmt":"2018-07-19T13:19:29","slug":"votre-abonnement-par-e-mail-est-presque-complet","status":"publish","type":"page","link":"https:\/\/www.hluxor.it\/fr\/votre-abonnement-par-e-mail-est-presque-complet\/","title":{"rendered":"Votre abonnement par e-mail est presque complet&#8230;"},"content":{"rendered":"<div id=\"content\"><span id=\"result_box\" class=\"\" lang=\"fr\"><span class=\"\">Une mail a \u00e9t\u00e9 envoy\u00e9 \u00e0 l&rsquo;adresse e-mail que vous avez entr\u00e9e.<\/span><\/span><\/div>\n<div><span id=\"result_box\" class=\"\" lang=\"fr\"><span class=\"\">Dans cette mail, il y a un lien de confirmation.<\/span> Veuillez cliquer sur le lien pour confirmer votre inscription.<\/span><\/div>\n<div><\/div>\n<div><span id=\"result_box\" class=\"\" lang=\"fr\">Une fois que vous avez confirm\u00e9, cette inscription sera compl\u00e8te.<\/span><\/div>\n","protected":false},"excerpt":{"rendered":"<p>Une mail a \u00e9t\u00e9 envoy\u00e9 \u00e0 l&rsquo;adresse e-mail que vous avez entr\u00e9e. Dans cette mail, il y a un lien de confirmation. Veuillez cliquer sur le lien pour confirmer votre inscription. Une fois que vous avez confirm\u00e9, cette inscription sera compl\u00e8te.<\/p>\n","protected":false},"author":1,"featured_media":0,"parent":0,"menu_order":82,"comment_status":"closed","ping_status":"closed","template":"","meta":{"_acf_changed":false},"class_list":["post-251","page","type-page","status-publish","hentry"],"acf":[],"_links":{"self":[{"href":"https:\/\/www.hluxor.it\/fr\/wp-json\/wp\/v2\/pages\/251","targetHints":{"allow":["GET"]}}],"collection":[{"href":"https:\/\/www.hluxor.it\/fr\/wp-json\/wp\/v2\/pages"}],"about":[{"href":"https:\/\/www.hluxor.it\/fr\/wp-json\/wp\/v2\/types\/page"}],"author":[{"embeddable":true,"href":"https:\/\/www.hluxor.it\/fr\/wp-json\/wp\/v2\/users\/1"}],"replies":[{"embeddable":true,"href":"https:\/\/www.hluxor.it\/fr\/wp-json\/wp\/v2\/comments?post=251"}],"version-history":[{"count":0,"href":"https:\/\/www.hluxor.it\/fr\/wp-json\/wp\/v2\/pages\/251\/revisions"}],"wp:attachment":[{"href":"https:\/\/www.hluxor.it\/fr\/wp-json\/wp\/v2\/media?parent=251"}],"curies":[{"name":"wp","href":"https:\/\/api.w.org\/{rel}","templated":true}]}}