{"id":3216,"date":"2019-04-26T17:42:41","date_gmt":"2019-04-26T15:42:41","guid":{"rendered":"https:\/\/www.hluxor.it\/trekking-hotel\/"},"modified":"2020-01-30T10:16:21","modified_gmt":"2020-01-30T09:16:21","slug":"trekking-hotel","status":"publish","type":"page","link":"https:\/\/www.hluxor.it\/fr\/trekking-hotel\/","title":{"rendered":"Le trekking, quelle passion !"},"content":{"rendered":"<h2 style=\"text-align: left;\"><strong>LES GUIDES NATURALISTES EXCURSIONNISTES<\/strong><\/h2>\n<p style=\"text-align: left;\">Ils sont qualifi\u00e9s pour exercer l\u2019activit\u00e9 professionnelle consistant \u00e0 illustrer \u201c<em>\u00e0 des personnes seules et en groupes les aspects environnementaux et naturalistes du territoire, en les guidant dans la visite de sites vari\u00e9s de montagne, de colline, de plaine et aquatiques, voire d\u2019espaces anthropis\u00e9s, y compris les parcs et les aires prot\u00e9g\u00e9es, ainsi que les milieux ou les structures d\u2019exposition de caract\u00e8re naturaliste et \u00e9cologique<\/em> \u201d. Ils ont obtenu leur qualification professionnelle \u00e0 l\u2019issue de cours de formation couronn\u00e9s par des examens finaux, conform\u00e9ment \u00e0 la loi r\u00e9gionale 4\/2000. Ils agissent aux termes de la loi 4\/2013 et sont inscrits dans le Registre italien des Guides naturalistes excursionnistes tenu par l\u2019AIGAE, seule association de cat\u00e9gorie reconnue par le Minist\u00e8re du D\u00e9veloppement \u00e9conomique.<\/p>\n<hr \/>\n<div style=\"clear: both;\">\n<h3 style=\"text-align: left;\"><img loading=\"lazy\" decoding=\"async\" class=\"wp-image-2542 size-full alignleft\" src=\"https:\/\/www.hluxor.it\/wp-content\/uploads\/2019\/04\/Alessia-Ghirardi.jpg\" alt=\"\" width=\"450\" height=\"338\" data-big-size=\"1000x700\" \/><\/h3>\n<h2 style=\"text-align: left;\"><strong>Alessia Ghirardi\u00a0<span style=\"font-size: 14pt;\"><em>(Guide naturaliste excursionniste)<\/em><\/span><\/strong><\/h2>\n<p>&nbsp;<\/p>\n<p style=\"font-weight: 400; text-align: left;\">N\u00e9e \u00e0 Rimini, dans le <strong>merveilleux territoire de la Romagne<\/strong>, je pars vivre toute jeune avec ma famille dans la maison de mes grands-parents, sur les collines de l\u2019arri\u00e8re-pays de Rimini. Le contact quotidien avec mon grand-p\u00e8re, qui \u00e9tait paysan, me permet d\u2019\u00eatre tr\u00e8s proche de tout ce qui est nature et naturel. Avec le chien que je poss\u00e9dais alors, je commence en solitaire mes premi\u00e8res randonn\u00e9es, profitant des apr\u00e8s-midis pour lib\u00e9rer l\u2019esprit de la confusion quotidienne et sans avoir conscience de la signification que ces sorties avaient pour moi. Mes parents me transmettent la passion et la beaut\u00e9 du voyage. Gr\u00e2ce \u00e0 eux, j\u2019apprends et appr\u00e9cie le merveilleux de ce qui est diff\u00e9rent, la capacit\u00e9 d\u2019adaptation \u00e0 ce qui est nouveau et l\u2019ouverture \u00e0 tout ce qui arrive.<\/p>\n<p style=\"font-weight: 400; text-align: left;\"><strong>Je d\u00e9cide de ne pas accepter un travail annuel pour avoir le temps de voyager<\/strong>. Toutes mes destinations se situent de l\u2019autre c\u00f4t\u00e9 de l\u2019oc\u00e9an Atlantique et mes voyages durent de 3 \u00e0 4 mois, voyages pendant lesquels, inconsciemment, je me d\u00e9place essentiellement \u00e0 pied, avec un sac \u00e0 dos. A l\u2019\u00e2ge adulte, je me rends compte que mes pieds ne pourront jamais plus s\u2019arr\u00eater et, en 2006, j\u2019obtiens le permis de Guide naturaliste excursionniste.<br \/>\nD\u00e9sormais, le chemin est pour moi une ressource de l\u2019existence, qui d\u00e9lie les n\u0153uds, ouvre les c\u0153urs et l\u2019esprit, abat les barri\u00e8res et amorce de nouvelles modalit\u00e9s de relation et de communication.<\/p>\n<p style=\"font-weight: 400; text-align: left;\"><strong>Guide naturaliste excursionniste (GAE), assur\u00e9 et autoris\u00e9 \u00e0 l\u2019exercice de la profession, en application de la Loi r\u00e9gionale Emilie-Romagne &#8211; n\u00b0 4 du 1\/2\/2000 et modifications successives. Associ\u00e9 \u00e0 l\u2019AIGAE Coordination Emilie-Romagne, CARTE N\u00b0 ER 264.<\/strong>.<\/p>\n<hr \/>\n<\/div>\n<div style=\"clear: both;\">\n<h3 style=\"text-align: left;\"><img loading=\"lazy\" decoding=\"async\" class=\"wp-image-2563 size-full alignleft\" src=\"https:\/\/www.hluxor.it\/wp-content\/uploads\/2019\/04\/Scavolino_ok.jpg\" alt=\"\" width=\"450\" height=\"350\" data-big-size=\"1000x700\" \/><\/h3>\n<h2 style=\"text-align: left;\"><strong>Scavolino \u2013 Mont Carpegna \u2013 Pennabilli<\/strong><\/h2>\n<h3><strong>1 journ\u00e9e enti\u00e8re<\/strong><\/h3>\n<p style=\"text-align: left;\">D\u00e9nivel\u00e9 en mont\u00e9e: + 670<br \/>\nD\u00e9nivel\u00e9 en descente: &#8211; 670<br \/>\nLongueur: 9 km<br \/>\nD\u00e9part de l\u2019h\u00f4tel : \u00e0 08h30<br \/>\nRetour \u00e0 l\u2019h\u00f4tel : \u00e0 18h00\/18h30<\/p>\n<p style=\"font-weight: 400; text-align: left;\">Le sentier part du petit bourg de Scavolino, important ch\u00e2teau d\u2019\u00e9poque m\u00e9di\u00e9vale qui ne compte aujourd\u2019hui que quelques habitants. Nous nous enfoncerons imm\u00e9diatement dans un bois touffu d\u2019esp\u00e8ces \u00e0 feuillage latifoli\u00e9 vari\u00e9es. Nous rejoindrons le sommet en parcourant une mont\u00e9e de difficult\u00e9 moyenne, mais le panorama qui s\u2019offrira l\u00e0-haut \u00e0 nos yeux, depuis le mont Carpegna, nous coupera le souffle. Nous pourrons y dominer toute la vall\u00e9e du Marecchia, jusqu\u2019aux premi\u00e8res montagnes des Apennins de la Toscane et des Marches. Nous reviendrons au bourg de Scavolino par un sentier en anneau plong\u00e9 dans une h\u00eatraie luxuriante. Nous effectuerons un petit d\u00e9placement en voiture jusqu\u2019\u00e0 Pennabili, autre petit centre m\u00e9di\u00e9val important et tr\u00e8s suggestif dans son genre.<\/p>\n<hr \/>\n<\/div>\n<div style=\"clear: both;\">\n<h3 style=\"text-align: left;\"><img loading=\"lazy\" decoding=\"async\" class=\"alignleft wp-image-2559 size-full\" src=\"https:\/\/www.hluxor.it\/wp-content\/uploads\/2019\/04\/Pietra-Maura.jpg\" alt=\"\" width=\"450\" height=\"337\" data-big-size=\"1000x700\" \/><\/h3>\n<h2 style=\"text-align: left;\"><strong>Pietra Maura-Sant\u2019Igne-San Leo<\/strong><\/h2>\n<h3><strong>1 journ\u00e9e enti\u00e8re (pour familles)<\/strong><\/h3>\n<p style=\"text-align: left;\">D\u00e9nivel\u00e9 en mont\u00e9e: + 450<br \/>\nD\u00e9nivel\u00e9 en descente: &#8211; 450<br \/>\nLongueur : 9 km<br \/>\nD\u00e9part de l\u2019h\u00f4tel : \u00e0 8h30<br \/>\nRetour \u00e0 l\u2019h\u00f4tel : \u00e0 18h00\/18h30<\/p>\n<p style=\"font-weight: 400; text-align: left;\">Le sentier part du petit bourg de Pietramaura, situ\u00e9 au pied des reliefs d\u00e9nomm\u00e9s \u201cles petites dolomites riminaises\u201d pour leurs affleurements de roches pointues bien visibles. A travers un bois d\u2019esp\u00e8ces \u00e0 feuillage latifoli\u00e9 vari\u00e9es, typique de ces territoires, nous gagnerons l\u2019ancien couvent de franciscains Sant\u2019Igne. De ce point, un sentier ombreux nous conduira au col du mont San Severino et nous rejoindrons peu apr\u00e8s le bourg de San Leo et ses merveilles. Nous retournerons \u00e0 nos voitures en suivant un magnifique sentier de cr\u00eate qui nous offrira une splendide vue d\u2019ensemble de ce territoire.<\/p>\n<hr \/>\n<\/div>\n<div style=\"clear: both;\">\n<h3 style=\"text-align: left;\"><img loading=\"lazy\" decoding=\"async\" class=\"wp-image-2571 size-full alignleft\" src=\"https:\/\/www.hluxor.it\/wp-content\/uploads\/2019\/04\/Valmarecchia.jpg\" alt=\"\" width=\"450\" height=\"350\" data-big-size=\"1000x700\" \/><\/h3>\n<h2 style=\"text-align: left;\"><strong>La Vall\u00e9e du Marecchia et les zones rocheuses et sacr\u00e9es des monts Tausani<\/strong><\/h2>\n<h3><strong>1 journ\u00e9e enti\u00e8re<\/strong><\/h3>\n<p style=\"text-align: left;\">D\u00e9nivel\u00e9 en mont\u00e9e: + 650<br \/>\nD\u00e9nivel\u00e9 en descente: &#8211; 650<br \/>\nLongueur: 14 km<br \/>\nD\u00e9part de l\u2019h\u00f4tel: \u00e0 8h30<br \/>\nRetour \u00e0 l\u2019h\u00f4tel: \u00e0 18h00\/18h30<\/p>\n<p style=\"font-weight: 400; text-align: left;\">Nous ne sommes qu\u2019\u00e0 quelques kilom\u00e8tres de la c\u00f4te et pourtant le paysage est compl\u00e8tement diff\u00e9rent. Nous nous d\u00e9placerons dans la commune de San Leo, une zone historiquement riche en \u00e9v\u00e9nements importants et habit\u00e9e d\u00e8s les temps les plus \u00e9loign\u00e9s. Nous irons ainsi \u00e0 la recherche des anciens t\u00e9moignages laiss\u00e9s par nos anc\u00eatres qui, il y a longtemps, ont v\u00e9cu dans ces lieux merveilleux. Nous passerons par le magnifique couvent de franciscains Sant\u2019Igne et reviendrons en suivant une cr\u00eate qui nous offrira de vastes panoramas, admirant le paysage qui s\u2019\u00e9tendra devant nos yeux de la mer au mont Fumaiolo. Lors de cette randonn\u00e9e, nous d\u00e9couvrirons deux anciennes zones rocheuses\/sacr\u00e9es au fin fond d\u2019un maquis touffu abandonn\u00e9.<\/p>\n<hr \/>\n<\/div>\n<div style=\"clear: both;\">\n<h3 style=\"text-align: left;\"><img loading=\"lazy\" decoding=\"async\" class=\"wp-image-2551 size-full alignleft\" src=\"https:\/\/www.hluxor.it\/wp-content\/uploads\/2019\/04\/Monte-Fumaiolo.jpg\" alt=\"\" width=\"450\" height=\"350\" data-big-size=\"1000x700\" \/><\/h3>\n<h2 style=\"text-align: left;\"><strong>Le mont Fumaiolo, son ermitage sacr\u00e9 et la cascade<\/strong><\/h2>\n<h3><strong>1 journ\u00e9e enti\u00e8re<\/strong><\/h3>\n<p style=\"text-align: left;\">D\u00e9nivel\u00e9 en mont\u00e9e: + 500<br \/>\nD\u00e9nivel\u00e9 en descente: &#8211; 500<br \/>\nLongueur: 9 km<br \/>\nD\u00e9part de l\u2019h\u00f4tel : \u00e0 8h30<br \/>\nRetour \u00e0 l\u2019h\u00f4tel : \u00e0 18h00\/18h30.<\/p>\n<p style=\"font-weight: 400; text-align: left;\">Ce trekking s\u2019effectuera sur la deuxi\u00e8me montagne la plus haute de la vall\u00e9e du Marecchia, \u00e0 1407 m d\u2019altitude. Situ\u00e9e sur la fronti\u00e8re entre la Toscane et la Romagne, cette montagne est c\u00e9l\u00e8bre car elle abrite la source du fleuve Tibre. Notre randonn\u00e9e d\u00e9butera \u00e0 proximit\u00e9 de l\u2019ermitage de Sant\u2019Alberico, dont nous apprendrons l\u2019histoire. Nous poursuivrons notre marche vers le sommet et, suivant un parcours en anneau, nous passerons, pour le retour, par la source du fleuve Tibre et par la premi\u00e8re petite cascade qu\u2019il forme sur son cours.<\/p>\n<hr \/>\n<\/div>\n<div style=\"clear: both;\">\n<h3 style=\"text-align: left;\"><img loading=\"lazy\" decoding=\"async\" class=\"wp-image-2575 size-full alignleft\" src=\"https:\/\/www.hluxor.it\/wp-content\/uploads\/2019\/04\/AdobeStock_2760959.jpg\" alt=\"\" width=\"450\" height=\"350\" data-big-size=\"1000x700\" \/><\/h3>\n<h2 style=\"text-align: left;\"><strong>San Leo<\/strong><\/h2>\n<h3><strong>Sortie nocturne<\/strong><\/h3>\n<p style=\"text-align: left;\">D\u00e9nivel\u00e9 en mont\u00e9e: + 300<br \/>\nD\u00e9nivel\u00e9 en descente: &#8211; 300<br \/>\nLongueur: 6 km<br \/>\nD\u00e9part de l\u2019h\u00f4tel : \u00e0 20h00<br \/>\nRetour \u00e0 l\u2019h\u00f4tel : vers 23h30 environ<\/p>\n<p style=\"font-weight: 400; text-align: left;\">Le sentier d\u00e9bute dans la partie la plus panoramique du mont San Severino, lieu duquel nous aurons la possibilit\u00e9 de jouir d\u2019une vue merveilleuse \u00e0 360\u00b0. Traversant une v\u00e9g\u00e9tation typiquement m\u00e9diterran\u00e9enne, nous gagnerons ensuite le splendide couvent de franciscains Sant\u2019Igne. Poursuite de la promenade \u00e0 destination de San Leo et visite du bourg.<\/p>\n<hr \/>\n<\/div>\n<div style=\"clear: both;\">\n<h3 style=\"text-align: left;\"><img loading=\"lazy\" decoding=\"async\" class=\"wp-image-2563 size-full alignleft\" src=\"https:\/\/www.hluxor.it\/wp-content\/uploads\/2020\/01\/Monte-Tausano.jpg\" alt=\"\" width=\"450\" height=\"350\" data-big-size=\"1000x700\" \/><\/h3>\n<h2 style=\"text-align: left;\"><strong>Sur la cr\u00eate des monts Tausani<\/strong><\/h2>\n<h3><strong>1 demi-journ\u00e9e<\/strong><\/h3>\n<p style=\"text-align: left;\">D\u00e9nivel\u00e9 en mont\u00e9e: + 250<br \/>\nHeures de marche: 3,5 heures environ + arr\u00eats<br \/>\nLongueur: 7 km<br \/>\nDifficult\u00e9 : E* (facile). Pour tous ceux qui ont envie de faire quelques pas, familles comprises.<br \/>\nD\u00e9part de l\u2019h\u00f4tel : \u00e0 8h30<\/p>\n<p style=\"font-weight: 400; text-align: left;\">Nous parcourrons toute la cr\u00eate des monts Tausani pour arriver \u00e0 l\u2019ancien couvent Sant\u2019Igne puis, au retour, nous irons \u201c\u00e0 la recherche\u201d d\u2019un monolithe pr\u00e9historique d\u2019une forme particuli\u00e8rement curieuse, la vasque rocheuse du mont Fotogno.<\/p>\n<hr \/>\n<\/div>\n<div style=\"clear: both;\">\n<h3 style=\"text-align: left;\"><img loading=\"lazy\" decoding=\"async\" class=\"wp-image-2563 size-full alignleft\" src=\"https:\/\/www.hluxor.it\/wp-content\/uploads\/2019\/05\/montebello.jpg\" alt=\"\" width=\"450\" height=\"350\" data-big-size=\"1000x700\" \/><\/h3>\n<h2 style=\"text-align: left;\"><strong>Montebello et l\u2019ermitage de Saiano<\/strong><\/h2>\n<h3><strong>Sortie nocturne<\/strong><\/h3>\n<p style=\"text-align: left;\">D\u00e9nivel\u00e9 en mont\u00e9e: + 300<br \/>\nD\u00e9nivel\u00e9 en descente: &#8211; 300<br \/>\nLongueur: 7 km<br \/>\nD\u00e9part de l\u2019h\u00f4tel: \u00e0 20h00<br \/>\nRetour \u00e0 l\u2019h\u00f4tel: vers 23h30 environ<\/p>\n<p style=\"font-weight: 400; text-align: left;\">Nous laisserons les voitures au d\u00e9but du sentier et visiterons le rocher sur lequel se dresse le sanctuaire.<br \/>\nSuivant un sentier facile, nous rejoindrons le bourg et le ch\u00e2teau de Montebello, dont nous apprendrons les mythes, les histoires et les l\u00e9gendes. Nous reviendrons \u00e0 nos voitures parcourant une agr\u00e9able piste cyclable qui conclura notre trekking en anneau.<\/p>\n<hr \/>\n<\/div>\n<h2 style=\"text-align: left;\"><strong>Equipement :<\/strong><\/h2>\n<ul>\n<li style=\"text-align: left;\">Chaussures avec une semelle ext\u00e9rieure permettant une bonne accroche, de pr\u00e9f\u00e9rence des chaussures pour trekking l\u00e9ger, dans de bonnes conditions<\/li>\n<li style=\"text-align: left;\">Tenue de trekking d\u2019\u00e9t\u00e9, veste de protection imperm\u00e9able, \u00e9ventuel k-way anti-pluie dans le sac \u00e0 do<\/li>\n<li style=\"text-align: left;\">Lunettes de soleil, cr\u00e8me solaire, chapeau ou casquette<\/li>\n<li style=\"text-align: left;\">Il est conseill\u00e9 de laisser une tenue de rechange compl\u00e8te dans la voiture (y compris les chaussures).<\/li>\n<li style=\"text-align: left;\">Gourde d\u2019eau d\u2019une contenance minimale de 1,5 l<\/li>\n<li style=\"text-align: left;\">Accessoires conseill\u00e9s : b\u00e2tons de trekking, lampe torche ou lampe frontale (uniquement pour les sorties nocturnes).<\/li>\n<\/ul>\n<h3 style=\"text-align: left;\"><strong>Tarif:\u00a0<\/strong>\u20ac 15 par personne<\/h3>\n<p style=\"text-align: left;\"><strong>Pour un minimum de 8 participants.<\/strong><\/p>\n","protected":false},"excerpt":{"rendered":"<p>LES GUIDES NATURALISTES EXCURSIONNISTES Ils sont qualifi\u00e9s pour exercer l\u2019activit\u00e9 professionnelle consistant \u00e0 illustrer \u201c\u00e0 des personnes seules et en groupes les aspects environnementaux et naturalistes du territoire, en les guidant dans la visite de sites vari\u00e9s de montagne, de colline, de plaine et aquatiques, voire d\u2019espaces anthropis\u00e9s, y compris les parcs et les aires prot\u00e9g\u00e9es, ainsi que les milieux ou les structures d\u2019exposition de caract\u00e8re naturaliste et \u00e9cologique \u201d. &#8230;<\/p>\n","protected":false},"author":1,"featured_media":0,"parent":0,"menu_order":11,"comment_status":"closed","ping_status":"closed","template":"template\/template.yoga.php","meta":{"_acf_changed":false},"class_list":["post-3216","page","type-page","status-publish","hentry"],"acf":[],"_links":{"self":[{"href":"https:\/\/www.hluxor.it\/fr\/wp-json\/wp\/v2\/pages\/3216","targetHints":{"allow":["GET"]}}],"collection":[{"href":"https:\/\/www.hluxor.it\/fr\/wp-json\/wp\/v2\/pages"}],"about":[{"href":"https:\/\/www.hluxor.it\/fr\/wp-json\/wp\/v2\/types\/page"}],"author":[{"embeddable":true,"href":"https:\/\/www.hluxor.it\/fr\/wp-json\/wp\/v2\/users\/1"}],"replies":[{"embeddable":true,"href":"https:\/\/www.hluxor.it\/fr\/wp-json\/wp\/v2\/comments?post=3216"}],"version-history":[{"count":0,"href":"https:\/\/www.hluxor.it\/fr\/wp-json\/wp\/v2\/pages\/3216\/revisions"}],"wp:attachment":[{"href":"https:\/\/www.hluxor.it\/fr\/wp-json\/wp\/v2\/media?parent=3216"}],"curies":[{"name":"wp","href":"https:\/\/api.w.org\/{rel}","templated":true}]}}