{"id":3285,"date":"2020-02-06T09:11:08","date_gmt":"2020-02-06T08:11:08","guid":{"rendered":"https:\/\/www.hluxor.it\/parchi-avventura-natura\/"},"modified":"2020-02-17T11:34:40","modified_gmt":"2020-02-17T10:34:40","slug":"parcs-aventure-nature","status":"publish","type":"page","link":"https:\/\/www.hluxor.it\/fr\/parcs-aventure-nature\/","title":{"rendered":"Parcs, aventure et nature !"},"content":{"rendered":"<h2 style=\"text-align: left;\"><strong>UNE EXP\u00c9RIENCE DE DIVERTISSEMENT ORIGINALE ET AMIE DE L\u2019ENVIRONNEMENT<\/strong><\/h2>\n<p style=\"text-align: left;\">Vous \u00eates \u00e0 la recherche d\u2019une <strong>id\u00e9e originale pour colorer vos vacances \u00e0 l\u2019H\u00f4tel Luxor<\/strong> ? Le territoire de la Romagne est parsem\u00e9 de lieux parfaits pour vivre des exp\u00e9riences de loisirs en plein air et en harmonie avec la nature ! N\u2019avez-vous jamais entendu parler de <strong>Parcs Aventure<\/strong> ? ici, dans notre zone, il en existe au moins trois, chacun avec ses caract\u00e9ristiques propres, adapt\u00e9es \u00e0 toute la famille.<br \/>\nEt si vous pr\u00e9f\u00e9rez les attractions plus classiques, qu\u2019y a-t-il de mieux que notre r\u00e9gion avec ses <strong>parcs \u00e0 th\u00e8me les plus c\u00e9l\u00e8bres d\u2019Italie<\/strong> ?<\/p>\n<hr \/>\n<div style=\"clear: both;\">\n<h3 style=\"text-align: left;\"><img loading=\"lazy\" decoding=\"async\" class=\"wp-image-2542 size-full alignleft\" src=\"https:\/\/www.hluxor.it\/wp-content\/uploads\/2020\/02\/SanMarino__.jpg\" alt=\"\" width=\"400\" height=\"350\" data-big-size=\"1000x700\" \/><\/h3>\n<h2 style=\"text-align: left;\"><strong><br \/>\nSan Marino Adventures\u00a0<\/strong><\/h2>\n<p style=\"font-weight: 400; text-align: left;\">Saviez-vous que les bois du mont Titano rec\u00e8lent un endroit o\u00f9 pouvoir grimper dans les arbres et passer d\u2019un tronc \u00e0 l\u2019autre comme Tarzan ? Il s\u2019agit du San Marino Adventures, un parc venture qui permet de vivre l\u2019\u00e9motion de monter et descendre \u00e0 bord de poulies et o\u00f9 pouvoir pratiquer de <strong>tr\u00e8s amusantes activit\u00e9s en plein air comme le tir \u00e0 l\u2019arc !<\/strong><br \/>\nVous pouvez y disposer de bien 28 parcours de 0 \u00e0 35 m\u00e8tres de hauteur.<br \/>\nEntre une branche et l\u2019autre, il est obligatoire de hurler : \u201cUUUUUaaaaaHHHHH\u201d<\/p>\n<\/div>\n<p>&nbsp;<\/p>\n<div style=\"clear: both;\">\n<hr \/>\n<\/div>\n<div style=\"clear: both;\">\n<h3 style=\"text-align: left;\"><img loading=\"lazy\" decoding=\"async\" class=\"wp-image-2542 size-full alignleft\" src=\"https:\/\/www.hluxor.it\/wp-content\/uploads\/2020\/02\/SkyPark.jpg\" alt=\"\" width=\"400\" height=\"350\" data-big-size=\"1000x700\" \/><\/h3>\n<h2 style=\"text-align: left;\"><strong><br \/>\nSkyPark<\/strong><\/h2>\n<p style=\"text-align: left;\">Vous aimez la nature et cherchez toujours une excuse pour aller dans les bois en y amenant toute votre famille ? Eh bien, au SkyPark de Novafeltria, vous n\u2019aurez plus besoin d\u2019inventer quelque chose !<br \/>\nLes collines du Montefeltro abritent le royaume du sport d\u2019ext\u00e9rieur ! Vous y avez la possibilit\u00e9 de choisir entre des <strong>parcours vertigineux d\u2019arbre en arbre<\/strong>, des ponts tib\u00e9tains adapt\u00e9s aux diff\u00e9rents \u00e2ges (m\u00eame pour enfants de 2 ans !) et une infinit\u00e9 d\u2019autres aventures telles que Survival, la chasse au tr\u00e9sor au milieu des bois ! Vous saurez vous y orienter et trouver votre chemin.<\/p>\n<\/div>\n<p>&nbsp;<\/p>\n<div style=\"clear: both;\">\n<hr \/>\n<\/div>\n<div style=\"clear: both;\">\n<h3 style=\"text-align: left;\"><img loading=\"lazy\" decoding=\"async\" class=\"wp-image-2542 size-full alignleft\" src=\"https:\/\/www.hluxor.it\/wp-content\/uploads\/2020\/02\/data_top_img_T190_jpg_h_2000_498.jpg\" alt=\"\" width=\"400\" height=\"350\" data-big-size=\"1000x700\" \/><\/h3>\n<h2 style=\"text-align: left;\"><strong>CarpegnaPark<\/strong><\/h2>\n<p style=\"font-weight: 400; text-align: left;\">Vous aimez aller \u00e0 la recherche de\u2026 Family Adventures ? Alors, pour vous, voici le Carpegna Park, au pied du mont Carpegna ! Avec ses loisirs entour\u00e9s de verdure sp\u00e9cialement con\u00e7us pour les plus jeunes enfants. En plus des parcours adr\u00e9naliniques classiques des parcs d\u2019aventure, il abrite un v\u00e9ritable Bois des F\u00e9es. Entrez par la petite porte magique et d\u00e9couvrez tout l\u2019enchantement qui se cache entre champignons et papillons.<br \/>\n<strong>D\u00e9couvrez les myst\u00e8res de la for\u00eat et apprenez \u00e0 reconna\u00eetre les traces de ses habitants, vous vous transformerez vite en une jeune marmotte !<\/strong><\/p>\n<\/div>\n<p>&nbsp;<\/p>\n<div style=\"clear: both;\">\n<hr \/>\n<div style=\"clear: both;\">\n<h3 style=\"text-align: left;\"><img loading=\"lazy\" decoding=\"async\" class=\"wp-image-2542 size-full alignleft\" src=\"https:\/\/www.hluxor.it\/wp-content\/uploads\/2020\/02\/katun.jpg\" alt=\"\" width=\"400\" height=\"350\" data-big-size=\"1000x700\" \/><\/h3>\n<h2 style=\"text-align: left;\"><strong>Mirabilandia<\/strong><\/h2>\n<p style=\"font-weight: 400; text-align: left;\">Mirabilandia est le plus grand parc de loisirs de la Riviera adriatique. Situ\u00e9 \u00e0 Lido di Savio, tout pr\u00e8s de la merveilleuse ville de Ravenne, ce parc abrite 46 attractions, des plus adr\u00e9naliniques, pour les passionn\u00e9s de frissons, aux plus tranquilles, adapt\u00e9es aux familles avec enfants en bas \u00e2ge ! Des rapides du Niagara et du Rio Bravo aux roller coaster les plus \u00e9motionnants comme Ispeed et Katun, de la Maison de la Terreur la plus grande d\u2019Europe aux man\u00e8ges de Bimbopoli. Bienvenue dans le divertissement !<br \/>\nMirabilandia abrite une v\u00e9ritable oasis naturaliste et a obtenu le <strong>Parrainage du Minist\u00e8re de l\u2019Environnement<\/strong> italien.<\/p>\n<\/div>\n<p>&nbsp;<\/p>\n<div style=\"clear: both;\">\n<hr \/>\n<\/div>\n<div style=\"clear: both;\">\n<h3 style=\"text-align: left;\"><img loading=\"lazy\" decoding=\"async\" class=\"wp-image-2542 size-full alignleft\" src=\"https:\/\/www.hluxor.it\/wp-content\/uploads\/2020\/02\/D762.jpg\" alt=\"\" width=\"400\" height=\"350\" data-big-size=\"1000x700\" \/><\/h3>\n<h2 style=\"text-align: left;\"><strong><br \/>\nItalia in Miniatura<\/strong><\/h2>\n<p style=\"font-weight: 400; text-align: left;\">Imaginez \u00eatre un g\u00e9ant qui marche au milieu des plus beaux monuments de la Botte reproduits \u00e0 l\u2019\u00e9chelle. C\u2019est cela, la magie du parc de l\u2019Italia in Miniatura, un parcours surprenant pour apprendre la g\u00e9ographie et l\u2019histoire de l\u2019art du Beau Pays, au sein des architectures qui le repr\u00e9sentent le mieux. En plus, pour petits et grands, des jeux, des attractions et des exp\u00e9riences multisensorielles !<br \/>\nD\u00e9couvrez le monde sur mesure d\u2019Italia in Miniatura !<br \/>\nCe parc participe activement \u00e0 des missions de sauvegarde culturelle telles que <strong>Sauvez une esp\u00e8ce en danger d\u2019extinction<\/strong>, initiative qui d\u00e9fend les animaux en voie de disparition.<\/p>\n<\/div>\n<div style=\"clear: both;\">\n<hr \/>\n<\/div>\n<div style=\"clear: both;\">\n<h3 style=\"text-align: left;\"><img loading=\"lazy\" decoding=\"async\" class=\"wp-image-2542 size-full alignleft\" src=\"https:\/\/www.hluxor.it\/wp-content\/uploads\/2020\/02\/LAGO2-G.jpg\" alt=\"\" width=\"400\" height=\"350\" data-big-size=\"1000x700\" \/><\/h3>\n<h2 style=\"text-align: left;\"><strong><br \/>\nFiabilandia<\/strong><\/h2>\n<p style=\"text-align: left;\">Croyez-vous aux fables ? Si la r\u00e9ponse est OUI, vous ne pouvez absolument pas manquer une belle sortie \u00e0 Fiabilandia, le parc de loisirs situ\u00e9 au c\u0153ur de Rimini.<br \/>\nCapitaine Nemo et ses jeux d\u2019eau, le Ch\u00e2teau de Merlin l\u2019enchanteur, le Lac des R\u00eaves, le Labyrinthe de Fu Ming, la Baie de Peter Pan et de nombreux autres endroits de r\u00eave vous feront revivre tout le charme et toute l\u2019\u00e9motion des fables.<br \/>\nToute une aventure \u00e0 d\u00e9couvrir, \u00e9galement adapt\u00e9e aux tout-petits. Sp\u00e9cifiquement destin\u00e9 au public des jeunes, le <strong>Parc enseigne le respect de l\u2019environnement et permet une familiarisation avec les habitants de la nature.<\/strong> En plus des diff\u00e9rents programmes de Recyclage s\u2019adressant aux \u00e9coles, Fiabilandia invite \u00e9galement au birdwatching : en effet, le Lac Bernardo est la maison de nombreuses esp\u00e8ces sauvages comme les canards, les colverts, ainsi que des poissons et des tortues.<\/p>\n<\/div>\n<p>&nbsp;<\/p>\n<div style=\"clear: both;\">\n<hr \/>\n<\/div>\n<div style=\"clear: both;\">\n<h3 style=\"text-align: left;\"><img loading=\"lazy\" decoding=\"async\" class=\"wp-image-2542 size-full alignleft\" src=\"https:\/\/www.hluxor.it\/wp-content\/uploads\/2020\/02\/T53.jpg\" alt=\"\" width=\"400\" height=\"350\" data-big-size=\"1000x700\" \/><\/h3>\n<h2 style=\"text-align: left;\"><strong><br \/>\nAquafan<\/strong><\/h2>\n<p style=\"text-align: left;\">Aquafan est un splendide parc aquatique, c\u00e9l\u00e8bre dans toute l\u2019Europe pour ses soir\u00e9es en piscine. Il doit son succ\u00e8s \u00e0 un programme original fait d\u2019attractions au dernier cri et de f\u00eates nocturnes, \u00e0 sa position panoramique \u00e0 la sortie du centre de Riccione et \u00e0 une extraordinaire collaboration avec les lives de Radio DeeJay. Mais savez-vous que cette ann\u00e9e\u2026 il accueillera \u00e9galement le toboggan aquatique le plus long de l\u2019histoire (v\u00e9ritable nouveaut\u00e9 2020 !) ? Pr\u00e9parez-vous \u00e0 mille divertissants plongeons !<br \/>\n\u00c0 l\u2019instar des autres Parcs Costa, Aquafan<strong> participe annuellement \u00e0 l\u2019initiative <em>M\u2019illumino di meno<\/em> (Je m\u2019illumine moins),<\/strong> la journ\u00e9e internationale de mobilisation en faveur de l\u2019\u00e9conomie d\u2019\u00e9nergie.<\/p>\n<\/div>\n<p>&nbsp;<\/p>\n<div style=\"clear: both;\">\n<hr \/>\n<\/div>\n<div style=\"clear: both;\"><\/div>\n<p style=\"text-align: left;\">\n<\/div>\n","protected":false},"excerpt":{"rendered":"<p>UNE EXP\u00c9RIENCE DE DIVERTISSEMENT ORIGINALE ET AMIE DE L\u2019ENVIRONNEMENT Vous \u00eates \u00e0 la recherche d\u2019une id\u00e9e originale pour colorer vos vacances \u00e0 l\u2019H\u00f4tel Luxor ? Le territoire de la Romagne est parsem\u00e9 de lieux parfaits pour vivre des exp\u00e9riences de loisirs en plein air et en harmonie avec la nature ! N\u2019avez-vous jamais entendu parler de Parcs Aventure ? ici, dans notre zone, il en existe au moins trois, chacun &#8230;<\/p>\n","protected":false},"author":1,"featured_media":0,"parent":0,"menu_order":8,"comment_status":"closed","ping_status":"closed","template":"template\/template.yoga.php","meta":{"_acf_changed":false},"class_list":["post-3285","page","type-page","status-publish","hentry"],"acf":[],"_links":{"self":[{"href":"https:\/\/www.hluxor.it\/fr\/wp-json\/wp\/v2\/pages\/3285","targetHints":{"allow":["GET"]}}],"collection":[{"href":"https:\/\/www.hluxor.it\/fr\/wp-json\/wp\/v2\/pages"}],"about":[{"href":"https:\/\/www.hluxor.it\/fr\/wp-json\/wp\/v2\/types\/page"}],"author":[{"embeddable":true,"href":"https:\/\/www.hluxor.it\/fr\/wp-json\/wp\/v2\/users\/1"}],"replies":[{"embeddable":true,"href":"https:\/\/www.hluxor.it\/fr\/wp-json\/wp\/v2\/comments?post=3285"}],"version-history":[{"count":0,"href":"https:\/\/www.hluxor.it\/fr\/wp-json\/wp\/v2\/pages\/3285\/revisions"}],"wp:attachment":[{"href":"https:\/\/www.hluxor.it\/fr\/wp-json\/wp\/v2\/media?parent=3285"}],"curies":[{"name":"wp","href":"https:\/\/api.w.org\/{rel}","templated":true}]}}