{"id":3304,"date":"2020-03-18T10:22:39","date_gmt":"2020-03-18T09:22:39","guid":{"rendered":"https:\/\/www.hluxor.it\/carissimi-amici\/"},"modified":"2020-03-20T11:01:16","modified_gmt":"2020-03-20T10:01:16","slug":"tres-chers-amis","status":"publish","type":"page","link":"https:\/\/www.hluxor.it\/fr\/tres-chers-amis\/","title":{"rendered":"Tr\u00e8s chers amis,"},"content":{"rendered":"<p style=\"text-align: left;\"><span style=\"font-size: 18pt;\"><em>Comment allez-vous ? J\u2019esp\u00e8re vivement que tout aille bien pour vous.<\/em><\/span><\/p>\n<p style=\"text-align: left;\"><em>Aujourd\u2019hui, je vous \u00e9cris cette lettre parce que chaque jour, \u00e0 mon r\u00e9veil, je pense \u00e0 vous, je pense \u00e0 l\u2019un de vous.<\/em><\/p>\n<p style=\"text-align: left;\"><em>Je pense que je voudrais tant vous t\u00e9l\u00e9phoner, un par un, pour vous donner un petit bonjour et entendre votre voix, ne serait-ce que pour une minute.<\/em><\/p>\n<p style=\"text-align: left;\"><em>Je me demande comment vous vivez ces journ\u00e9es si bizarres, je me demande ce que vous pensez de ces \u00e9v\u00e9nements qui nous ont boulevers\u00e9s et qui nous voient tout \u00e0 coup enferm\u00e9s dans nos maisons, je me demande si, vous aussi, vous avez \u00e9t\u00e9 pris de surprise.<\/em><\/p>\n<p style=\"text-align: left;\"><em>Je me demande si vous \u00eates effray\u00e9s ou pr\u00e9occup\u00e9s, si vous vous donnez du courage et prenez tout cela avec philosophie, si vous \u00eates sereins et fatalistes ou si toutes ces \u00e9motions s\u2019alternent simplement dans la journ\u00e9e ou de jour en jour.<\/em><br \/>\n<em>Naturellement, nous \u00e9prouvons tous de la peine pour les nombreuses personnes affect\u00e9es et nous nous pr\u00e9occupons pour notre avenir, mais moi, je veux vous dire que je me r\u00e9veille avec le sourire et que j\u2019essaye toujours de rester positive !<\/em><br \/>\n<em>Je pense qu\u2019il est juste et de notre devoir de s\u2019informer, de suivre tous les d\u00e9veloppements de cette urgence sanitaire et de respecter les lignes directrices, mais je pense aussi que nous pouvons encore d\u00e9cider si vivre ces journ\u00e9es dans la peur ou dans la joie.<\/em><\/p>\n<p style=\"text-align: left;\"><em>Et moi, je vote pour la Joie ! Profitant de tous les c\u00f4t\u00e9s positifs que cette r\u00e9clusion temporaire m\u2019offre\/nous offre.<\/em><\/p>\n<p style=\"text-align: left;\"><em>J\u2019appr\u00e9cie de pouvoir rester chez moi, dans ma maison et avec ma famille !<\/em><\/p>\n<p style=\"text-align: left;\"><em>Enferm\u00e9s dans cette bulle, dans cette immobilit\u00e9 qui semble hors du temps et de l\u2019espace. Je veux la vivre comme une belle opportunit\u00e9.<\/em><\/p>\n<p style=\"text-align: left;\"><em>Mais, aujourd\u2019hui, avez-vous seulement pens\u00e9 \u00e0 comment nous courrions, dans tous les sens, il y a quelques jours encore ? Avez-vous pens\u00e9 aux journ\u00e9es stressantes que nous nous obligions \u00e0 vivre ? A nos efforts pour encastrer les rendez-vous, les cours, les engagements en tout genre, les visites, le sport, le travail, les amis, la famille, le tout sans jamais perdre la montre de vue, c\u2019est tard, cours, cours, cours ! Lors de ces journ\u00e9es \u201cfr\u00e9n\u00e9tiquement normales\u201d, nous n\u2019aurions jamais cru de pouvoir jouir aujourd\u2019hui d\u2019autant de temps libre !<\/em><\/p>\n<p style=\"text-align: left;\"><strong><span style=\"font-size: 14pt;\"><em>Le temps, l\u2019un de nos biens les plus pr\u00e9cieux !<\/em><\/span><\/strong><\/p>\n<p style=\"text-align: left;\"><img loading=\"lazy\" decoding=\"async\" class=\"alignleft wp-image-3322\" src=\"https:\/\/www.hluxor.it\/wp-content\/uploads\/2020\/03\/Beatrice-Bianchi_ok.jpg\" alt=\"\" width=\"400\" height=\"300\" data-big-size=\"799x600\" \/><em>Alors, prenons la chose comme une nouvelle possibilit\u00e9, essayons de rester positifs et d\u2019exploiter ce temps qui nous est offert pour faire toutes ces choses pour lesquelles nous n\u2019avions jamais de moments libres.<\/em><\/p>\n<p style=\"text-align: left;\"><em>Ainsi, de mon c\u00f4t\u00e9, j\u2019essaye de prendre ce \u201crester chez soi\u201d comme un don, en me consacrant \u00e0 ma famille, \u00e0 moi-m\u00eame, \u00e0 ma maison, \u00e0 mes chats (qui en sont tr\u00e8s heureux) et\u2026 je comprends alors que j\u2019ai de la chance !<\/em><\/p>\n<p style=\"text-align: left;\"><em>J\u2019ai de la chance d\u2019avoir du temps pour vider les armoires, pour jeter et faire cadeau des vieux jouets de Riccardo, pour ouvrir chaque tiroir et y trouver toute sorte de pacotilles et de magiques souvenirs, d\u2019avoir du temps pour jouer et danser, du temps pour faire de gros nettoyages, pour lire un beau livre, pour bavarder avec calme, pour me reposer, pour m\u2019adonner \u00e0 la cuisine, pour faire des biscuits et du pain, du temps pour mieux conna\u00eetre mes voisins par la fen\u00eatre et leur offrir une pizza sortant du four. Du temps pour recommencer \u00e0 tricoter, pour peindre, pour faire du jardinage, pour \u00e9liminer de vieilles paperasses, du temps pour jouer d\u2019un instrument et \u00e9couter de la bonne musique, pour \u00e9crire quelque chose !<br \/>\nDu temps pour \u00e9couter et s\u2019\u00e9couter, pour rire ensemble, pour \u00e9changer des id\u00e9es, pour mieux se comprendre, sans h\u00e2te, pour se c\u00e2liner. Du temps pour m\u00e9diter, pour prendre soin de soi, pour se sourire dans le miroir, pour jouir de tant de petites choses, pour se nourrir de choses saines.<\/em><\/p>\n<p style=\"text-align: left;\"><em>Ce \u00ab rester chez soi \u00bb avec nous-m\u00eame nous invite \u00e0 faire du nettoyage dans tous les sens du terme, \u00e0 avoir des pens\u00e9es profondes. Le calme du rythme de la nouvelle journ\u00e9e que nous vivons nous invite \u00e0 nous red\u00e9couvrir comme \u00eatres humains dans notre essence la plus pure et la plus profonde, dans notre naturalit\u00e9, \u00e0 nous \u00e9tonner de nous reconna\u00eetre peut-\u00eatre m\u00eame diff\u00e9rents par rapport \u00e0 ce que nous pensions \u00eatre et \u00e0 red\u00e9couvrir la beaut\u00e9 que chacun de nous a en soi.<\/em><br \/>\n<em>Et je veux vous dire \u00e9galement que, malgr\u00e9 la pr\u00e9occupation, cette beaut\u00e9 se transforme en nous en \u00e9nergie et en envie de faire ainsi qu\u2019en espoir et en certitude que tout passera !<\/em><\/p>\n<p style=\"text-align: left;\"><em>C\u2019est en cela justement que mes et nos pens\u00e9es vont vers vous, chers amis, et notre passion pour notre travail nous pousse aussi, en ce moment, \u00e0 nous engager plus que jamais pour vous offrir un Luxor plus beau et plus accueillant encore !<\/em><\/p>\n<p style=\"text-align: left;\"><img loading=\"lazy\" decoding=\"async\" class=\"alignleft wp-image-3310\" src=\"https:\/\/www.hluxor.it\/wp-content\/uploads\/2020\/03\/barbara.jpg\" alt=\"\" width=\"300\" height=\"369\" data-big-size=\"600x738\" \/><em>De mon c\u00f4t\u00e9, je travaille d\u00e9j\u00e0 pour pouvoir vous proposer de splendides et inoubliables vacances, Barbara teste toujours de nouveaux menus et vous offre de magnifiques rendez-vous <strong>avec ses Recettes-vid\u00e9o en direct sur notre <a href=\"https:\/\/www.facebook.com\/HotelLuxorveg\/\" target=\"_blank\" rel=\"noopener noreferrer\">page Facebook<\/a><\/strong>, Carla se consacre \u00e0 la lecture, aux rideaux et au linge et Arnaldo&#8230;. eh bien ! inutile de vous le dire car vous le savez peut-\u00eatre d\u00e9j\u00e0, lui, il est \u00e0 l\u2019h\u00f4tel, tous les jours, comme en plein \u00e9t\u00e9 ! Il a r\u00e9nov\u00e9 certains carrelages et salles de bains, d\u00e9mont\u00e9 les portes, d\u00e9plac\u00e9 des prises de courant, fait des travaux de ma\u00e7onnerie et de peinture et une infinit\u00e9 d\u2019autres petits travaux de maintenance que je ne sais m\u00eame pas ! <\/em>\ud83d\ude42<\/p>\n<p style=\"text-align: left;\"><em>M\u00eame si elle semble endormie, toute Igea Marina est en ferment, derri\u00e8re les rideaux des magasins ferm\u00e9s. Les petites boutiques d\u2019\u00e9t\u00e9 ont d\u00e9j\u00e0 commenc\u00e9 les gros nettoyages et les d\u00e9sinfections et elles se pr\u00e9parent au mieux pour vous accueillir et satisfaire chacun de vos d\u00e9sirs.<\/em><\/p>\n<p style=\"text-align: left;\"><em>Alors, chers amis, je veux \u00e9galement vous inviter \u00e0 consacrer un peu de votre temps \u00e0 regarder les photos de vos vacances \u00e0 Igea Marina, \u00e0 vous rappeler de vos beaux sourires ici, avec nous, de vos promenades les pieds nus dans le sable, des baignades au large, de la douce et r\u00e9g\u00e9n\u00e9rante chaleur du soleil, du chant relaxant de la mer, des magnifiques couchers de soleil, des merveilleux buffets de Barbara, de la sympathie des jeunes de notre staff et de la chaleureuse hospitalit\u00e9 de notre famille.<\/em><\/p>\n<p style=\"text-align: left;\"><em>Parce que nous, nous sommes confiants que tout cela finira vite et, qu\u2019alors, le bonheur envahira nos c\u0153urs, nous ressortirons, nous nous \u00e9treindrons de nouveau, faire les courses tous ensemble sera de nouveau un plaisir, nous recommencerons de nous prendre en photo, tout pr\u00e8s les uns des autres, et, quand tout cela ne sera plus qu\u2019un souvenir, la normalit\u00e9 nous appara\u00eetra comme un tr\u00e8s beau cadeau inattendu.<\/em><\/p>\n<p><img loading=\"lazy\" decoding=\"async\" class=\"alignright wp-image-3314\" src=\"https:\/\/www.hluxor.it\/wp-content\/uploads\/2020\/03\/Letterina-Bianchi.png\" alt=\"\" width=\"400\" height=\"389\" data-big-size=\"600x584\" \/><\/p>\n<p style=\"text-align: left;\"><em>Nous aurons alors plus que jamais envie de reconqu\u00e9rir notre libert\u00e9 et de voyager, et nous revoir tous ensemble au bord de la mer comme une grande famille sera une grande f\u00eate !<\/em><br \/>\n<em>C\u2019est une certitude, nous serons pr\u00eats \u00e0 vous accueillir de nouveau au Luxor, un par un, dans la joie et avec le sourire.<\/em><\/p>\n<p style=\"text-align: left;\"><em>Bon courage, je suis pr\u00e8s de vous et vous serre tr\u00e8s fort entre mes bras, \u00e0 bient\u00f4t !<\/em><\/p>\n<p style=\"text-align: left;\"><strong><em>Affectueusement,<\/em><\/strong><br \/>\n<strong><em>Beatrice<\/em> ?<\/strong><\/p>\n","protected":false},"excerpt":{"rendered":"<p>Comment allez-vous ? J\u2019esp\u00e8re vivement que tout aille bien pour vous. Aujourd\u2019hui, je vous \u00e9cris cette lettre parce que chaque jour, \u00e0 mon r\u00e9veil, je pense \u00e0 vous, je pense \u00e0 l\u2019un de vous. Je pense que je voudrais tant vous t\u00e9l\u00e9phoner, un par un, pour vous donner un petit bonjour et entendre votre voix, ne serait-ce que pour une minute. Je me demande comment vous vivez ces journ\u00e9es si &#8230;<\/p>\n","protected":false},"author":1,"featured_media":0,"parent":0,"menu_order":0,"comment_status":"closed","ping_status":"closed","template":"","meta":{"_acf_changed":false},"class_list":["post-3304","page","type-page","status-publish","hentry"],"acf":[],"_links":{"self":[{"href":"https:\/\/www.hluxor.it\/fr\/wp-json\/wp\/v2\/pages\/3304","targetHints":{"allow":["GET"]}}],"collection":[{"href":"https:\/\/www.hluxor.it\/fr\/wp-json\/wp\/v2\/pages"}],"about":[{"href":"https:\/\/www.hluxor.it\/fr\/wp-json\/wp\/v2\/types\/page"}],"author":[{"embeddable":true,"href":"https:\/\/www.hluxor.it\/fr\/wp-json\/wp\/v2\/users\/1"}],"replies":[{"embeddable":true,"href":"https:\/\/www.hluxor.it\/fr\/wp-json\/wp\/v2\/comments?post=3304"}],"version-history":[{"count":0,"href":"https:\/\/www.hluxor.it\/fr\/wp-json\/wp\/v2\/pages\/3304\/revisions"}],"wp:attachment":[{"href":"https:\/\/www.hluxor.it\/fr\/wp-json\/wp\/v2\/media?parent=3304"}],"curies":[{"name":"wp","href":"https:\/\/api.w.org\/{rel}","templated":true}]}}