{"id":3407,"date":"2020-05-26T10:21:14","date_gmt":"2020-05-26T08:21:14","guid":{"rendered":"https:\/\/www.hluxor.it\/estate-sicura\/"},"modified":"2022-03-31T19:03:59","modified_gmt":"2022-03-31T17:03:59","slug":"ete-sures","status":"publish","type":"page","link":"https:\/\/www.hluxor.it\/fr\/ete-sures\/","title":{"rendered":"Voyagez consciemment #et en toute s\u00e9curit\u00e9 \u00e0 l\u2019H\u00f4tel Luxor Veg"},"content":{"rendered":"<h2 style=\"text-align: center;\">Ici, vos vacances sont plus s\u00fbres et plus sereines<\/h2>\n<p style=\"text-align: center;\">A l\u2019H\u00f4tel Luxor, nous sommes pr\u00eats \u00e0 vous accueillir pour ce p\u00e9tillant \u00e9t\u00e9 2022 !<br \/>\nNous avons r\u00e9examin\u00e9 chaque aspect de notre hospitalit\u00e9 et restons constamment inform\u00e9s sur les nouveaux protocoles afin de garantir \u00e0 tous nos clients un <strong>s\u00e9jour agr\u00e9able et s\u00fbr !<\/strong><\/p>\n<p style=\"text-align: center;\">Voici quelques informations utiles et des nouveaut\u00e9s pour vous faire passer des vacances \u00e0 l\u2019H\u00f4tel Luxor avec l\u2019attention de toujours et <strong>en toute tranquillit\u00e9..<\/strong><\/p>\n<p>&nbsp;<\/p>\n<div style=\"background-image: initial; background-attachment: initial; background-color: #ffffff; border-radius: 8px; border: 3px solid #bac64a; padding: 5px 2%; text-align: center;\">\n<p style=\"text-align: center;\"><img loading=\"lazy\" decoding=\"async\" style=\"display: block; margin: 18px auto;\" src=\"https:\/\/www.hluxor.it\/wp-content\/uploads\/2020\/05\/certificato.png\" alt=\"\" width=\"40\" height=\"40\" data-big-size=\"70x70\" \/><strong><span style=\"color: #bac64a;\"><span style=\"font-size: 14pt;\">Conditions de r\u00e9servation<\/span><\/span><\/strong><\/p>\n<p style=\"text-align: center;\">Nous avons d\u00e9cid\u00e9 de les modifier pour vous aider en ce moment particulier.<br \/>\nL\u2019annulation est <strong>toujours gratuite jusqu\u2019\u00e0 30 jours<\/strong> avant l\u2019arriv\u00e9e.<\/p>\n<p style=\"text-align: center;\">Si vous annulez votre r\u00e9servation apr\u00e8s ces conditions, l&rsquo;acompte ne sera de toute fa\u00e7on pas perdu mais restera valable pour un futur s\u00e9jour dans la saison en cours.<br \/>\nVous pouvez d\u00e9cider de<strong> verser un acompte par virement bancaire<\/strong> \u00e0 n\u2019importe quel moment apr\u00e8s avoir effectu\u00e9 la r\u00e9servation <strong>mais avant les 30 jours pr\u00e9c\u00e9dant la date d\u2019arriv\u00e9e<\/strong>.<\/p>\n<\/div>\n<p>&nbsp;<\/p>\n<div style=\"background-image: initial; background-attachment: initial; background-color: #fff; border-radius: 8px; background-position: initial initial; border: 3px solid #bac64a; padding: 5px 2% 5px 2%;\">\n<p style=\"text-align: center;\"><img loading=\"lazy\" decoding=\"async\" style=\"display: block; margin: 18px auto;\" src=\"https:\/\/www.hluxor.it\/wp-content\/uploads\/2020\/05\/serenit\u00e0.png\" alt=\"\" width=\"40\" height=\"40\" data-big-size=\"70x70\" \/><strong><span style=\"color: #bac64a; font-size: 14pt;\">S\u00e9r\u00e9nit\u00e9 dans les espaces<\/span><\/strong><\/p>\n<p style=\"text-align: center;\">Nous vous garantissons une <strong>occupation maximale de 60%<\/strong> de la structure pour <strong>favoriser la distanciation sociale requise<\/strong>.<br \/>\nA votre arriv\u00e9e, au comptoir de la r\u00e9ception, vous ne trouverez qu\u2019un \u00e9cran de protection en plexiglas car nous voulons que notre sourire ne vous manque jamais.<br \/>\nDans la salle de restaurant, dans la cuisine et dans les chambres, le personnel porte des gants et des masques, parce que la distanciation d\u2019un m\u00e8tre pendant le service ne peut naturellement pas \u00eatre r\u00e9alis\u00e9e.<br \/>\nEn outre, nous vous assurons qu\u2019<strong>apr\u00e8s chaque d\u00e9part, chaque chambre est nettoy\u00e9e et d\u00e9sinfect\u00e9e<\/strong> avec des produits certifi\u00e9s \u00e0 base d\u2019alcool, d\u2019hypochlorite et de peroxyde d\u2019hydrog\u00e8ne.<\/p>\n<p style=\"text-align: center;\">C\u2019est pour cette raison qu\u2019apr\u00e8s les nettoyages,<strong> la chambre reste toujours libre et<\/strong>\u00a0a\u00e9r\u00e9e pendant toute la journ\u00e9e.<br \/>\nNous le faisons volontiers pour votre s\u00e9curit\u00e9 !<\/p>\n<\/div>\n<p>&nbsp;<\/p>\n<div style=\"background-image: initial; background-attachment: initial; background-color: #fff; border-radius: 8px; background-position: initial initial; border: 3px solid #bac64a; padding: 5px 2% 5px 2%;\">\n<p style=\"text-align: center;\"><img loading=\"lazy\" decoding=\"async\" style=\"display: block; margin: 18px auto;\" src=\"https:\/\/www.hluxor.it\/wp-content\/uploads\/2020\/05\/chef.png\" alt=\"\" width=\"40\" height=\"40\" data-big-size=\"70x70\" \/><span style=\"font-size: 18px;\"><strong><span style=\"color: #bac64a;\">Au restaurant, la plus grande libert\u00e9<\/span><\/strong><\/span><\/p>\n<p style=\"text-align: center;\">Cette ann\u00e9e \u00e9galement, vous pouvez choisir tout ce que vous pr\u00e9f\u00e9rez \u00e0 notre <strong>buffet, car il sera bien prot\u00e9g\u00e9 et les produits et les pr\u00e9parations seront servis<\/strong>, au petit d\u00e9jeuner, au d\u00e9jeuner et au d\u00eener, <strong>exclusivement par notre personnel.<\/strong><br \/>\nLes tables seront espac\u00e9es de mani\u00e8re appropri\u00e9e entre les diff\u00e9rentes familles et l\u2019entr\u00e9e dans la salle de restaurant sera facilit\u00e9e par de sympathiques indications sur le sol.<br \/>\n<strong>NOUVEAUT\u00c9 2020<\/strong><br \/>\nSi vous le pr\u00e9f\u00e9rez, vous <strong>pouvez manger sous le parasol<\/strong> ! Chaque jour, vous pouvez choisir notre <strong>Menu de plage<\/strong> pour votre d\u00e9jeuner !<\/p>\n<\/div>\n<p>&nbsp;<\/p>\n<div style=\"background-image: initial; background-attachment: initial; background-color: #ffffff; border-radius: 8px; border: 3px solid #bac64a; padding: 5px 2%; text-align: center;\">\n<p style=\"text-align: center;\"><img loading=\"lazy\" decoding=\"async\" style=\"display: block; margin: 18px auto;\" src=\"https:\/\/www.hluxor.it\/wp-content\/uploads\/2020\/05\/bicycle.png\" alt=\"\" width=\"40\" height=\"40\" data-big-size=\"70x70\" \/><span style=\"font-size: 18px;\"><strong><span style=\"color: #bac64a;\">Services pour les clients<\/span><\/strong><\/span><\/p>\n<p>Cette ann\u00e9e, nous en sommes d\u00e9sol\u00e9s mais <strong>nous ne pourrons pas mettre \u00e0 votre disposition ni les v\u00e9los ni les livres de nos biblioth\u00e8ques.<\/strong><br \/>\nNous garantissons l\u2019acc\u00e8s \u00e0 la terrasse panoramique dont les <strong>transats seront<\/strong> <strong>d\u00e9sinfect\u00e9s quotidiennement<\/strong> par notre personnel.<br \/>\nUn d\u00e9sinfectant sera \u00e0 votre disposition pour pouvoir utiliser la cyclette, les fauteuils et les transats en toute tranquillit\u00e9 lorsque vous le d\u00e9sirez !<br \/>\nL\u2019espace de jeu pour les enfants est en attente d\u2019une confirmation de la r\u00e9glementation sp\u00e9cifique.<\/p>\n<\/div>\n<p>&nbsp;<\/p>\n<div style=\"background-image: initial; background-attachment: initial; background-color: #fff; border-radius: 8px; background-position: initial initial; border: 3px solid #bac64a; padding: 5px 2% 5px 2%;\">\n<p style=\"text-align: center;\"><img loading=\"lazy\" decoding=\"async\" style=\"display: block; margin: 18px auto;\" src=\"https:\/\/www.hotellife.it\/wp-content\/uploads\/2020\/05\/spray.png\" alt=\"\" width=\"40\" height=\"40\" data-big-size=\"70x70\" \/><span style=\"font-size: 18px;\"><strong><span style=\"color: #bac64a;\">Espaces en commun de l\u2019h\u00f4tel<\/span><\/strong><\/span><\/p>\n<p style=\"text-align: center;\">Le comptoir de la r\u00e9ception, l\u2019ascenseur, les interrupteurs et les poign\u00e9es sont <strong>d\u00e9sinfect\u00e9s plusieurs fois par jour<\/strong> et des doseurs de gel d\u00e9sinfectant ainsi que de nombreuses communications utiles sont plac\u00e9s dans tout l\u2019h\u00f4tel, mais, naturellement, notre disponibilit\u00e9 de toujours et notre professionnalisme y sont aussi pour satisfaire chacune de vos demandes.<br \/>\nDans les espaces en commun de l\u2019h\u00f4tel, le port d\u2019un masque est conseill\u00e9 ?<\/p>\n<\/div>\n<p>&nbsp;<\/p>\n<div style=\"background-image: initial; background-attachment: initial; background-color: #ffffff; border-radius: 8px; border: 3px solid #bac64a; padding: 5px 2%; text-align: center;\">\n<p style=\"text-align: center;\"><img loading=\"lazy\" decoding=\"async\" style=\"display: block; margin: 18px auto;\" src=\"https:\/\/www.hotellife.it\/wp-content\/uploads\/2020\/05\/holidays-3.png\" alt=\"\" width=\"40\" height=\"40\" data-big-size=\"70x70\" \/><strong><span style=\"color: #bac64a;\"><span style=\"font-size: 18px;\">Les plages<\/span><\/span><\/strong><\/p>\n<p>Et vous voici \u00e0 la mer !<br \/>\nIci, sur la plage, vous trouvez simplement <strong>les parasols plus espac\u00e9s<\/strong>, chaque parasol ayant \u00e0 sa disposition bien 12 m\u00e8tres carr\u00e9s !<br \/>\nLes \u00e9tablissements baln\u00e9aires ouvriront avec plus d\u2019espace pour tout le monde, plus de s\u00e9curit\u00e9 et des transats d\u00e9sinfect\u00e9s chaque jour. Le plagiste et tout le personnel du bar garantiront la distance interpersonnelle de 1 m\u00e8tre requise et porteront des masques et des gants, dont le port n\u2019est par contre pas demand\u00e9 aux clients.<br \/>\nLes jeux des enfants et les espaces consacr\u00e9s aux sports sont encore en attente d\u2019une r\u00e8glementation sp\u00e9cifique.<\/p>\n<p>La R\u00e9gion Emilie-Romagne a demand\u00e9 la possibilit\u00e9 d\u2019ouvrir l\u2019espace de jeux des plages pour un nombre d\u2019enfants limit\u00e9 et sous la responsabilit\u00e9 des parents.<br \/>\nNous esp\u00e9rons que cette demande sera approuv\u00e9e !<br \/>\nMais, surtout : <strong>les bains de mer peuvent \u00eatre pris en toute tranquillit\u00e9 et sont hautement conseill\u00e9s pour la sant\u00e9 ! Les bains de soleil, les marches dans l\u2019eau fra\u00eeche et les baignades r\u00e9g\u00e9n\u00e9ratrices vous attendent !<\/strong><\/p>\n<\/div>\n<p>&nbsp;<\/p>\n<div style=\"background-image: initial; background-attachment: initial; background-color: #ffffff; border-radius: 8px; border: 3px solid #bac64a; padding: 5px 2%; text-align: center;\">\n<p style=\"text-align: center;\"><img loading=\"lazy\" decoding=\"async\" style=\"display: block; margin: 18px auto;\" src=\"https:\/\/www.hluxor.it\/wp-content\/uploads\/2020\/05\/teamwork.png\" alt=\"\" width=\"40\" height=\"40\" data-big-size=\"70x70\" \/><strong><span style=\"color: #bac64a;\"><span style=\"font-size: 18px;\">Formation du personnel<\/span><\/span><\/strong><\/p>\n<p>Notre staff recevra une formation sp\u00e9cifique sur les protocoles de s\u00e9curit\u00e9 et l\u2019\u00e9tat de sant\u00e9 de chaque membre sera contr\u00f4l\u00e9 quotidiennement.<\/p>\n<\/div>\n<p>&nbsp;<\/p>\n<div style=\"background-image: initial; background-attachment: initial; background-color: #fff; border-radius: 8px; background-position: initial initial; border: 3px solid #bac64a; padding: 5px 2% 5px 2%;\">\n<p style=\"text-align: center;\"><img loading=\"lazy\" decoding=\"async\" style=\"display: block; margin: 18px auto;\" src=\"https:\/\/www.hluxor.it\/wp-content\/uploads\/2020\/05\/suite.png\" alt=\"\" width=\"40\" height=\"40\" data-big-size=\"70x70\" \/><strong><span style=\"color: #bac64a;\"><span style=\"font-size: 18px;\">Votre chambre<\/span><\/span><\/strong><\/p>\n<p style=\"text-align: center;\">Nous vous remettons <strong>la cl\u00e9 de votre chambre d\u00e9sinfect\u00e9e<\/strong>, celle-ci restant entre vos mains jusqu\u2019au jour du d\u00e9part.<br \/>\nAux nettoyages traditionnels s\u2019ajoutera une d\u00e9sinfection sp\u00e9ciale de chaque surface, effectu\u00e9e quotidiennement pour offrir la plus grande garantie.<br \/>\nLe lavage et la d\u00e9sinfection du linge de chambre et de bain seront certifi\u00e9s. Pour maximaliser l\u2019hygi\u00e8ne, les \u00e9l\u00e9ments de d\u00e9coration de la chambre seront limit\u00e9s \u00e0 l\u2019essentiel.<br \/>\nSi vous pr\u00e9f\u00e9rez que personne n\u2019entre dans votre chambre pendant votre s\u00e9jour, vous recevrez le linge propre pour le changement et un set de nettoyage pour le nettoyage quotidien de votre chambre.<br \/>\nVous pouvez \u00e9galement nous le communiquer au moment de la r\u00e9servation !<br \/>\nMerci<\/p>\n<\/div>\n","protected":false},"excerpt":{"rendered":"<p>Ici, vos vacances sont plus s\u00fbres et plus sereines A l\u2019H\u00f4tel Luxor, nous sommes pr\u00eats \u00e0 vous accueillir pour ce p\u00e9tillant \u00e9t\u00e9 2022 ! Nous avons r\u00e9examin\u00e9 chaque aspect de notre hospitalit\u00e9 et restons constamment inform\u00e9s sur les nouveaux protocoles afin de garantir \u00e0 tous nos clients un s\u00e9jour agr\u00e9able et s\u00fbr ! Voici quelques informations utiles et des nouveaut\u00e9s pour vous faire passer des vacances \u00e0 l\u2019H\u00f4tel Luxor avec &#8230;<\/p>\n","protected":false},"author":1,"featured_media":0,"parent":0,"menu_order":2,"comment_status":"closed","ping_status":"closed","template":"","meta":{"_acf_changed":false},"class_list":["post-3407","page","type-page","status-publish","hentry"],"acf":[],"_links":{"self":[{"href":"https:\/\/www.hluxor.it\/fr\/wp-json\/wp\/v2\/pages\/3407","targetHints":{"allow":["GET"]}}],"collection":[{"href":"https:\/\/www.hluxor.it\/fr\/wp-json\/wp\/v2\/pages"}],"about":[{"href":"https:\/\/www.hluxor.it\/fr\/wp-json\/wp\/v2\/types\/page"}],"author":[{"embeddable":true,"href":"https:\/\/www.hluxor.it\/fr\/wp-json\/wp\/v2\/users\/1"}],"replies":[{"embeddable":true,"href":"https:\/\/www.hluxor.it\/fr\/wp-json\/wp\/v2\/comments?post=3407"}],"version-history":[{"count":0,"href":"https:\/\/www.hluxor.it\/fr\/wp-json\/wp\/v2\/pages\/3407\/revisions"}],"wp:attachment":[{"href":"https:\/\/www.hluxor.it\/fr\/wp-json\/wp\/v2\/media?parent=3407"}],"curies":[{"name":"wp","href":"https:\/\/api.w.org\/{rel}","templated":true}]}}