{"id":55,"date":"2017-01-19T15:59:32","date_gmt":"2017-01-19T14:59:32","guid":{"rendered":"https:\/\/www.hluxor.it\/privacy\/"},"modified":"2018-09-03T08:33:12","modified_gmt":"2018-09-03T06:33:12","slug":"privacy","status":"publish","type":"page","link":"https:\/\/www.hluxor.it\/fr\/privacy\/","title":{"rendered":"protection de la vie priv\u00e9e"},"content":{"rendered":"<h3>Note d\u2019information sur la protection de la vie priv\u00e9e r\u00e9dig\u00e9e conform\u00e9ment \u00e0 l\u2019article 13 du R\u00e8glement UE 2016\/679<\/h3>\n<p>Cher Client,<br \/>\nL\u2019objectif de cette note d\u2019information est de divulguer les modalit\u00e9s relatives au traitement des donn\u00e9es personnelles vous concernant, effectu\u00e9 dans le respect des obligations vis\u00e9es par le R\u00e8glement UE 679\/2016 sur le traitement des donn\u00e9es personnelles (GDPR).<br \/>\nCette note d\u2019information ne doit pas \u00eatre consid\u00e9r\u00e9e comme valable pour d\u2019autres sites web \u00e9ventuellement consultables par le biais des liens pr\u00e9sents sur le site internet du titulaire, celui-ci n\u2019\u00e9tant en aucune mani\u00e8re responsable des sites internet de tiers.<br \/>\nSelon les normes du GDPR, les traitements effectu\u00e9s sur les informations et sur les donn\u00e9es fournies seront bas\u00e9s sur les principes de lic\u00e9it\u00e9, correction, transparence, limitation des finalit\u00e9s et de la conservation, minimisation des donn\u00e9es, exactitude, int\u00e9grit\u00e9 et confidentialit\u00e9.<\/p>\n<p><strong>SOMMAIRE<\/strong><\/p>\n<p>Titulaire du traitement<br \/>\n2. Donn\u00e9es personnelles objet de traitement<br \/>\n2.1 Donn\u00e9es volontairement fournies par la personne concern\u00e9e<br \/>\n2.2 Cat\u00e9gories de donn\u00e9es personnelles particuli\u00e8res<br \/>\n2.3 Donn\u00e9es de navigation et cookies<br \/>\n3. Finalit\u00e9s du traitement, base juridique et nature obligatoire ou facultative du traitement, p\u00e9riode de conservation des donn\u00e9es.<br \/>\n4. Destinataires des donn\u00e9es personnelles<br \/>\n5. Transfert des donn\u00e9es personnelles<br \/>\n6. Droits des personnes concern\u00e9es<br \/>\n7. Modifications<\/p>\n<p><strong>1. Titulaire du traitement<\/strong><br \/>\nLe Titulaire du traitement des donn\u00e9es effectu\u00e9 par le biais du site est la soci\u00e9t\u00e9 <strong>Albergo Luxor di Bianchi Arnaldo &amp; C. Snc<\/strong>, dont le si\u00e8ge l\u00e9gal est Via S. Italico, 3 \u2013 47814 Bellaria Igea Marina (RN) \u2013 Num\u00e9ro de TVA : 00086420403.<br \/>\nPour toute information concernant le traitement des donn\u00e9es personnelles de la part du titulaire, vous pouvez \u00e9crire aux adresses suivantes :<br \/>\nAdresse mail: <a href=\"mailto:info@hluxor.it\">info@hluxor.it<\/a><br \/>\nAdresse PEC: <a href=\"mailto:hluxor@pec.cgn.it\">hluxor@pec.cgn.it<\/a><\/p>\n<p><strong>2. Donn\u00e9es personnelles objet du traitement<\/strong><br \/>\nLes donn\u00e9es personnelles trait\u00e9es par le biais du site sont les suivantes :<br \/>\n2.1 Donn\u00e9es volontairement fournies par la personne concern\u00e9e<br \/>\nAux termes du GDPR, nous vous informons que les donn\u00e9es personnelles volontairement mises \u00e0 la disposition de la soci\u00e9t\u00e9 <em>Albergo Luxor di Bianchi Arnaldo &amp; C. Snc<\/em> feront l\u2019objet d\u2019un traitement dans le respect de la r\u00e9glementation en vigueur en mati\u00e8re de protection des donn\u00e9es personnelles et, de toute fa\u00e7on, des principes de confidentialit\u00e9 dont s\u2019inspire l\u2019activit\u00e9 du titulaire et aux seules fins indiqu\u00e9es dans la pr\u00e9sente note d\u2019information.<br \/>\nA la suite de la navigation sur le site, nous vous informons que le titulaire traitera des donn\u00e9es personnelles qui pourront \u00eatre constitu\u00e9es par un identifiant tel que le nom, un num\u00e9ro d\u2019identification, un identifiant en ligne, une adresse postale, une adresse de poste \u00e9lectronique, un num\u00e9ro de t\u00e9l\u00e9phone (fixe et\/ou mobile), ou par un ou plusieurs \u00e9l\u00e9ments caract\u00e9ristiques de votre identit\u00e9 physique, physiologique, psychique, \u00e9conomique, culturelle ou sociale aptes \u00e0 rendre la personne concern\u00e9e identifi\u00e9e ou identifiable.<\/p>\n<p><strong>2.2 Cat\u00e9gories de donn\u00e9es personnelles particuli\u00e8res<\/strong><br \/>\nLors de l\u2019utilisation de notre site, il pourrait se v\u00e9rifier qu\u2019une fourniture de donn\u00e9es personnelles vous concernant soit au nombre des cat\u00e9gories particuli\u00e8res de donn\u00e9es personnelles vis\u00e9es \u00e0 l\u2019art. 9 du R\u00e8glement, textuellement les \u201c[\u2026] donn\u00e9es personnelles r\u00e9v\u00e9lant l\u2019origine raciale ou ethnique, les opinions politiques, les convictions religieuses ou philosophiques, ou l\u2019appartenance syndicale, ainsi que [\u2026] des donn\u00e9es g\u00e9n\u00e9tiques, des donn\u00e9es biom\u00e9triques tendant \u00e0 identifier d\u2019une mani\u00e8re univoque une personne physique, des donn\u00e9es relatives \u00e0 la sant\u00e9 ou \u00e0 la vie sexuelle ou \u00e0 l\u2019orientation sexuelle de la personne \u201d. Nous vous invitons \u00e0 ne pas publier ces donn\u00e9es si ce n\u2019est pas strictement n\u00e9cessaire. Nous sp\u00e9cifions de toute fa\u00e7on l\u2019importance de manifester le consentement explicite au traitement des cat\u00e9gories de donn\u00e9es personnelles particuli\u00e8res, dans le cas o\u00f9 vous d\u00e9cidiez de partager ces m\u00eames informations.<br \/>\nDans les cas de transmission de cat\u00e9gories de donn\u00e9es personnelles particuli\u00e8res mais en l\u2019absence d\u2019une manifestation sp\u00e9cifique du consentement au traitement de ces m\u00eames donn\u00e9es, le titulaire ne pourra pas \u00eatre consid\u00e9r\u00e9 comme responsable \u00e0 aucun titre que ce soit, puisque, dans ce cas, le traitement est consenti, pour le fait d\u2019avoir pour objet des donn\u00e9es rendues manifestement publiques par la personne concern\u00e9e, conform\u00e9ment \u00e0 l\u2019art. 9(1)(e) du GDPR.<\/p>\n<p><strong>2.3 Donn\u00e9es de navigation et cookies<\/strong><br \/>\nLes syst\u00e8mes informatiques et les processus de logiciels pr\u00e9pos\u00e9s au fonctionnement du site saisissent, au cours de leur service courant, quelques donn\u00e9es personnelles dont la transmission est implicite dans l\u2019utilisation des protocoles de communication de Internet. Il s\u2019agit d\u2019informations qui ne sont pas collect\u00e9es pour \u00eatre associ\u00e9es \u00e0 des personnes concern\u00e9es identifi\u00e9es mais qui, de par leur nature m\u00eame, pourraient, par le biais d\u2019\u00e9laborations et d\u2019associations avec des donn\u00e9es d\u00e9tenues par des tiers, permettre d\u2019identifier les utilisateurs. De cette cat\u00e9gorie de donn\u00e9es font partie les adresses IP ou les noms de domaine des ordinateurs utilis\u00e9s par les usagers se connectant au site, les adresses en notation URI (Uniform Resource Identifier) des ressources demand\u00e9es, l\u2019heure de la demande, la m\u00e9thode utilis\u00e9e pour soumettre la demande au serveur, la taille du fichier obtenu en r\u00e9ponse, le code num\u00e9rique indiquant l\u2019\u00e9tat de la r\u00e9ponse fournie par le serveur (bonne fin, erreur, etc.) et d\u2019autres param\u00e8tres relatifs au syst\u00e8me d\u2019exploitation et \u00e0 l\u2019environnement informatique de l\u2019utilisateur. Ces donn\u00e9es sont utilis\u00e9es uniquement dans le but de tirer des informations statistiques anonymes sur l\u2019utilisation du site et pour en contr\u00f4ler son fonctionnement correct ; elles sont effac\u00e9es imm\u00e9diatement apr\u00e8s leur \u00e9laboration. Les informations collect\u00e9es automatiquement peuvent \u00eatre utilis\u00e9es par le titulaire pour la constatation de responsabilit\u00e9s en cas de d\u00e9lits informatiques hypoth\u00e9tiques commis au pr\u00e9judice du site, pour des fins statistiques, pour am\u00e9liorer la navigation et les contenus du site. Les informations \u00e9ventuellement acquises par le biais des cookies sont d\u00e9crites d\u2019une mani\u00e8re compl\u00e8te dans le document \u201cpolitique des cookies\u201d.<\/p>\n<p><strong>3. Finalit\u00e9s du traitement, base juridique et nature obligatoire ou facultative du traitement, p\u00e9riode de conservation des donn\u00e9es.<\/strong><br \/>\nLe traitement effectu\u00e9, si n\u00e9cessaire sur consentement sp\u00e9cifique, pr\u00e9sente les finalit\u00e9s suivantes :<br \/>\na) R\u00e9pondre \u00e0 des demandes d\u2019informations, de r\u00e9servations et\/ou permettre la fourniture des services demand\u00e9s. La base juridique du traitement pour ces m\u00eames finalit\u00e9s est l\u2019art. 6(1)(b) du GDPR (ex\u00e9cution d\u2019un contrat), les traitements \u00e9tant n\u00e9cessaires pour pouvoir satisfaire des demandes de la part de la personne concern\u00e9e ou fournir des services. La fourniture des donn\u00e9es personnelles pour ces finalit\u00e9s est facultative mais l\u2019\u00e9ventuelle non-fourniture comporterait l\u2019impossibilit\u00e9 de recevoir des r\u00e9ponses aux demandes et d\u2019activer les services fournis par le site. Les donn\u00e9es personnelles trait\u00e9es pour ces finalit\u00e9s seront conserv\u00e9es pour la p\u00e9riode strictement n\u00e9cessaire \u00e0 l\u2019accomplissement de ces m\u00eames finalit\u00e9s.<br \/>\nb) Accomplir d\u2019\u00e9ventuelles obligations l\u00e9gales, comptables et fiscales. La base juridique du traitement pour cette finalit\u00e9 est l\u2019art. 6(1)(c) du GDPR (accomplissement d\u2019une obligation l\u00e9gale). La fourniture des donn\u00e9es personnelles pour cette finalit\u00e9 est facultative. Une fois les donn\u00e9es personnelles fournies, le traitement est n\u00e9cessaire pour l\u2019accomplissement d\u2019une obligation l\u00e9gale \u00e0 laquelle le titulaire est soumis. Les donn\u00e9es personnelles trait\u00e9es pour cette finalit\u00e9 seront conserv\u00e9es pour la p\u00e9riode pr\u00e9vue par l\u2019obligation ou la norme l\u00e9gale sp\u00e9cifique applicable.<br \/>\nc) Effectuer des activit\u00e9s de commercialisation. Les donn\u00e9es fournies pourront \u00eatre trait\u00e9es, sur consentement explicite et sp\u00e9cifique, pour l\u2019envoi de communications promotionnelles et de commercialisation, y compris l\u2019envoi de newsletters, par le biais d\u2019outils automatis\u00e9s et non automatis\u00e9s. La base juridique du traitement pour cette finalit\u00e9 est l\u2019art. 6(1)(a) du GDPR (consentement de l\u2019utilisateur). La fourniture des donn\u00e9es pour les activit\u00e9s de direct marketing est facultative et cons\u00e9cutive \u00e0 un choix libre ; la non-fourniture du consentement pour cette finalit\u00e9 ne compromet pas la jouissance des autres services. Les donn\u00e9es personnelles trait\u00e9es pour cette finalit\u00e9 seront conserv\u00e9es jusqu\u2019\u00e0 la r\u00e9vocation du consentement de la part de la personne concern\u00e9e, ou, en l\u2019absence de cette m\u00eame r\u00e9vocation, pour une p\u00e9riode maximale de 10 ans.<\/p>\n<p><strong>4. Destinataires des donn\u00e9es personnelles<\/strong><\/p>\n<p>Les donn\u00e9es personnelles pourront \u00eatre partag\u00e9es, pour les finalit\u00e9s telles que pr\u00e9cis\u00e9es \u00e0 la section 3 pr\u00e9c\u00e9dente, avec :<br \/>\na. des personnes qui agissent sp\u00e9cifiquement en qualit\u00e9 de responsables du traitement, \u00e0 savoir :<br \/>\n\u2013 personnes, soci\u00e9t\u00e9s ou cabinets professionnels pr\u00eatant des activit\u00e9s d\u2019assistance et de conseil au titulaire en mati\u00e8re comptable, administrative, l\u00e9gale, fiscale, financi\u00e8re, de recouvrement de cr\u00e9ances, de commercialisation et de communication relativement \u00e0 la distribution des services ;<br \/>\n\u2013 personnes avec lesquelles il est n\u00e9cessaire d\u2019interagir pour la distribution des services (par exemple, les fournisseurs d\u2019h\u00e9bergement);<br \/>\n\u2013 personnes d\u00e9l\u00e9gu\u00e9es pour l\u2019exercice d\u2019activit\u00e9s de maintenance technique (y compris la maintenance des appareils de r\u00e9seau et des r\u00e9seaux de communication \u00e9lectronique).<br \/>\nb. personnes, organismes ou autorit\u00e9s auxquels la communication des donn\u00e9es personnelles est obligatoire conform\u00e9ment \u00e0 des dispositions l\u00e9gales ou \u00e0 des ordres \u00e9mis par les autorit\u00e9s.<br \/>\nc. personnes autoris\u00e9es par le titulaire au traitement de donn\u00e9es personnelles pour l\u2019exercice d\u2019activit\u00e9s strictement li\u00e9es \u00e0 la distribution des services ou aux autres finalit\u00e9s pr\u00e9vues \u00e0 la section 3 ci-dessus, ces personnes ayant \u00e9t\u00e9 opportun\u00e9ment form\u00e9es et s\u2019engageant au respect de la confidentialit\u00e9 (par exemple, les employ\u00e9s du titulaire).<\/p>\n<p><strong>5. Transfert des donn\u00e9es personnelles<\/strong><br \/>\nLes donn\u00e9es pourront \u00eatre transf\u00e9r\u00e9es \u00e0 l\u2019int\u00e9rieur de l\u2019Union europ\u00e9enne, o\u00f9 le titulaire ou ses fournisseurs ont leur si\u00e8ge ou ont leurs propres serveurs. Les donn\u00e9es ne seront pas transf\u00e9r\u00e9es dans des pays tiers ou \u00e0 des organisations internationales hors de l\u2019Union europ\u00e9enne.<\/p>\n<p><strong>6. Droits des personnes concern\u00e9es<\/strong><br \/>\nLe R\u00e8glement europ\u00e9en n\u00b0 679\/2016 reconna\u00eet \u00e0 la personne concern\u00e9e plusieurs droits, droits pour l\u2019exercice desquels celle-ci devra s\u2019adresser au titulaire \u00e0 l\u2019adresse info@hluxor.it :<br \/>\n\u2022 Droit d\u2019acc\u00e8s aux donn\u00e9es collect\u00e9es et trait\u00e9es (art. 15)<br \/>\n\u2022 Droit d\u2019obtenir la rectification des donn\u00e9es (art. 16)<br \/>\n\u2022 Droit d\u2019obtenir l\u2019effacement des donn\u00e9es et droit \u00e0 l\u2019oubli (art. 17)<br \/>\n\u2022 Droit d\u2019obtenir la limitation du traitement (art. 18)<br \/>\n\u2022 Droit \u00e0 la portabilit\u00e9 des donn\u00e9es \u00e0 un autre titulaire (art. 20)<br \/>\n\u2022 Droit d\u2019opposition au traitement (art. 21)<br \/>\n\u2022 Droit \u00e0 la non-soumission \u00e0 des traitements automatis\u00e9s(art. 22)<br \/>\n\u2022 Droit de pr\u00e9senter une r\u00e9clamation \u00e0 l\u2019Autorit\u00e9 de contr\u00f4le (art. 77);<br \/>\n\u2022 Droit de pr\u00e9senter un recours juridictionnel \u00e0 l\u2019encontre de l\u2019Autorit\u00e9 de contr\u00f4le (art. 78) et \u00e0 l\u2019encontre du titulaire et\/ou du responsable du traitement (art. 79);<br \/>\n\u2022 Droit de r\u00e9voquer le consentement \u00e0 tout moment (art.7 paragraphe 3), sans porter pr\u00e9judice \u00e0 la lic\u00e9it\u00e9 du traitement bas\u00e9e sur le consentement pr\u00eat\u00e9 avant la r\u00e9vocation.<\/p>\n<p><strong>7. Modifications<\/strong><br \/>\nLa pr\u00e9sente politique de confidentialit\u00e9 est la r\u00e9vision n\u00b0 1.1 du 25.05.2018. Le titulaire se r\u00e9serve le droit d\u2019en modifier ou d\u2019en mettre \u00e0 jour le contenu, voire successivement \u00e0 des variations de la r\u00e9glementation applicable.<\/p>\n","protected":false},"excerpt":{"rendered":"<p>Note d\u2019information sur la protection de la vie priv\u00e9e r\u00e9dig\u00e9e conform\u00e9ment \u00e0 l\u2019article 13 du R\u00e8glement UE 2016\/679 Cher Client, L\u2019objectif de cette note d\u2019information est de divulguer les modalit\u00e9s relatives au traitement des donn\u00e9es personnelles vous concernant, effectu\u00e9 dans le respect des obligations vis\u00e9es par le R\u00e8glement UE 679\/2016 sur le traitement des donn\u00e9es personnelles (GDPR). Cette note d\u2019information ne doit pas \u00eatre consid\u00e9r\u00e9e comme valable pour d\u2019autres sites &#8230;<\/p>\n","protected":false},"author":1,"featured_media":0,"parent":0,"menu_order":140,"comment_status":"closed","ping_status":"closed","template":"","meta":{"_acf_changed":false},"class_list":["post-55","page","type-page","status-publish","hentry"],"acf":[],"_links":{"self":[{"href":"https:\/\/www.hluxor.it\/fr\/wp-json\/wp\/v2\/pages\/55","targetHints":{"allow":["GET"]}}],"collection":[{"href":"https:\/\/www.hluxor.it\/fr\/wp-json\/wp\/v2\/pages"}],"about":[{"href":"https:\/\/www.hluxor.it\/fr\/wp-json\/wp\/v2\/types\/page"}],"author":[{"embeddable":true,"href":"https:\/\/www.hluxor.it\/fr\/wp-json\/wp\/v2\/users\/1"}],"replies":[{"embeddable":true,"href":"https:\/\/www.hluxor.it\/fr\/wp-json\/wp\/v2\/comments?post=55"}],"version-history":[{"count":0,"href":"https:\/\/www.hluxor.it\/fr\/wp-json\/wp\/v2\/pages\/55\/revisions"}],"wp:attachment":[{"href":"https:\/\/www.hluxor.it\/fr\/wp-json\/wp\/v2\/media?parent=55"}],"curies":[{"name":"wp","href":"https:\/\/api.w.org\/{rel}","templated":true}]}}