{"id":613,"date":"2016-07-29T12:11:55","date_gmt":"2016-07-29T10:11:55","guid":{"rendered":"https:\/\/www.hluxor.it\/pagina-di-esempio\/"},"modified":"2022-01-31T11:34:19","modified_gmt":"2022-01-31T10:34:19","slug":"pagina-di-esempio","status":"publish","type":"page","link":"https:\/\/www.hluxor.it\/fr\/","title":{"rendered":"\ud83c\udf43 Votre H\u00f4tel V\u00e9gane \u00e0 Bellaria Igea Marina"},"content":{"rendered":"<p>L\u2019\u00e2me de l\u2019H\u00f4tel \u00a0Luxor de Bellaria Igea Marina na\u00eet de la recherche d\u2019un <strong>style de vie sain, m\u00eame en vacances<\/strong>.<br \/>\nA partir de l\u2019<strong>alimentation<\/strong>.<br \/>\nL\u2019h\u00f4tel est g\u00e9r\u00e9 par <strong>la famille Bianchi<\/strong> depuis plus de soixante ans et a depuis toujours devanc\u00e9 les temps\u00a0 en mati\u00e8re de bien-\u00eatre.<\/p>\n<p>D\u00e8s le d\u00e9but des ann\u00e9es 80, sa cuisine a connu une \u00e9volution v\u00e9g\u00e9tarienne, privil\u00e9giant toujours plus la recherche de la sant\u00e9 \u00e0 partir de la table.<\/p>\n<p>En 2009, Barbara lui apporte une ult\u00e9rieure <strong>sp\u00e9cialisation, 100% v\u00e9gane<\/strong>, choisissant une proposition sous forme de buffet toujours plus riche.<\/p>\n","protected":false},"excerpt":{"rendered":"<p>L\u2019\u00e2me de l\u2019H\u00f4tel \u00a0Luxor de Bellaria Igea Marina na\u00eet de la recherche d\u2019un style de vie sain, m\u00eame en vacances. A partir de l\u2019alimentation. L\u2019h\u00f4tel est g\u00e9r\u00e9 par la famille Bianchi depuis plus de soixante ans et a depuis toujours devanc\u00e9 les temps\u00a0 en mati\u00e8re de bien-\u00eatre. D\u00e8s le d\u00e9but des ann\u00e9es 80, sa cuisine a connu une \u00e9volution v\u00e9g\u00e9tarienne, privil\u00e9giant toujours plus la recherche de la sant\u00e9 \u00e0 partir &#8230;<\/p>\n","protected":false},"author":1,"featured_media":0,"parent":0,"menu_order":155,"comment_status":"closed","ping_status":"closed","template":"","meta":{"_acf_changed":false},"class_list":["post-613","page","type-page","status-publish","hentry"],"acf":[],"_links":{"self":[{"href":"https:\/\/www.hluxor.it\/fr\/wp-json\/wp\/v2\/pages\/613","targetHints":{"allow":["GET"]}}],"collection":[{"href":"https:\/\/www.hluxor.it\/fr\/wp-json\/wp\/v2\/pages"}],"about":[{"href":"https:\/\/www.hluxor.it\/fr\/wp-json\/wp\/v2\/types\/page"}],"author":[{"embeddable":true,"href":"https:\/\/www.hluxor.it\/fr\/wp-json\/wp\/v2\/users\/1"}],"replies":[{"embeddable":true,"href":"https:\/\/www.hluxor.it\/fr\/wp-json\/wp\/v2\/comments?post=613"}],"version-history":[{"count":0,"href":"https:\/\/www.hluxor.it\/fr\/wp-json\/wp\/v2\/pages\/613\/revisions"}],"wp:attachment":[{"href":"https:\/\/www.hluxor.it\/fr\/wp-json\/wp\/v2\/media?parent=613"}],"curies":[{"name":"wp","href":"https:\/\/api.w.org\/{rel}","templated":true}]}}