{"id":618,"date":"2016-08-01T14:55:13","date_gmt":"2016-08-01T12:55:13","guid":{"rendered":"https:\/\/www.hluxor.it\/cucina\/"},"modified":"2021-12-06T12:56:26","modified_gmt":"2021-12-06T11:56:26","slug":"cuisine","status":"publish","type":"page","link":"https:\/\/www.hluxor.it\/fr\/cuisine\/","title":{"rendered":"H\u00f4tel avec cuisine v\u00e9gane"},"content":{"rendered":"<h2>A table? Accueil, rencontre et \u00e9change<\/h2>\n<p>A l\u2019H\u00f4tel Luxor de Bellaria Igea Marina, s\u2019assoir \u00e0 table signifie beaucoup plus que satisfaire son besoin d\u2019\u00e9nergie ou s\u2019offrir les plaisirs du palais.<br \/>\nA l \u2019H\u00f4tel Luxor de Bellaria Igea Marina, s\u2019assoir \u00e0 table est une exp\u00e9rience de partage.<\/p>\n<p>C\u2019est partager un repas avec ceux qui, comme vous, recherchent le bien-\u00eatre \u00e0 partir de l\u2019alimentation.<br \/>\nAvec ceux qui, comme vous, dans la vie de tous les jours, consacrent du temps et de l\u2019attention \u00e0 la s\u00e9lection des mati\u00e8res premi\u00e8res et \u00e0 la fa\u00e7on de les cuisiner.<br \/>\nAvec ceux qui, comme vous, choisissent des ingr\u00e9dients qui respectent la nature et les \u00eatres vivants et ne d\u00e9sirent que le meilleur pour ceux qu\u2019ils aiment et pour eux-m\u00eames.<\/p>\n<h3>La cuisine de l\u2019H\u00f4tel Luxor est 100% vegan, comme vous.<\/h3>\n<p>Barbara, en premi\u00e8re ligne, g\u00e8re les achats et s\u2019occupe de la pr\u00e9paration du buffet.<br \/>\nNous sommes en effet convaincus qu\u2019une proposition sous forme de<strong> buffet, tant pour le d\u00e9jeuner que pour le d\u00eener<\/strong>, laisse aux clients plus de libert\u00e9 pour exp\u00e9rimenter les saveurs, les quantit\u00e9s et les combinaisons de go\u00fbts.<br \/>\nBeaucoup de nos amis reconnaissent que leur approche de la cuisine v\u00e9gane a eu lieu en vacances, et qu\u2019ils ont ensuite \u00e9galement exp\u00e9riment\u00e9.<\/p>\n<h3>V\u00e9gane, local, sain<\/h3>\n<p>Chaque plat respecte votre style de vie.<br \/>\nNe privil\u00e9giant pour sa cuisine que les ingr\u00e9dients d\u2019origine v\u00e9g\u00e9tale, Barbara fait l\u2019impossible pour trouver des produits kilom\u00e8tre z\u00e9ro, dans le respect du territoire.\u00a0Tout est naturellement bon.\u00a0Chaque proposition du buffet refl\u00e8te la volont\u00e9 de retrouver les vraies saveurs d\u2019autrefois. Des temps auxquels les ingr\u00e9dients \u00e9taient simples et authentiques.\u00a0Les l\u00e9gumes du potager, les fruits de saison, les c\u00e9r\u00e9ales.\u00a0Vous respirez et vous go\u00fbtez le lien avec la terre, vous laissant surprendre par les saveurs retrouv\u00e9es du pass\u00e9.\u00a0La Romagne arrive sur la table dans toute son essence la plus authentique, embrassant parfois quelques propositions ethniques.<\/p>\n<p>&nbsp;<\/p>\n<p><a href=\"https:\/\/www.hluxor.it\/fr\/petit-dejeuner\/\"><em><u>D\u00e9couvrez le petit d\u00e9jeuner<\/u><\/em><\/a><\/p>\n","protected":false},"excerpt":{"rendered":"<p>A table? Accueil, rencontre et \u00e9change A l\u2019H\u00f4tel Luxor de Bellaria Igea Marina, s\u2019assoir \u00e0 table signifie beaucoup plus que satisfaire son besoin d\u2019\u00e9nergie ou s\u2019offrir les plaisirs du palais. A l \u2019H\u00f4tel Luxor de Bellaria Igea Marina, s\u2019assoir \u00e0 table est une exp\u00e9rience de partage. C\u2019est partager un repas avec ceux qui, comme vous, recherchent le bien-\u00eatre \u00e0 partir de l\u2019alimentation. Avec ceux qui, comme vous, dans la vie &#8230;<\/p>\n","protected":false},"author":1,"featured_media":0,"parent":0,"menu_order":150,"comment_status":"closed","ping_status":"closed","template":"","meta":{"_acf_changed":false},"class_list":["post-618","page","type-page","status-publish","hentry"],"acf":[],"_links":{"self":[{"href":"https:\/\/www.hluxor.it\/fr\/wp-json\/wp\/v2\/pages\/618","targetHints":{"allow":["GET"]}}],"collection":[{"href":"https:\/\/www.hluxor.it\/fr\/wp-json\/wp\/v2\/pages"}],"about":[{"href":"https:\/\/www.hluxor.it\/fr\/wp-json\/wp\/v2\/types\/page"}],"author":[{"embeddable":true,"href":"https:\/\/www.hluxor.it\/fr\/wp-json\/wp\/v2\/users\/1"}],"replies":[{"embeddable":true,"href":"https:\/\/www.hluxor.it\/fr\/wp-json\/wp\/v2\/comments?post=618"}],"version-history":[{"count":0,"href":"https:\/\/www.hluxor.it\/fr\/wp-json\/wp\/v2\/pages\/618\/revisions"}],"wp:attachment":[{"href":"https:\/\/www.hluxor.it\/fr\/wp-json\/wp\/v2\/media?parent=618"}],"curies":[{"name":"wp","href":"https:\/\/api.w.org\/{rel}","templated":true}]}}