{"id":622,"date":"2017-10-23T15:57:14","date_gmt":"2017-10-23T13:57:14","guid":{"rendered":"https:\/\/www.hluxor.it\/camere\/"},"modified":"2020-11-17T10:00:40","modified_gmt":"2020-11-17T09:00:40","slug":"chambres","status":"publish","type":"page","link":"https:\/\/www.hluxor.it\/fr\/chambres\/","title":{"rendered":"Chambres et Suites de l&rsquo;h\u00f4tel Luxor"},"content":{"rendered":"<h2 style=\"text-align: center;\">Il y a celle qui est faite pour vous<\/h2>\n<p>Chaque s\u00e9jour est diff\u00e9rent, comme l\u2019est \u00e9galement chaque client. Certains d\u00e9sirent plus d\u2019espace, d\u2019autres plus de commodit\u00e9s et d\u2019autres encore plus de praticit\u00e9.<br \/>\nA l\u2019H\u00f4tel Luxor, <strong>vous trouvez toujours une chambre qui vous convient.<\/strong><br \/>\nElles sont toutes bien \u00e9clair\u00e9es par une <strong>lumi\u00e8re naturelle<\/strong>, con\u00e7ues pour que vous vous y sentiez \u00e0 votre aise et pour vous accueillir gr\u00e2ce \u00e0 des <strong>attentions sur mesure<\/strong>.<\/p>\n","protected":false},"excerpt":{"rendered":"<p>Il y a celle qui est faite pour vous Chaque s\u00e9jour est diff\u00e9rent, comme l\u2019est \u00e9galement chaque client. Certains d\u00e9sirent plus d\u2019espace, d\u2019autres plus de commodit\u00e9s et d\u2019autres encore plus de praticit\u00e9. A l\u2019H\u00f4tel Luxor, vous trouvez toujours une chambre qui vous convient. Elles sont toutes bien \u00e9clair\u00e9es par une lumi\u00e8re naturelle, con\u00e7ues pour que vous vous y sentiez \u00e0 votre aise et pour vous accueillir gr\u00e2ce \u00e0 des attentions &#8230;<\/p>\n","protected":false},"author":1,"featured_media":0,"parent":0,"menu_order":118,"comment_status":"closed","ping_status":"closed","template":"","meta":{"_acf_changed":false},"class_list":["post-622","page","type-page","status-publish","hentry"],"acf":[],"_links":{"self":[{"href":"https:\/\/www.hluxor.it\/fr\/wp-json\/wp\/v2\/pages\/622","targetHints":{"allow":["GET"]}}],"collection":[{"href":"https:\/\/www.hluxor.it\/fr\/wp-json\/wp\/v2\/pages"}],"about":[{"href":"https:\/\/www.hluxor.it\/fr\/wp-json\/wp\/v2\/types\/page"}],"author":[{"embeddable":true,"href":"https:\/\/www.hluxor.it\/fr\/wp-json\/wp\/v2\/users\/1"}],"replies":[{"embeddable":true,"href":"https:\/\/www.hluxor.it\/fr\/wp-json\/wp\/v2\/comments?post=622"}],"version-history":[{"count":0,"href":"https:\/\/www.hluxor.it\/fr\/wp-json\/wp\/v2\/pages\/622\/revisions"}],"wp:attachment":[{"href":"https:\/\/www.hluxor.it\/fr\/wp-json\/wp\/v2\/media?parent=622"}],"curies":[{"name":"wp","href":"https:\/\/api.w.org\/{rel}","templated":true}]}}