{"id":668,"date":"2016-08-01T15:06:50","date_gmt":"2016-08-01T13:06:50","guid":{"rendered":"https:\/\/www.hluxor.it\/servizi\/"},"modified":"2022-08-10T16:31:53","modified_gmt":"2022-08-10T14:31:53","slug":"services","status":"publish","type":"page","link":"https:\/\/www.hluxor.it\/fr\/services\/","title":{"rendered":"Toutes les attentions pour vous"},"content":{"rendered":"<h2>Services et confort vont de pair avec notre sourire et notre disponibilit\u00e9<\/h2>\n<p>A l\u2019H\u00f4tel Luxor, vous pouvez vivre les vacances dont vous r\u00eavez en toute libert\u00e9.<br \/>\nChacune de vos demandes rencontre un sourire courtois et la plus grande disponibilit\u00e9 de notre part pour faire en sorte que votre s\u00e9jour id\u00e9al se concr\u00e9tise.<br \/>\nVotre s\u00e9jour comprend toujours les services suivants:<\/p>\n<ul>\n<li>Parking<\/li>\n<li>Connexion Wi-Fi dans toute la structure<\/li>\n<\/ul>\n<h3>Mens sana in corpore sano<\/h3>\n<p>Vous aimez les vacances actives ?<br \/>\nVous \u00eates convaincus que les vacances sont faites pour se distraire gr\u00e2ce \u00e0 de nouveaux\u00a0 passe-temps, des excursions et du sport\u00a0?<\/p>\n<p>Alors, sur demande, vous pouvez disposer de <strong>guides exp\u00e9riment\u00e9s pour des sorties \u00e0 v\u00e9lo <\/strong>dans l\u2019arri\u00e8re-pays de la Romagne.<br \/>\nSi vous aimez le <strong>tennis, \u00a0<\/strong>les nouveaux courts en terre battue du Venustas Tennis Club vous attendent.<br \/>\nSi la <strong>natation<\/strong> est votre passion, vous disposez d\u2019entr\u00e9es \u00e0 prix r\u00e9duit aux trois piscines couvertes et \u00e0 l\u2019espace fitness dot\u00e9 d\u2019\u00e9quipements Technogym du centre sportif Gelso Sport, \u00e0 environ 500 m\u00e8tres de l\u2019h\u00f4tel.<br \/>\nPour les passionn\u00e9s d\u2019activit\u00e9s de plein air : entr\u00e9es facilit\u00e9es au <strong>Rimini Golf Club<\/strong> et \u00e0 la structure du <strong>Centro Ippico<\/strong>.<\/p>\n<h3>De vraies vacances au bord de la mer<\/h3>\n<p>Le sable dor\u00e9 de la Riviera est un accueillant tapis qui s\u2019enfonce doucement dans la mer.<br \/>\nL\u2019H\u00f4tel Luxor offre une convention sp\u00e9ciale avec les \u00e9tablissements baln\u00e9aires <strong>Bagno Lido 72<\/strong> et <strong>Bagno Mario 71, <\/strong>ainsi qu\u2019avec le Centre de plong\u00e9e Scuba Libre, aupr\u00e8s duquel se tiennent \u00e9galement des <strong>cours de voile et de windsurf<\/strong>.<\/p>\n<p>Chaque ann\u00e9e, la mer de Bellaria Igea Marina re\u00e7oit le <strong>Drapeau Bleu<\/strong> pour la qualit\u00e9 de ses eaux destin\u00e9es \u00e0 la baln\u00e9ation et la praticabilit\u00e9 de ses plages.<br \/>\n<strong>Les plagistes de nos \u00e9tablissements baln\u00e9aires <\/strong>disposent de terrains de <strong>beach volley <\/strong>et de<strong> beach soccer<\/strong>, organisent des <strong>mini-clubs <\/strong>et des<strong> moments d\u2019animation<\/strong> et mettent \u00e0 la disposition des enfants de vastes espaces \u00e9quip\u00e9s de<strong> jeux.<\/strong><\/p>\n<h3>Divertissement pour petits et grands<\/h3>\n<p>L\u2019H\u00f4tel Luxor r\u00e9serve des occasions sp\u00e9ciales \u00e0 ceux qui voyagent en famille pour pouvoir sourire ensemble.<br \/>\nA quelques pas de l\u2019h\u00f4tel, vous trouverez deux parcs de jeu pour les enfants, <strong>Paperopoli<\/strong> et <strong>Santa F\u00e9, <\/strong>ainsi que des man\u00e8ges vari\u00e9s o\u00f9 pouvoir passer d\u2019amusantes soir\u00e9es tous ensemble.<\/p>\n<p><strong>R\u00e9ductions exclusives sur les billets pour :<\/strong><\/p>\n<ul>\n<li>le tour de Bellaria Igea Marina \u00e0 bord du sympathique petit train de la localit\u00e9 \u00ab\u00a0<strong>Trenino Citt\u00e0\u00a0\u00bb<\/strong><\/li>\n<li><strong>les parcs \u00e0 th\u00e8me<\/strong> les plus c\u00e9l\u00e8bres de la Riviera comme Oltremare, Mirabilandia, l\u2019Aquarium de Cattolica, Italia in Miniatura, Fiabilandia et Aquafan.<\/li>\n<li>une promenade panoramique en bateau \u00e0 bord de la <strong>Motonave Super TAYFUN<\/strong> pour vivre les merveilles de la mer<\/li>\n<li>des soir\u00e9es dansantes au <strong>Mito Club<\/strong> de Igea Marina, avec parc et piscine.<\/li>\n<li>d\u2019int\u00e9ressantes excursions dans l<strong>\u2019arri\u00e8re-pays <\/strong>romagnol \u00e0 la d\u00e9couverte de ch\u00e2teaux et de forteresses m\u00e9di\u00e9vales<\/li>\n<\/ul>\n<h3>Un s\u00e9jour avec vos amis les animaux<\/h3>\n<p>Naturellement, l\u2019H\u00f4tel Luxor aime les animaux et la famille Bianchi vit chaque jour avec des chats et des chiens. Tous les animaux sont admis.<br \/>\nVos amis \u00e0 quatre pattes sont toujours les bienvenus. Ils pourront avoir acc\u00e8s aux espaces en commun, \u00e0 l\u2019exception de la salle de restaurant. Ceux qui ne veulent pas se s\u00e9parer de leur animal lors des repas auront la possibilit\u00e9 de manger dans le jardin.<br \/>\nPour des vacances heureuses, la plage de Bellaria Igea Marina est riche en zones <em>pet friendly\u00a0<\/em>; en particulier, l\u2019\u00e9tablissement baln\u00e9aire Bagno Lido 72, en face de l\u2019h\u00f4tel, dispose d\u2019espaces ferm\u00e9s r\u00e9serv\u00e9s aux familles avec chiens.<br \/>\nA quelques pas de l\u2019h\u00f4tel, le Parc del Gelso, soit 2500 hectares de verdure, vous attend pour de divertissantes promenades et dispose \u00e9galement d\u2019un espace ferm\u00e9 pour chiens, Area Fido, o\u00f9 vos petits amis pourront courir en toute libert\u00e9.<\/p>\n","protected":false},"excerpt":{"rendered":"<p>Services et confort vont de pair avec notre sourire et notre disponibilit\u00e9 A l\u2019H\u00f4tel Luxor, vous pouvez vivre les vacances dont vous r\u00eavez en toute libert\u00e9. Chacune de vos demandes rencontre un sourire courtois et la plus grande disponibilit\u00e9 de notre part pour faire en sorte que votre s\u00e9jour id\u00e9al se concr\u00e9tise. Votre s\u00e9jour comprend toujours les services suivants: Parking Connexion Wi-Fi dans toute la structure Mens sana in corpore &#8230;<\/p>\n","protected":false},"author":1,"featured_media":0,"parent":0,"menu_order":148,"comment_status":"closed","ping_status":"closed","template":"","meta":{"_acf_changed":false},"class_list":["post-668","page","type-page","status-publish","hentry"],"acf":[],"_links":{"self":[{"href":"https:\/\/www.hluxor.it\/fr\/wp-json\/wp\/v2\/pages\/668","targetHints":{"allow":["GET"]}}],"collection":[{"href":"https:\/\/www.hluxor.it\/fr\/wp-json\/wp\/v2\/pages"}],"about":[{"href":"https:\/\/www.hluxor.it\/fr\/wp-json\/wp\/v2\/types\/page"}],"author":[{"embeddable":true,"href":"https:\/\/www.hluxor.it\/fr\/wp-json\/wp\/v2\/users\/1"}],"replies":[{"embeddable":true,"href":"https:\/\/www.hluxor.it\/fr\/wp-json\/wp\/v2\/comments?post=668"}],"version-history":[{"count":0,"href":"https:\/\/www.hluxor.it\/fr\/wp-json\/wp\/v2\/pages\/668\/revisions"}],"wp:attachment":[{"href":"https:\/\/www.hluxor.it\/fr\/wp-json\/wp\/v2\/media?parent=668"}],"curies":[{"name":"wp","href":"https:\/\/api.w.org\/{rel}","templated":true}]}}