{"id":695,"date":"2018-05-09T12:54:35","date_gmt":"2018-05-09T10:54:35","guid":{"rendered":"https:\/\/www.hluxor.it\/colazione-vegana\/"},"modified":"2023-02-10T09:18:59","modified_gmt":"2023-02-10T08:18:59","slug":"petit-dejeuner","status":"publish","type":"page","link":"https:\/\/www.hluxor.it\/fr\/petit-dejeuner\/","title":{"rendered":"Petit d\u00e9jeuner v\u00e9gane: naturellement sucr\u00e9"},"content":{"rendered":"<h2>En vacances, le petit d\u00e9jeuner est le premier sourire de la journ\u00e9e.<\/h2>\n<p>Le petit d\u00e9jeuner v\u00e9gane de l\u2019H\u00f4tel Luxor est enti\u00e8rement <strong>pr\u00e9par\u00e9 par la maison<\/strong>. Il est naturellement bon car il est <strong>pr\u00e9par\u00e9 avec des \u00e9dulcorants non raffin\u00e9s<\/strong> comme le malt d\u2019orge, le malt de riz, le sucre de canne brut et les fruits secs.<\/p>\n<p>Vous y trouvez des viennoiseries sortant du four, des g\u00e2teaux au chocolat, des g\u00e2teaux \u00e0 l\u2019orange, des tartes \u00e0 la confiture, des cakes\u2026 chacun d\u2019eux renfermant la saveur authentique d\u2019un petit d\u00e9jeuner sain et gourmand.<\/p>\n<p>Pain de seigle maison, biscuits, confitures et marmelades sans sucre, p\u00e2te \u00e0 tartiner au cacao, poudre de caroube pour chocolats chauds, galettes de riz et de ma\u00efs, flocons d\u2019avoine complets, corn flakes aux fruits rouges, muesli aux fruits, yaourts au soja, fruits et l\u00e9gumes frais, fruits secs et graines ol\u00e9agineuses.<\/p>\n<p>Par ailleurs, nous ajoutons chaque \u00e9t\u00e9 quelques nouveaut\u00e9s qui enrichissent l\u2019exp\u00e9rience de go\u00fbt du petit d\u00e9jeuner de l\u2019H\u00f4tel Luxor.<br \/>\nD\u00e9sormais, le buffet vous propose \u00e9galement d\u2019<strong>excellentes charcuteries v\u00e9ganes<\/strong>, s\u00e9lectionn\u00e9es avec soin, du<strong> tahini<\/strong>, riche en calcium, en vitamines et en om\u00e9ga 3, ainsi que de la <strong>cr\u00e8me de riz<\/strong>, id\u00e9ale pour tout r\u00e9gime macrobiotique et base excellente pour les c\u00e9r\u00e9ales ou pour de d\u00e9licieuses<br \/>\nsalades de fruits.<\/p>\n<p>Votre petit d\u00e9jeuner \u00e0 l\u2019H\u00f4tel Luxor a le rythme lent de la relaxation et de ceux qui appr\u00e9cient tout sans h\u00e2te, savourant chaque bouch\u00e9e.<\/p>\n<h3>Et \u00e0 boire ?<\/h3>\n<p>Boissons v\u00e9g\u00e9tales de riz, de soja et d\u2019avoine, cappuccino \u00e0 base de lait v\u00e9g\u00e9tal, caf\u00e9 d\u2019orge, caf\u00e9 biologique et une riche s\u00e9lection de th\u00e9s et de tisanes.<br \/>\nVous y trouvez \u00e9galement un extracteur de jus pour des concentr\u00e9s de fruits et de l\u00e9gumes frais \u00e9nerg\u00e9tiques, ainsi que de l\u2019<strong>Eau Kangen<\/strong>, alcaline et ionis\u00e9e, ayant un effet b\u00e9n\u00e9fique, r\u00e9g\u00e9n\u00e9rant et purifiant pour votre organisme.<\/p>\n","protected":false},"excerpt":{"rendered":"<p>En vacances, le petit d\u00e9jeuner est le premier sourire de la journ\u00e9e. Le petit d\u00e9jeuner v\u00e9gane de l\u2019H\u00f4tel Luxor est enti\u00e8rement pr\u00e9par\u00e9 par la maison. Il est naturellement bon car il est pr\u00e9par\u00e9 avec des \u00e9dulcorants non raffin\u00e9s comme le malt d\u2019orge, le malt de riz, le sucre de canne brut et les fruits secs. Vous y trouvez des viennoiseries sortant du four, des g\u00e2teaux au chocolat, des g\u00e2teaux \u00e0 &#8230;<\/p>\n","protected":false},"author":1,"featured_media":0,"parent":0,"menu_order":27,"comment_status":"closed","ping_status":"closed","template":"","meta":{"_acf_changed":false},"class_list":["post-695","page","type-page","status-publish","hentry"],"acf":[],"_links":{"self":[{"href":"https:\/\/www.hluxor.it\/fr\/wp-json\/wp\/v2\/pages\/695","targetHints":{"allow":["GET"]}}],"collection":[{"href":"https:\/\/www.hluxor.it\/fr\/wp-json\/wp\/v2\/pages"}],"about":[{"href":"https:\/\/www.hluxor.it\/fr\/wp-json\/wp\/v2\/types\/page"}],"author":[{"embeddable":true,"href":"https:\/\/www.hluxor.it\/fr\/wp-json\/wp\/v2\/users\/1"}],"replies":[{"embeddable":true,"href":"https:\/\/www.hluxor.it\/fr\/wp-json\/wp\/v2\/comments?post=695"}],"version-history":[{"count":0,"href":"https:\/\/www.hluxor.it\/fr\/wp-json\/wp\/v2\/pages\/695\/revisions"}],"wp:attachment":[{"href":"https:\/\/www.hluxor.it\/fr\/wp-json\/wp\/v2\/media?parent=695"}],"curies":[{"name":"wp","href":"https:\/\/api.w.org\/{rel}","templated":true}]}}