{"id":711,"date":"2018-05-09T18:28:29","date_gmt":"2018-05-09T16:28:29","guid":{"rendered":"https:\/\/www.hluxor.it\/gestione-familiare\/"},"modified":"2025-02-21T18:13:16","modified_gmt":"2025-02-21T17:13:16","slug":"gestion-familiale","status":"publish","type":"page","link":"https:\/\/www.hluxor.it\/fr\/gestion-familiale\/","title":{"rendered":"L\u2019hospitalit\u00e9 est une recette de famille"},"content":{"rendered":"<h2>L\u2019affection de la famille Bianchi<\/h2>\n<p>Nous nous appelons Arnaldo, Carla, Barbara et Beatrice et, ensemble, nous formons la famille de l\u2019H\u00f4tel Luxor de Bellaria Igea Marina, pour vos vacances saines, v\u00e9ganes et naturelles.<br \/>\nChez nous, nous aimons vous accueillir en vous offrant ce que nous voudrions nous-m\u00eames trouver en vacances, \u00e0 partir de la cuisine, qui doit susciter de belles \u00e9motions, savoir accueillir et satisfaire.<\/p>\n<p>Les choix que nous faisons au quotidien sont dict\u00e9s par nos exp\u00e9riences personnelles, tant comme voyageurs que comme personnes qui aiment la vie sous toutes ses formes. Nous sommes curieux, nous aimons exp\u00e9rimenter, faire des recherches et partager de toujours nouvelles certitudes de bien-\u00eatre.<\/p>\n<p>Nous sommes les consommateurs habituels de produits provenant de nos campagnes, o\u00f9 l\u2019on suit encore les cycles naturels des saisons et o\u00f9 chaque fruit de la terre a son temps.<\/p>\n<p><strong>Lutte int\u00e9gr\u00e9e, biologique, kilom\u00e8tre z\u00e9ro <\/strong>sont des concepts que nous faisons n\u00f4tres chaque jour. Barbara, qui g\u00e8re personnellement la cuisine, est pr\u00eate \u00e0 vous surprendre par un arc-en-ciel de saveurs naturelles. Beatrice reste toujours inform\u00e9e sur l\u2019univers de la sant\u00e9 \u00e0 360 degr\u00e9s et organise <strong>aupr\u00e8s de l\u2019h\u00f4tel des rencontres de formation et des s\u00e9minaires <\/strong>sur les th\u00e8mes relatifs au bien-\u00eatre holistique les plus importants.<\/p>\n<p>Depuis des ann\u00e9es, l&rsquo;H\u00f4tel Luxor s&rsquo;implique dans les \u00e9conomies d&rsquo;\u00e9nergie et d&rsquo;eau, le tri des d\u00e9chets et l&rsquo;utilisation de d\u00e9tergents \u00e9cologiques non test\u00e9s sur les animaux.<\/p>\n<p>Naturellement, nous aimons les animaux et vivons chaque jour avec des chats et des chiens ; pour cette raison, vos amis et compagnons de votre vie sont les bienvenus chez nous\u00a0!<\/p>\n<h2>Vous aimez les histoires curieuses? Alors en voici une sur la naissance de l\u2019H\u00f4tel Luxor<\/h2>\n<p><img loading=\"lazy\" decoding=\"async\" class=\"alignleft size-full wp-image-1849\" src=\"https:\/\/www.hluxor.it\/barbaraveggiechef\/wp-content\/uploads\/2018\/06\/arnaldo_carla.jpg\" alt=\"arnaldo_carla\" width=\"200\" height=\"200\" \/><\/p>\n<p>Notre histoire commence dans les\u00a0<strong>ann\u00e9es 50<\/strong>, \u00e9poque \u00e0 laquelle les premiers touristes \u00e0 la recherche de nouveaux lieux de vacances arrivent \u00e9galement \u00e0<strong>\u00a0Igea Marina.<\/strong><\/p>\n<p>Le petit centre conna\u00eet alors une rapide transformation et une grande effervescence s\u2019empare de la localit\u00e9, gagnant \u00e9galement\u00a0<strong>Mario Bianchi<\/strong>, ma\u00eetre-ma\u00e7on, et\u00a0<strong>Luigina Ricci<\/strong>, couturi\u00e8re et cuisini\u00e8re, qui d\u00e9cident ainsi de transformer leur petite maison en une pension pour touristes.<\/p>\n<p>C\u2019est ainsi qu\u2019en\u00a0<strong>1952,<\/strong>\u00a0gr\u00e2ce \u00e0 leur d\u00e9termination, \u00e0 un dur travail et \u00e0 de nombreuses lettres de change, Mario et Luigina parviennent finalement \u00e0 r\u00e9aliser leur r\u00eave.<\/p>\n<p>En ces ann\u00e9es, Igea Marina devient une destination tr\u00e8s convoit\u00e9e pour les premiers baigneurs qui se rendent en Romagne de l\u2019Emilie et de la Lombardie pour leurs vacances \u00e0 la mer.<\/p>\n<p><img loading=\"lazy\" decoding=\"async\" class=\"alignright size-full wp-image-1854\" src=\"https:\/\/www.hluxor.it\/barbaraveggiechef\/wp-content\/uploads\/2018\/06\/barbara_bea.jpg\" alt=\"barbara_bea\" width=\"250\" height=\"124\" \/>Au cours du temps, les flux touristiques ont progressivement modifi\u00e9 les anciens petits villages de p\u00eacheurs et de paysans: d\u00e8s le si\u00e8cle dernier, ces petits centres avaient commenc\u00e9 \u00e0 accueillir des touristes d\u00e9sirant trouver\u00a0<strong>un lieu calme, tranquille et offrant la possibilit\u00e9 de respirer un air sain<\/strong>.<\/p>\n","protected":false},"excerpt":{"rendered":"<p>L\u2019affection de la famille Bianchi Nous nous appelons Arnaldo, Carla, Barbara et Beatrice et, ensemble, nous formons la famille de l\u2019H\u00f4tel Luxor de Bellaria Igea Marina, pour vos vacances saines, v\u00e9ganes et naturelles. Chez nous, nous aimons vous accueillir en vous offrant ce que nous voudrions nous-m\u00eames trouver en vacances, \u00e0 partir de la cuisine, qui doit susciter de belles \u00e9motions, savoir accueillir et satisfaire. Les choix que nous faisons &#8230;<\/p>\n","protected":false},"author":1,"featured_media":0,"parent":0,"menu_order":26,"comment_status":"closed","ping_status":"closed","template":"","meta":{"_acf_changed":false},"class_list":["post-711","page","type-page","status-publish","hentry"],"acf":[],"_links":{"self":[{"href":"https:\/\/www.hluxor.it\/fr\/wp-json\/wp\/v2\/pages\/711","targetHints":{"allow":["GET"]}}],"collection":[{"href":"https:\/\/www.hluxor.it\/fr\/wp-json\/wp\/v2\/pages"}],"about":[{"href":"https:\/\/www.hluxor.it\/fr\/wp-json\/wp\/v2\/types\/page"}],"author":[{"embeddable":true,"href":"https:\/\/www.hluxor.it\/fr\/wp-json\/wp\/v2\/users\/1"}],"replies":[{"embeddable":true,"href":"https:\/\/www.hluxor.it\/fr\/wp-json\/wp\/v2\/comments?post=711"}],"version-history":[{"count":0,"href":"https:\/\/www.hluxor.it\/fr\/wp-json\/wp\/v2\/pages\/711\/revisions"}],"wp:attachment":[{"href":"https:\/\/www.hluxor.it\/fr\/wp-json\/wp\/v2\/media?parent=711"}],"curies":[{"name":"wp","href":"https:\/\/api.w.org\/{rel}","templated":true}]}}