{"id":757,"date":"2018-05-10T10:59:19","date_gmt":"2018-05-10T08:59:19","guid":{"rendered":"https:\/\/www.hluxor.it\/entroterra\/"},"modified":"2018-06-20T10:50:11","modified_gmt":"2018-06-20T08:50:11","slug":"arriere-pays","status":"publish","type":"page","link":"https:\/\/www.hluxor.it\/fr\/arriere-pays\/","title":{"rendered":"ARRI\u00c8RE-PAYS"},"content":{"rendered":"<p style=\"text-align: center;\">Gr\u00e2ce \u00e0 sa conformation territoriale,<strong>\u00a0la Romagne<\/strong>\u00a0est un lieu parfait pour associer \u00e0 des vacances<strong>\u00a0\u201cde soleil et de mer\u201d<\/strong>\u00a0un s\u00e9jour culturel et des moments au contact de la nature.<\/p>\n<p style=\"text-align: center;\"><strong>Terre de grande valeur historique<\/strong>, elle parvient \u00e0 concilier le rythme pressant de la c\u00f4te avec<strong>\u00a0l\u2019atmosph\u00e8re m\u00e9ditative de ses collines, pr\u00eates \u00e0 vous accueillir et \u00e0 vous faire d\u00e9couvrir leurs merveilles.<\/strong><\/p>\n<h3 style=\"text-align: center;\">Sogliano al Rubicone<\/h3>\n<div id='gallery-1' class='gallery galleryid-757 gallery-columns-4 gallery-size-thumbnail'><figure class='gallery-item'>\n\t\t\t<div class='gallery-icon landscape'>\n\t\t\t\t<a href='https:\/\/www.hluxor.it\/wp-content\/uploads\/2018\/06\/sogliano_725967448.jpg' data-size=\"1440x960\"><img loading=\"lazy\" decoding=\"async\" width=\"300\" height=\"300\" src=\"https:\/\/www.hluxor.it\/wp-content\/uploads\/2018\/06\/sogliano_725967448-300x300.jpg\" class=\"attachment-thumbnail size-thumbnail\" alt=\"\" \/><\/a>\n\t\t\t<\/div><\/figure><figure class='gallery-item'>\n\t\t\t<div class='gallery-icon landscape'>\n\t\t\t\t<a href='https:\/\/www.hluxor.it\/wp-content\/uploads\/2018\/06\/sogliano_727705135.jpg' data-size=\"1440x960\"><img loading=\"lazy\" decoding=\"async\" width=\"300\" height=\"300\" src=\"https:\/\/www.hluxor.it\/wp-content\/uploads\/2018\/06\/sogliano_727705135-300x300.jpg\" class=\"attachment-thumbnail size-thumbnail\" alt=\"\" \/><\/a>\n\t\t\t<\/div><\/figure><figure class='gallery-item'>\n\t\t\t<div class='gallery-icon landscape'>\n\t\t\t\t<a href='https:\/\/www.hluxor.it\/wp-content\/uploads\/2018\/06\/sogliano_729045499.jpg' data-size=\"1440x960\"><img loading=\"lazy\" decoding=\"async\" width=\"300\" height=\"300\" src=\"https:\/\/www.hluxor.it\/wp-content\/uploads\/2018\/06\/sogliano_729045499-300x300.jpg\" class=\"attachment-thumbnail size-thumbnail\" alt=\"\" \/><\/a>\n\t\t\t<\/div><\/figure><figure class='gallery-item'>\n\t\t\t<div class='gallery-icon landscape'>\n\t\t\t\t<a href='https:\/\/www.hluxor.it\/wp-content\/uploads\/2018\/06\/sogliano_731598139.jpg' data-size=\"1440x960\"><img loading=\"lazy\" decoding=\"async\" width=\"300\" height=\"300\" src=\"https:\/\/www.hluxor.it\/wp-content\/uploads\/2018\/06\/sogliano_731598139-300x300.jpg\" class=\"attachment-thumbnail size-thumbnail\" alt=\"\" \/><\/a>\n\t\t\t<\/div><\/figure>\n\t\t<\/div>\n\n<p style=\"text-align: center;\">Le territoire communal de Sogliano al Rubicone s\u2019\u00e9tend sur une vaste zone comprise entre les fleuves Savio et Rubicone; essentiellement compos\u00e9 de collines, il offre de beaux panoramas sur les Apennins et sur la mer Adriatique. Le Fromage de Fosse, dont la saveur est appr\u00e9ci\u00e9e sur tout le territoire national, est d\u00e9sormais devenu le symbole gastronomique de Sogliano al Rubicone. Ce produit unique, originaire des vall\u00e9es du Rubicone et du Marecchia, est obtenu \u00e0 partir de la fermentation des fromages dans des fosses de tuf.<\/p>\n<h3 style=\"text-align: center;\">Santarcangelo di Romagna<\/h3>\n<div id='gallery-2' class='gallery galleryid-757 gallery-columns-4 gallery-size-thumbnail'><figure class='gallery-item'>\n\t\t\t<div class='gallery-icon landscape'>\n\t\t\t\t<a href='https:\/\/www.hluxor.it\/wp-content\/uploads\/2018\/06\/Santarcangelo_103246154.jpg' data-size=\"1440x960\"><img loading=\"lazy\" decoding=\"async\" width=\"300\" height=\"300\" src=\"https:\/\/www.hluxor.it\/wp-content\/uploads\/2018\/06\/Santarcangelo_103246154-300x300.jpg\" class=\"attachment-thumbnail size-thumbnail\" alt=\"\" \/><\/a>\n\t\t\t<\/div><\/figure><figure class='gallery-item'>\n\t\t\t<div class='gallery-icon landscape'>\n\t\t\t\t<a href='https:\/\/www.hluxor.it\/wp-content\/uploads\/2018\/06\/Santarcangelo_450222379.jpg' data-size=\"1440x960\"><img loading=\"lazy\" decoding=\"async\" width=\"300\" height=\"300\" src=\"https:\/\/www.hluxor.it\/wp-content\/uploads\/2018\/06\/Santarcangelo_450222379-300x300.jpg\" class=\"attachment-thumbnail size-thumbnail\" alt=\"\" \/><\/a>\n\t\t\t<\/div><\/figure><figure class='gallery-item'>\n\t\t\t<div class='gallery-icon landscape'>\n\t\t\t\t<a href='https:\/\/www.hluxor.it\/wp-content\/uploads\/2018\/06\/Santarcangelo_515792044.jpg' data-size=\"1440x960\"><img loading=\"lazy\" decoding=\"async\" width=\"300\" height=\"300\" src=\"https:\/\/www.hluxor.it\/wp-content\/uploads\/2018\/06\/Santarcangelo_515792044-300x300.jpg\" class=\"attachment-thumbnail size-thumbnail\" alt=\"\" \/><\/a>\n\t\t\t<\/div><\/figure><figure class='gallery-item'>\n\t\t\t<div class='gallery-icon landscape'>\n\t\t\t\t<a href='https:\/\/www.hluxor.it\/wp-content\/uploads\/2018\/06\/Santarcangelo_1019541595.jpg' data-size=\"1440x960\"><img loading=\"lazy\" decoding=\"async\" width=\"300\" height=\"300\" src=\"https:\/\/www.hluxor.it\/wp-content\/uploads\/2018\/06\/Santarcangelo_1019541595-300x300.jpg\" class=\"attachment-thumbnail size-thumbnail\" alt=\"\" \/><\/a>\n\t\t\t<\/div><\/figure>\n\t\t<\/div>\n\n<p style=\"text-align: center;\">Santarcangelo est un petit centre particulier. Est-ce pour son \u00e2me double, populaire et noble? Est-ce pour ses traditions encore tr\u00e8s vives, ses monuments, ses grottes myst\u00e9rieuses, ses extraordinaires artisans, ses foires de pays, les tentations de sa savoureuse cuisine ou ses habitants qui racontent des histoires, assis \u00e0 l\u2019ombre des anciennes petites ruelles? quoi qu\u2019il en soit, bien que situ\u00e9e \u00e0 proximit\u00e9 de la c\u00f4te, Santarcangelo offre une atmosph\u00e8re commune \u00e0 aucun autre lieu.<\/p>\n<h3 style=\"text-align: center;\">Ravenna<\/h3>\n<div id='gallery-3' class='gallery galleryid-757 gallery-columns-4 gallery-size-thumbnail'><figure class='gallery-item'>\n\t\t\t<div class='gallery-icon landscape'>\n\t\t\t\t<a href='https:\/\/www.hluxor.it\/wp-content\/uploads\/2018\/06\/Ravenna_221848951.jpg' data-size=\"1440x960\"><img loading=\"lazy\" decoding=\"async\" width=\"300\" height=\"300\" src=\"https:\/\/www.hluxor.it\/wp-content\/uploads\/2018\/06\/Ravenna_221848951-300x300.jpg\" class=\"attachment-thumbnail size-thumbnail\" alt=\"\" \/><\/a>\n\t\t\t<\/div><\/figure><figure class='gallery-item'>\n\t\t\t<div class='gallery-icon landscape'>\n\t\t\t\t<a href='https:\/\/www.hluxor.it\/wp-content\/uploads\/2018\/06\/Ravenna_443231143.jpg' data-size=\"1440x960\"><img loading=\"lazy\" decoding=\"async\" width=\"300\" height=\"300\" src=\"https:\/\/www.hluxor.it\/wp-content\/uploads\/2018\/06\/Ravenna_443231143-300x300.jpg\" class=\"attachment-thumbnail size-thumbnail\" alt=\"\" \/><\/a>\n\t\t\t<\/div><\/figure><figure class='gallery-item'>\n\t\t\t<div class='gallery-icon landscape'>\n\t\t\t\t<a href='https:\/\/www.hluxor.it\/wp-content\/uploads\/2018\/06\/Ravenna_514079608.jpg' data-size=\"1440x960\"><img loading=\"lazy\" decoding=\"async\" width=\"300\" height=\"300\" src=\"https:\/\/www.hluxor.it\/wp-content\/uploads\/2018\/06\/Ravenna_514079608-300x300.jpg\" class=\"attachment-thumbnail size-thumbnail\" alt=\"\" \/><\/a>\n\t\t\t<\/div><\/figure><figure class='gallery-item'>\n\t\t\t<div class='gallery-icon landscape'>\n\t\t\t\t<a href='https:\/\/www.hluxor.it\/wp-content\/uploads\/2018\/06\/Ravenna_586065557.jpg' data-size=\"1440x960\"><img loading=\"lazy\" decoding=\"async\" width=\"300\" height=\"300\" src=\"https:\/\/www.hluxor.it\/wp-content\/uploads\/2018\/06\/Ravenna_586065557-300x300.jpg\" class=\"attachment-thumbnail size-thumbnail\" alt=\"\" \/><\/a>\n\t\t\t<\/div><\/figure><figure class='gallery-item'>\n\t\t\t<div class='gallery-icon landscape'>\n\t\t\t\t<a href='https:\/\/www.hluxor.it\/wp-content\/uploads\/2018\/06\/Ravenna_1034459830.jpg' data-size=\"1440x960\"><img loading=\"lazy\" decoding=\"async\" width=\"300\" height=\"300\" src=\"https:\/\/www.hluxor.it\/wp-content\/uploads\/2018\/06\/Ravenna_1034459830-300x300.jpg\" class=\"attachment-thumbnail size-thumbnail\" alt=\"\" \/><\/a>\n\t\t\t<\/div><\/figure>\n\t\t<\/div>\n\n<p style=\"text-align: center;\">Elle conserve dans ses monuments splendides le t\u00e9moignage du r\u00f4le de grand p\u00f4le politique, commercial et artistique qu\u2019elle a jou\u00e9 au cours de plusieurs civilisations. En particulier, la p\u00e9riode imp\u00e9riale romaine et la brillante \u00e9poque \u00e0 laquelle Ravenne fut le centre de l\u2019Empire d\u2019Orient ont laiss\u00e9 dans la ville un extraordinaire complexe de basiliques, de baptist\u00e8res et de mausol\u00e9es.<\/p>\n<h3 style=\"text-align: center;\">La R\u00e9publique de Saint-Marin<\/h3>\n<div id='gallery-4' class='gallery galleryid-757 gallery-columns-4 gallery-size-thumbnail'><figure class='gallery-item'>\n\t\t\t<div class='gallery-icon landscape'>\n\t\t\t\t<a href='https:\/\/www.hluxor.it\/wp-content\/uploads\/2018\/06\/San-Marino_61547023.jpg' data-size=\"1440x960\"><img loading=\"lazy\" decoding=\"async\" width=\"300\" height=\"300\" src=\"https:\/\/www.hluxor.it\/wp-content\/uploads\/2018\/06\/San-Marino_61547023-300x300.jpg\" class=\"attachment-thumbnail size-thumbnail\" alt=\"\" \/><\/a>\n\t\t\t<\/div><\/figure><figure class='gallery-item'>\n\t\t\t<div class='gallery-icon landscape'>\n\t\t\t\t<a href='https:\/\/www.hluxor.it\/wp-content\/uploads\/2018\/06\/San-Marino_135459155.jpg' data-size=\"1440x960\"><img loading=\"lazy\" decoding=\"async\" width=\"300\" height=\"300\" src=\"https:\/\/www.hluxor.it\/wp-content\/uploads\/2018\/06\/San-Marino_135459155-300x300.jpg\" class=\"attachment-thumbnail size-thumbnail\" alt=\"\" \/><\/a>\n\t\t\t<\/div><\/figure><figure class='gallery-item'>\n\t\t\t<div class='gallery-icon landscape'>\n\t\t\t\t<a href='https:\/\/www.hluxor.it\/wp-content\/uploads\/2018\/06\/San-Marino_250547944.jpg' data-size=\"1440x960\"><img loading=\"lazy\" decoding=\"async\" width=\"300\" height=\"300\" src=\"https:\/\/www.hluxor.it\/wp-content\/uploads\/2018\/06\/San-Marino_250547944-300x300.jpg\" class=\"attachment-thumbnail size-thumbnail\" alt=\"\" \/><\/a>\n\t\t\t<\/div><\/figure><figure class='gallery-item'>\n\t\t\t<div class='gallery-icon landscape'>\n\t\t\t\t<a href='https:\/\/www.hluxor.it\/wp-content\/uploads\/2018\/06\/San-Marino_523517557.jpg' data-size=\"1440x960\"><img loading=\"lazy\" decoding=\"async\" width=\"300\" height=\"300\" src=\"https:\/\/www.hluxor.it\/wp-content\/uploads\/2018\/06\/San-Marino_523517557-300x300.jpg\" class=\"attachment-thumbnail size-thumbnail\" alt=\"\" \/><\/a>\n\t\t\t<\/div><\/figure>\n\t\t<\/div>\n\n<p style=\"text-align: center;\">La R\u00e9publique de Saint-Marin est situ\u00e9e entre la Romagne et les Marches, \u00e0 quelques kilom\u00e8tres de la c\u00f4te adriatique. Son territoire, qui s\u2019\u00e9tend sur une surface de 61 km2, est domin\u00e9 par le mont Titano, au sommet duquel se d\u00e9tachent trois tours remontant \u00e0 la p\u00e9riode m\u00e9di\u00e9vale, anciens remparts offrant l\u2019un des panoramas les plus suggestifs de la zone.<\/p>\n<h3 style=\"text-align: center;\">San Leo<\/h3>\n<div id='gallery-5' class='gallery galleryid-757 gallery-columns-4 gallery-size-thumbnail'><figure class='gallery-item'>\n\t\t\t<div class='gallery-icon landscape'>\n\t\t\t\t<a href='https:\/\/www.hluxor.it\/wp-content\/uploads\/2018\/06\/San-Leo_66620224.jpg' data-size=\"1440x960\"><img loading=\"lazy\" decoding=\"async\" width=\"300\" height=\"300\" src=\"https:\/\/www.hluxor.it\/wp-content\/uploads\/2018\/06\/San-Leo_66620224-300x300.jpg\" class=\"attachment-thumbnail size-thumbnail\" alt=\"\" \/><\/a>\n\t\t\t<\/div><\/figure><figure class='gallery-item'>\n\t\t\t<div class='gallery-icon landscape'>\n\t\t\t\t<a href='https:\/\/www.hluxor.it\/wp-content\/uploads\/2018\/06\/San-Leo_85330447-1.jpg' data-size=\"1440x960\"><img loading=\"lazy\" decoding=\"async\" width=\"300\" height=\"300\" src=\"https:\/\/www.hluxor.it\/wp-content\/uploads\/2018\/06\/San-Leo_85330447-1-300x300.jpg\" class=\"attachment-thumbnail size-thumbnail\" alt=\"\" \/><\/a>\n\t\t\t<\/div><\/figure><figure class='gallery-item'>\n\t\t\t<div class='gallery-icon landscape'>\n\t\t\t\t<a href='https:\/\/www.hluxor.it\/wp-content\/uploads\/2018\/06\/San-Leo_94517386.jpg' data-size=\"1440x960\"><img loading=\"lazy\" decoding=\"async\" width=\"300\" height=\"300\" src=\"https:\/\/www.hluxor.it\/wp-content\/uploads\/2018\/06\/San-Leo_94517386-300x300.jpg\" class=\"attachment-thumbnail size-thumbnail\" alt=\"\" \/><\/a>\n\t\t\t<\/div><\/figure><figure class='gallery-item'>\n\t\t\t<div class='gallery-icon landscape'>\n\t\t\t\t<a href='https:\/\/www.hluxor.it\/wp-content\/uploads\/2018\/06\/San-Leo_111258737.jpg' data-size=\"1440x960\"><img loading=\"lazy\" decoding=\"async\" width=\"300\" height=\"300\" src=\"https:\/\/www.hluxor.it\/wp-content\/uploads\/2018\/06\/San-Leo_111258737-300x300.jpg\" class=\"attachment-thumbnail size-thumbnail\" alt=\"\" \/><\/a>\n\t\t\t<\/div><\/figure>\n\t\t<\/div>\n\n<p style=\"text-align: center;\">Un mont escarp\u00e9 entour\u00e9 de rochers \u00e0 pic sur un paysage qui descend doucement des Apennins vers la mer; un chevauchement d\u2019anciennes maisons entre une superbe forteresse et un beau beffroi; un entrecroisement d\u2019histoire et de l\u00e9gende, de sacr\u00e9 et de profane, parmi d\u2019horribles prisons et de sobres \u00e9glises paroissiales: ceci est le portrait de San Leo.<\/p>\n","protected":false},"excerpt":{"rendered":"<p>Gr\u00e2ce \u00e0 sa conformation territoriale,\u00a0la Romagne\u00a0est un lieu parfait pour associer \u00e0 des vacances\u00a0\u201cde soleil et de mer\u201d\u00a0un s\u00e9jour culturel et des moments au contact de la nature. Terre de grande valeur historique, elle parvient \u00e0 concilier le rythme pressant de la c\u00f4te avec\u00a0l\u2019atmosph\u00e8re m\u00e9ditative de ses collines, pr\u00eates \u00e0 vous accueillir et \u00e0 vous faire d\u00e9couvrir leurs merveilles. Sogliano al Rubicone Le territoire communal de Sogliano al Rubicone s\u2019\u00e9tend &#8230;<\/p>\n","protected":false},"author":1,"featured_media":0,"parent":0,"menu_order":0,"comment_status":"closed","ping_status":"closed","template":"","meta":{"_acf_changed":false},"class_list":["post-757","page","type-page","status-publish","hentry"],"acf":[],"_links":{"self":[{"href":"https:\/\/www.hluxor.it\/fr\/wp-json\/wp\/v2\/pages\/757","targetHints":{"allow":["GET"]}}],"collection":[{"href":"https:\/\/www.hluxor.it\/fr\/wp-json\/wp\/v2\/pages"}],"about":[{"href":"https:\/\/www.hluxor.it\/fr\/wp-json\/wp\/v2\/types\/page"}],"author":[{"embeddable":true,"href":"https:\/\/www.hluxor.it\/fr\/wp-json\/wp\/v2\/users\/1"}],"replies":[{"embeddable":true,"href":"https:\/\/www.hluxor.it\/fr\/wp-json\/wp\/v2\/comments?post=757"}],"version-history":[{"count":0,"href":"https:\/\/www.hluxor.it\/fr\/wp-json\/wp\/v2\/pages\/757\/revisions"}],"wp:attachment":[{"href":"https:\/\/www.hluxor.it\/fr\/wp-json\/wp\/v2\/media?parent=757"}],"curies":[{"name":"wp","href":"https:\/\/api.w.org\/{rel}","templated":true}]}}