{"id":79,"date":"2017-03-01T16:11:59","date_gmt":"2017-03-01T15:11:59","guid":{"rendered":"https:\/\/www.hluxor.it\/grazie-per-averci-contattato\/"},"modified":"2020-02-27T14:14:42","modified_gmt":"2020-02-27T13:14:42","slug":"merci-pour-nous-avoir-contacte","status":"publish","type":"page","link":"https:\/\/www.hluxor.it\/fr\/merci-pour-nous-avoir-contacte\/","title":{"rendered":"Merci pour nous avoir contact\u00e9"},"content":{"rendered":"<p>Nous vous r\u00e9pondrons au plus vite.<\/p>\n<p><span class=\"tlid-translation translation\" lang=\"fr\"><span class=\"\" title=\"\">Si vous avez d\u00e9cid\u00e9 de vous abonner \u00e0 notre newsletter (quelle bonne id\u00e9e :)), consultez votre bo\u00eete de r\u00e9ception.<\/span><br \/>\n<span class=\"\" title=\"\">Dans quelques minutes, vous recevrez un e-mail (accompagn\u00e9 d&rsquo;un ?) pour confirmer votre adresse puis confirmer votre inscription \u00e0 la liste de diffusion<\/span><br \/>\n<span class=\"\" title=\"\">(Si vous ne voyez rien dans la bo\u00eete de r\u00e9ception, v\u00e9rifiez le spam: vous pouvez parfois y trouver l&rsquo;e-mail).<\/span><\/span><\/p>\n","protected":false},"excerpt":{"rendered":"<p>Nous vous r\u00e9pondrons au plus vite. Si vous avez d\u00e9cid\u00e9 de vous abonner \u00e0 notre newsletter (quelle bonne id\u00e9e :)), consultez votre bo\u00eete de r\u00e9ception. Dans quelques minutes, vous recevrez un e-mail (accompagn\u00e9 d&rsquo;un ?) pour confirmer votre adresse puis confirmer votre inscription \u00e0 la liste de diffusion (Si vous ne voyez rien dans la bo\u00eete de r\u00e9ception, v\u00e9rifiez le spam: vous pouvez parfois y trouver l&rsquo;e-mail).<\/p>\n","protected":false},"author":1,"featured_media":0,"parent":0,"menu_order":136,"comment_status":"closed","ping_status":"closed","template":"","meta":{"_acf_changed":false},"class_list":["post-79","page","type-page","status-publish","hentry"],"acf":[],"_links":{"self":[{"href":"https:\/\/www.hluxor.it\/fr\/wp-json\/wp\/v2\/pages\/79","targetHints":{"allow":["GET"]}}],"collection":[{"href":"https:\/\/www.hluxor.it\/fr\/wp-json\/wp\/v2\/pages"}],"about":[{"href":"https:\/\/www.hluxor.it\/fr\/wp-json\/wp\/v2\/types\/page"}],"author":[{"embeddable":true,"href":"https:\/\/www.hluxor.it\/fr\/wp-json\/wp\/v2\/users\/1"}],"replies":[{"embeddable":true,"href":"https:\/\/www.hluxor.it\/fr\/wp-json\/wp\/v2\/comments?post=79"}],"version-history":[{"count":0,"href":"https:\/\/www.hluxor.it\/fr\/wp-json\/wp\/v2\/pages\/79\/revisions"}],"wp:attachment":[{"href":"https:\/\/www.hluxor.it\/fr\/wp-json\/wp\/v2\/media?parent=79"}],"curies":[{"name":"wp","href":"https:\/\/api.w.org\/{rel}","templated":true}]}}