{"id":797,"date":"2018-05-10T10:48:30","date_gmt":"2018-05-10T08:48:30","guid":{"rendered":"https:\/\/www.hluxor.it\/divertimenti\/"},"modified":"2018-07-27T11:08:12","modified_gmt":"2018-07-27T09:08:12","slug":"divertissements","status":"publish","type":"page","link":"https:\/\/www.hluxor.it\/fr\/divertissements\/","title":{"rendered":"Divertissements"},"content":{"rendered":"<p>La direction de l\u2019<strong>H\u00f4tel Luxor<\/strong>\u00a0de Igea Marina organise pour ses h\u00f4tes:<\/p>\n<p><strong>chaque dimanche<\/strong>, rendez-vous avec l\u2019<strong>ap\u00e9ritif Cocktail-Party<\/strong>\u00a0sur la terrasse;<br \/>\n<strong>chaque semaine, <\/strong>de splendides soir\u00e9es pour passer de bons moments tous ensemble:<strong>\u00a0typiques d\u00eeners romagnols aux bougies<\/strong>,<strong> p\u00e2tisseries <\/strong>et <strong>vins du pays<\/strong>;<\/p>\n<p>La riante petite localit\u00e9 de Bellaria Igea Marina propose \u00e9galement un riche calendrier de passionnantes<strong>\u00a0manifestations<\/strong>, tant pour ses citoyens que pour les touristes:<\/p>\n<p><strong>\u00e9v\u00e9nements<\/strong>\u00a0sportifs et culturels;<br \/>\n<strong>soir\u00e9es<\/strong>\u00a0dansantes au Dancing Rio Grande;<br \/>\n<strong>nuits<\/strong>\u00a0magiques sur le sable avec spectacles et concerts au Beky Bay ou au Polo Est;<br \/>\n<strong>Bimbilandia<\/strong>: le dimanche-ap\u00e9ritif pour les plus jeunes, d\u00eeners et f\u00eates pour enfants. Baby-club et structures gonflables sur la plage, parcs de jeux, f\u00eate foraine et salles de jeux \u00e0 quelques pas de l\u2019h\u00f4tel;<br \/>\n<strong>chaque apr\u00e8s-midi<\/strong>, jeux et animation, m\u00eame par temps de pluie, aupr\u00e8s du Mito Club, et, chaque soir, moments de jeu, clowns et spectacles, <strong>tant dans les rues que sur <a href=\"https:\/\/www.hluxor.it\/fr\/plage\/\">la plage<\/a><\/strong>.<\/p>\n<p><strong>Venez \u00e0 l\u2019H\u00f4tel Luxor de Igea Marina, vos vacances y seront inoubliables.<\/strong><\/p>\n","protected":false},"excerpt":{"rendered":"<p>La direction de l\u2019H\u00f4tel Luxor\u00a0de Igea Marina organise pour ses h\u00f4tes: chaque dimanche, rendez-vous avec l\u2019ap\u00e9ritif Cocktail-Party\u00a0sur la terrasse; chaque semaine, de splendides soir\u00e9es pour passer de bons moments tous ensemble:\u00a0typiques d\u00eeners romagnols aux bougies, p\u00e2tisseries et vins du pays; La riante petite localit\u00e9 de Bellaria Igea Marina propose \u00e9galement un riche calendrier de passionnantes\u00a0manifestations, tant pour ses citoyens que pour les touristes: \u00e9v\u00e9nements\u00a0sportifs et culturels; soir\u00e9es\u00a0dansantes au Dancing Rio &#8230;<\/p>\n","protected":false},"author":1,"featured_media":0,"parent":0,"menu_order":0,"comment_status":"closed","ping_status":"closed","template":"","meta":{"_acf_changed":false},"class_list":["post-797","page","type-page","status-publish","hentry"],"acf":[],"_links":{"self":[{"href":"https:\/\/www.hluxor.it\/fr\/wp-json\/wp\/v2\/pages\/797","targetHints":{"allow":["GET"]}}],"collection":[{"href":"https:\/\/www.hluxor.it\/fr\/wp-json\/wp\/v2\/pages"}],"about":[{"href":"https:\/\/www.hluxor.it\/fr\/wp-json\/wp\/v2\/types\/page"}],"author":[{"embeddable":true,"href":"https:\/\/www.hluxor.it\/fr\/wp-json\/wp\/v2\/users\/1"}],"replies":[{"embeddable":true,"href":"https:\/\/www.hluxor.it\/fr\/wp-json\/wp\/v2\/comments?post=797"}],"version-history":[{"count":0,"href":"https:\/\/www.hluxor.it\/fr\/wp-json\/wp\/v2\/pages\/797\/revisions"}],"wp:attachment":[{"href":"https:\/\/www.hluxor.it\/fr\/wp-json\/wp\/v2\/media?parent=797"}],"curies":[{"name":"wp","href":"https:\/\/api.w.org\/{rel}","templated":true}]}}