{"id":800,"date":"2018-05-09T19:00:18","date_gmt":"2018-05-09T17:00:18","guid":{"rendered":"https:\/\/www.hluxor.it\/parchi-divertimento\/"},"modified":"2020-01-23T11:56:52","modified_gmt":"2020-01-23T10:56:52","slug":"parcs-thematiques","status":"publish","type":"page","link":"https:\/\/www.hluxor.it\/fr\/parcs-thematiques\/","title":{"rendered":"Parcs Thematiques"},"content":{"rendered":"<p><strong>Le territoire de la c\u00f4te adriatique est particuli\u00e8rement riche en divertissements<\/strong>, parmi lesquels les nombreux et magnifiques parcs de loisirs: \u00e0 th\u00e8me, aquatiques, pour \u00e9coles et pour enfants.<\/p>\n<h3>Aquafan<\/h3>\n<p>Bien qu\u2019il soit depuis toujours r\u00e9put\u00e9 pour \u00eatre le plus c\u00e9l\u00e8bre parc aquatique d\u2019Europe, Aquafan doit son succ\u00e8s au fait de ne pas \u00eatre un simple aquapark. En effet, tr\u00e8s importante y est la pr\u00e9sence active de Radio DeeJay, point de r\u00e9f\u00e9rence des jeunes et premi\u00e8re radio priv\u00e9e en audience cumul\u00e9e.<\/p>\n<h3>Mirabilandia<\/h3>\n<p>Mirabilandia est le grand parc de divertissement \u00e0 th\u00e8me de la splendide c\u00f4te adriatique, un joyau qui associe la g\u00e9nialit\u00e9 et la technologie, l\u2019humanit\u00e9 des plus grands artistes du divertissement et les innovations du monde digital, le tout pour un total de six aires th\u00e9matiques offrant 37 surprenantes attractions et d\u2019inoubliables spectacles. Atteignant le record de plus de 1 600 000 visiteurs lors de la derni\u00e8re saison, Mirabilandia a ult\u00e9rieurement renforc\u00e9 l\u2019\u00e9norme succ\u00e8s que le public lui reconna\u00eet chaque ann\u00e9e, confirmant sa position de pointe parmi les principaux parcs de loisirs d\u2019Europe.<\/p>\n<h3>Italia in Miniatura<\/h3>\n<p>Une exp\u00e9rience unique, explorant le patrimoine culturel d\u2019Italie et d\u2019Europe: 270 splendides reproductions \u00e0 l\u2019\u00e9chelle de monuments et de chefs-d\u2019\u0153uvre architecturaux. Exp\u00e9rimenter le grand plaisir de comprendre et de d\u00e9couvrir, gr\u00e2ce \u00e0 une riche proposition d\u2019attractions et de jeux: l\u2019Italia in Miniatura est tout cela!<\/p>\n<h3>Fiabilandia<\/h3>\n<p>Fiabilandia s\u2019\u00e9tend sur une surface de 120 000 m\u00e8tres carr\u00e9s, proposant des attractions pour enfants de tous \u00e2ges! Capitaine Nemo et ses jeux d\u2019eau, le Ch\u00e2teau de Merlin l\u2019enchanteur, le Lac du r\u00eave, le Labyrinthe de Fu Ming, la Baie de Peter Pan et beaucoup d\u2019autres encore, pour vous faire revivre le charme et l\u2019\u00e9motion des fables. Une aventure \u00e0 d\u00e9couvrir<\/p>\n<h3>PACKAGES PROMOTIONNELS<\/h3>\n<p>Nous avons mis au point pour tous nos clients des packages promotionnels proposant tous les parcs de la c\u00f4te:\u00a0<strong>Mirabilandia, Fiabilandia, Aquafan, Italia in Miniatura.<\/strong><\/p>\n","protected":false},"excerpt":{"rendered":"<p>Le territoire de la c\u00f4te adriatique est particuli\u00e8rement riche en divertissements, parmi lesquels les nombreux et magnifiques parcs de loisirs: \u00e0 th\u00e8me, aquatiques, pour \u00e9coles et pour enfants. Aquafan Bien qu\u2019il soit depuis toujours r\u00e9put\u00e9 pour \u00eatre le plus c\u00e9l\u00e8bre parc aquatique d\u2019Europe, Aquafan doit son succ\u00e8s au fait de ne pas \u00eatre un simple aquapark. En effet, tr\u00e8s importante y est la pr\u00e9sence active de Radio DeeJay, point de &#8230;<\/p>\n","protected":false},"author":1,"featured_media":0,"parent":0,"menu_order":0,"comment_status":"closed","ping_status":"closed","template":"","meta":{"_acf_changed":false},"class_list":["post-800","page","type-page","status-publish","hentry"],"acf":[],"_links":{"self":[{"href":"https:\/\/www.hluxor.it\/fr\/wp-json\/wp\/v2\/pages\/800","targetHints":{"allow":["GET"]}}],"collection":[{"href":"https:\/\/www.hluxor.it\/fr\/wp-json\/wp\/v2\/pages"}],"about":[{"href":"https:\/\/www.hluxor.it\/fr\/wp-json\/wp\/v2\/types\/page"}],"author":[{"embeddable":true,"href":"https:\/\/www.hluxor.it\/fr\/wp-json\/wp\/v2\/users\/1"}],"replies":[{"embeddable":true,"href":"https:\/\/www.hluxor.it\/fr\/wp-json\/wp\/v2\/comments?post=800"}],"version-history":[{"count":0,"href":"https:\/\/www.hluxor.it\/fr\/wp-json\/wp\/v2\/pages\/800\/revisions"}],"wp:attachment":[{"href":"https:\/\/www.hluxor.it\/fr\/wp-json\/wp\/v2\/media?parent=800"}],"curies":[{"name":"wp","href":"https:\/\/api.w.org\/{rel}","templated":true}]}}