{"id":804,"date":"2018-05-09T18:56:32","date_gmt":"2018-05-09T16:56:32","guid":{"rendered":"https:\/\/www.hluxor.it\/mare-e-sport\/"},"modified":"2018-06-20T12:19:28","modified_gmt":"2018-06-20T10:19:28","slug":"mer-et-sport","status":"publish","type":"page","link":"https:\/\/www.hluxor.it\/fr\/mer-et-sport\/","title":{"rendered":"Mer et sport"},"content":{"rendered":"<p><strong>Bellaria Igea Marina<\/strong>\u00a0offre \u00e9galement une multitude d\u2019opportunit\u00e9s pour les\u00a0<strong>touristes les plus dynamiques.<\/strong><\/p>\n<p>A Bellaria Igea Marina, le sport est favoris\u00e9 par les caract\u00e9ristiques particuli\u00e8res du territoire: la mer, la plage et les collines de l\u2019arri\u00e8re-pays sont propices au d\u00e9veloppement de disciplines sportives vari\u00e9es. De nombreux \u00e9tablissements baln\u00e9aires de Bellaria Igea Marina disposent de structures pour les sports de plage, du traditionnel<strong>\u00a0jeu de boules<\/strong>\u00a0au\u00a0<strong>beach volley<\/strong>, du\u00a0<strong>beach tennis<\/strong>\u00a0au\u00a0<strong>beach soccer<\/strong>\u00a0et aux divertissantes activit\u00e9s telles qu\u2019aquagym et danses latines.<\/p>\n<p>La petite localit\u00e9 de Igea Marina offre\u00a0<strong>2 cercles de la voile<\/strong>\u00a0pour les passionn\u00e9s de mer et des courts de tennis \u00e0 quelques centaines de m\u00e8tres de la plage.<\/p>\n<p>A quelques minutes en voiture de Bellaria Igea Marina,\u00a0<strong>deux splendides parcours de golf<\/strong>\u00a0disposent de parcs parfaitement \u00e9quip\u00e9s.<\/p>\n<p>Pour compl\u00e9ter son offre consacr\u00e9e aux passionn\u00e9s de sport, le territoire romagnol propose de nombreux parcours adapt\u00e9s au\u00a0<strong>cyclotourisme<\/strong>\u00a0et au\u00a0<strong>trekking<\/strong>. La vari\u00e9t\u00e9 et la richesse de ses paysages permettent au cyclotouriste de choisir l\u2019un de ses nombreux itin\u00e9raires, aux niveaux de difficult\u00e9 vari\u00e9s, tant\u00a0<strong>pour v\u00e9lo de route que pour VTT<\/strong>.<\/p>\n<p>Nous vous rappelons les services gratuits offerts par l\u2019h\u00f4tel: 3 piscines couvertes aupr\u00e8s du centre du\u00a0<strong>Gelso Sport<\/strong>\u00a0tout proche, une salle de gymnastique \u00e9quip\u00e9e et un centre de bien-\u00eatre aupr\u00e8s de la salle\u00a0<strong>Athletic<\/strong>\u00a0<strong>Center<\/strong>\u00a0et la disponibilit\u00e9 de courts de tennis.<\/p>\n<h3>POLO EST BELLARIA IGEA MARINA<\/h3>\n<p><strong>Le Polo Est est une splendide structure sur le bord de mer<\/strong>\u00a0de Bellaria Igea Marina. Visitez-la apr\u00e8s une journ\u00e9e de mer et de soleil, vous y aurez la possibilit\u00e9 de vous ressourcer gr\u00e2ce \u00e0 des s\u00e9ances de yoga, de shiatsu et d\u2019a\u00e9robic organis\u00e9es au coucher du soleil, par un instructeur professionnel, sous l\u2019ombre reposante d\u2019un grand pavillon en bois.<\/p>\n","protected":false},"excerpt":{"rendered":"<p>Bellaria Igea Marina\u00a0offre \u00e9galement une multitude d\u2019opportunit\u00e9s pour les\u00a0touristes les plus dynamiques. A Bellaria Igea Marina, le sport est favoris\u00e9 par les caract\u00e9ristiques particuli\u00e8res du territoire: la mer, la plage et les collines de l\u2019arri\u00e8re-pays sont propices au d\u00e9veloppement de disciplines sportives vari\u00e9es. De nombreux \u00e9tablissements baln\u00e9aires de Bellaria Igea Marina disposent de structures pour les sports de plage, du traditionnel\u00a0jeu de boules\u00a0au\u00a0beach volley, du\u00a0beach tennis\u00a0au\u00a0beach soccer\u00a0et aux divertissantes activit\u00e9s &#8230;<\/p>\n","protected":false},"author":1,"featured_media":0,"parent":0,"menu_order":0,"comment_status":"closed","ping_status":"closed","template":"","meta":{"_acf_changed":false},"class_list":["post-804","page","type-page","status-publish","hentry"],"acf":[],"_links":{"self":[{"href":"https:\/\/www.hluxor.it\/fr\/wp-json\/wp\/v2\/pages\/804","targetHints":{"allow":["GET"]}}],"collection":[{"href":"https:\/\/www.hluxor.it\/fr\/wp-json\/wp\/v2\/pages"}],"about":[{"href":"https:\/\/www.hluxor.it\/fr\/wp-json\/wp\/v2\/types\/page"}],"author":[{"embeddable":true,"href":"https:\/\/www.hluxor.it\/fr\/wp-json\/wp\/v2\/users\/1"}],"replies":[{"embeddable":true,"href":"https:\/\/www.hluxor.it\/fr\/wp-json\/wp\/v2\/comments?post=804"}],"version-history":[{"count":0,"href":"https:\/\/www.hluxor.it\/fr\/wp-json\/wp\/v2\/pages\/804\/revisions"}],"wp:attachment":[{"href":"https:\/\/www.hluxor.it\/fr\/wp-json\/wp\/v2\/media?parent=804"}],"curies":[{"name":"wp","href":"https:\/\/api.w.org\/{rel}","templated":true}]}}