{"id":809,"date":"2018-06-20T12:33:30","date_gmt":"2018-06-20T10:33:30","guid":{"rendered":"https:\/\/www.hluxor.it\/spiaggia\/"},"modified":"2018-06-20T12:45:35","modified_gmt":"2018-06-20T10:45:35","slug":"plage","status":"publish","type":"page","link":"https:\/\/www.hluxor.it\/fr\/plage\/","title":{"rendered":"Plage"},"content":{"rendered":"<div class=\"span9 \">\n<div class=\"row-fluid\">\n<div class=\"tw-element span12 \">\n<h2>Une plage infinie, familiale, o\u00f9 il fait bon vivre et se ressourcer!<\/h2>\n<p>La mer est la protagoniste de Bellaria Igea Marina<br \/>\nBellaria Igea Marina commence \u00e0 se faire conna\u00eetre au d\u00e9but du si\u00e8cle dernier, lors de \u00abla mode des bains de mer\u00bb, \u00e9poque \u00e0 laquelle les qualit\u00e9s th\u00e9rapeutiques de l\u2019eau et de l\u2019air de Igea Marina commencent \u00e0 \u00eatre reconnues sur la p\u00e9ninsule. La plage de Bellaria Igea Marina, s\u00fbre et parfaitement \u00e9quip\u00e9e, \u00e9tend son splendide tapis de sable fin et clair sur 7 km. Les vacances organis\u00e9es dans ce petit centre du bord de mer s\u2019\u00e9coulent tranquillement loin de la confusion de la ville, au sein d\u2019une oasis de paix et de d\u00e9tente, royaume du bien-\u00eatre et du divertissement.<\/p>\n<h3>La mer repr\u00e9sente les loisirs, la sant\u00e9, le divertissement et le sport<\/h3>\n<p><strong>Une mer propre peu profonde,<\/strong>\u00a0au fond sableux et sans dangers, le lieu id\u00e9al pour jouir des bienfaits et du plaisir d\u2019un bon bain de mer en toute s\u00e9curit\u00e9 et dans la d\u00e9tente la plus compl\u00e8te. Le service et l\u2019organisation des \u00e9tablissements baln\u00e9aires des localit\u00e9s romagnoles sont renomm\u00e9s dans le monde entier.\u00a0Le professionnalisme cordial des op\u00e9rateurs joint \u00e0 des \u00e9quipements modernes garantissent un s\u00e9jour serein et amusant et sont les ingr\u00e9dients<strong>\u00a0id\u00e9als pour les vacances des familles avec enfants, jeunes et moins jeunes.<\/strong>\u00a0Il n\u2019y manque pas non plus des espaces de plage libre o\u00f9 pouvoir tout simplement s\u2019\u00e9tendre sur sa serviette de bain!<\/p>\n<p>Depuis toujours, la plage est un lieu consacr\u00e9 au bronzage, aux baignades et aux nouvelles rencontres!\u00a0Le sable de la\u00a0<strong>Romagne<\/strong>\u00a0est l\u2019id\u00e9al pour les enfants, ceux-ci pouvant y jouer en toute libert\u00e9, mais aussi pour les passionn\u00e9s de vie en plein air: ils y l\u00e9zardent au soleil, loin du stress quotidien, ou y pratiquent leur sport pr\u00e9f\u00e9r\u00e9.\u00a0Pour les touristes les plus entreprenants, Igea Marina dispose de\u00a0<strong>deux cercles de la voile<\/strong>\u00a0\u00e0 proximit\u00e9 du centre. Des courts de tennis et des parcours pour randonn\u00e9es \u00e0 v\u00e9lo et en VTT sont \u00e9galement situ\u00e9s \u00e0 quelques m\u00e8tres de la plage.\u00a0Cette ann\u00e9e,\u00a0<strong>Bellaria Igea Marina<\/strong>\u00a0a de nouveau re\u00e7u le\u00a0<strong>drapeau bleu de la part de la FEE<\/strong>\u00a0(Foundation for Environmental Education), drapeau qui est arbor\u00e9 par les meilleures plages d\u2019Italie et d\u2019Europe. Une fois encore, elle a \u00e9t\u00e9 r\u00e9compens\u00e9e pour la propret\u00e9 de ses plages, pour la propret\u00e9 de ses eaux et pour l\u2019excellence de ses services pour touristes.<\/p>\n<h3>Etablissement balneaire \u00ab\u00a0Bagno Lido 72\u00a0\u00bb<\/h3>\n<p>Face \u00e0 l\u2019h\u00f4tel, le BAGNO LIDO 72 offre une infinit\u00e9 d\u2019opportunit\u00e9s pour tous, et ce, gr\u00e2ce \u00e0 de nouveaux services et \u00e0 de\u00a0<strong>divertissantes activit\u00e9s<\/strong>\u00a0telles que fitness, r\u00e9veil musculaire, aquagym, beach-volley, beach-soccer, embarcations \u00e0 p\u00e9dales gratuites, mini-club avec aire de jeux \u00e9quip\u00e9e pour enfants de tous \u00e2ges, structures gonflables et espace de jeux cl\u00f4tur\u00e9.<strong>Animation<\/strong>\u00a0et divertissement pour les plus jeunes gr\u00e2ce \u00e0 de joyeux go\u00fbters sous le soleil, des f\u00eates consacr\u00e9es \u00e0 la past\u00e8que, au nutella et \u00e0 la barbe \u00e0 papa. Pour tous, tombolas, le\u00e7ons de danse et soir\u00e9es dansantes.<\/p>\n<p>Bar sur la plage pour drinks, \u00abpiadine\u00bb farcies ou glaces, \u00e9galement ouvert le soir.<\/p>\n<p>Opportunit\u00e9s incontournables de profiter de splendides\u00a0<strong>croisi\u00e8res panoramiques<\/strong>\u00a0le long de la c\u00f4te romagnole, \u00e0 bord du bateau \u00e0 moteur Tayfun, pour vivre l\u2019ivresse d\u2019une journ\u00e9e au large et savourer l\u2019excellent poisson de l\u2019Adriatique!<\/p>\n<p>Vous pourrez r\u00e9server directement \u00e0 l\u2019h\u00f4tel, sans suppl\u00e9ments!<\/p>\n<\/div>\n<\/div>\n<\/div>\n","protected":false},"excerpt":{"rendered":"<p>Une plage infinie, familiale, o\u00f9 il fait bon vivre et se ressourcer! La mer est la protagoniste de Bellaria Igea Marina Bellaria Igea Marina commence \u00e0 se faire conna\u00eetre au d\u00e9but du si\u00e8cle dernier, lors de \u00abla mode des bains de mer\u00bb, \u00e9poque \u00e0 laquelle les qualit\u00e9s th\u00e9rapeutiques de l\u2019eau et de l\u2019air de Igea Marina commencent \u00e0 \u00eatre reconnues sur la p\u00e9ninsule. La plage de Bellaria Igea Marina, s\u00fbre &#8230;<\/p>\n","protected":false},"author":1,"featured_media":0,"parent":0,"menu_order":16,"comment_status":"closed","ping_status":"closed","template":"","meta":{"_acf_changed":false},"class_list":["post-809","page","type-page","status-publish","hentry"],"acf":[],"_links":{"self":[{"href":"https:\/\/www.hluxor.it\/fr\/wp-json\/wp\/v2\/pages\/809","targetHints":{"allow":["GET"]}}],"collection":[{"href":"https:\/\/www.hluxor.it\/fr\/wp-json\/wp\/v2\/pages"}],"about":[{"href":"https:\/\/www.hluxor.it\/fr\/wp-json\/wp\/v2\/types\/page"}],"author":[{"embeddable":true,"href":"https:\/\/www.hluxor.it\/fr\/wp-json\/wp\/v2\/users\/1"}],"replies":[{"embeddable":true,"href":"https:\/\/www.hluxor.it\/fr\/wp-json\/wp\/v2\/comments?post=809"}],"version-history":[{"count":0,"href":"https:\/\/www.hluxor.it\/fr\/wp-json\/wp\/v2\/pages\/809\/revisions"}],"wp:attachment":[{"href":"https:\/\/www.hluxor.it\/fr\/wp-json\/wp\/v2\/media?parent=809"}],"curies":[{"name":"wp","href":"https:\/\/api.w.org\/{rel}","templated":true}]}}