{"id":816,"date":"2018-04-17T14:43:36","date_gmt":"2018-04-17T12:43:36","guid":{"rendered":"https:\/\/www.hluxor.it\/domande-frequenti\/"},"modified":"2018-06-20T14:54:46","modified_gmt":"2018-06-20T12:54:46","slug":"questions-frequentes","status":"publish","type":"page","link":"https:\/\/www.hluxor.it\/fr\/questions-frequentes\/","title":{"rendered":"Questions fr\u00e9quentes"},"content":{"rendered":"<h2 class=\"page-title\">FAQ &#8211; LES R\u00c9PONSES AUX QUESTIONS QUI NOUS SONT FR\u00c9QUEMMENT POS\u00c9ES<\/h2>\n","protected":false},"excerpt":{"rendered":"<p>FAQ &#8211; LES R\u00c9PONSES AUX QUESTIONS QUI NOUS SONT FR\u00c9QUEMMENT POS\u00c9ES<\/p>\n","protected":false},"author":1,"featured_media":0,"parent":0,"menu_order":101,"comment_status":"closed","ping_status":"closed","template":"template\/template.faq.php","meta":{"_acf_changed":false},"class_list":["post-816","page","type-page","status-publish","hentry"],"acf":[],"_links":{"self":[{"href":"https:\/\/www.hluxor.it\/fr\/wp-json\/wp\/v2\/pages\/816","targetHints":{"allow":["GET"]}}],"collection":[{"href":"https:\/\/www.hluxor.it\/fr\/wp-json\/wp\/v2\/pages"}],"about":[{"href":"https:\/\/www.hluxor.it\/fr\/wp-json\/wp\/v2\/types\/page"}],"author":[{"embeddable":true,"href":"https:\/\/www.hluxor.it\/fr\/wp-json\/wp\/v2\/users\/1"}],"replies":[{"embeddable":true,"href":"https:\/\/www.hluxor.it\/fr\/wp-json\/wp\/v2\/comments?post=816"}],"version-history":[{"count":0,"href":"https:\/\/www.hluxor.it\/fr\/wp-json\/wp\/v2\/pages\/816\/revisions"}],"wp:attachment":[{"href":"https:\/\/www.hluxor.it\/fr\/wp-json\/wp\/v2\/media?parent=816"}],"curies":[{"name":"wp","href":"https:\/\/api.w.org\/{rel}","templated":true}]}}