{"id":873,"date":"2018-06-20T16:59:49","date_gmt":"2018-06-20T14:59:49","guid":{"rendered":"https:\/\/www.hluxor.it\/eventi-vegani\/"},"modified":"2019-01-08T17:18:19","modified_gmt":"2019-01-08T16:18:19","slug":"evenements","status":"publish","type":"page","link":"https:\/\/www.hluxor.it\/fr\/evenements\/","title":{"rendered":"Apprendre \u00e0 \u00eatre en bonne sant\u00e9"},"content":{"rendered":"<h2>Formation, rencontres et laboratoires, tous les \u00e9v\u00e9nements de l\u2019H\u00f4tel Luxor<strong><em>\u00a0<\/em><\/strong><\/h2>\n<p>Le calendrier de l\u2019H\u00f4tel Luxor de Bellaria Igea Marina est riche en moments d\u2019information et en espaces de partage.<br \/>\nAu d\u00e9but et \u00e0 la fin de la saison, c\u2019est le chef Barbara qui organise des <strong>Cours de cuisine v\u00e9gane et naturelle. <\/strong>Jusqu\u2019\u00e0 4 jours d\u00e9di\u00e9s \u00e0 la pr\u00e9paration de nouvelles recettes et de menus toujours diff\u00e9rents, pour varier votre alimentation m\u00eame chez vous.<\/p>\n<p>Sans oublier les rencontres de formation organis\u00e9es par Beatrice, auxquelles participent des personnalit\u00e9s et des h\u00f4tes du monde m\u00e9dical pour des approfondissements et des s\u00e9minaires d\u00e9di\u00e9s aux th\u00e8mes de la sant\u00e9.<\/p>\n<p>Nous organisons \u00e9galement des workshops et des s\u00e9ances de travail d\u00e9di\u00e9s aux activit\u00e9s physiques et au bien-\u00eatre de la personne, du yoga aux massages et des traitements reiki \u00e0 la m\u00e9ditation.<\/p>\n","protected":false},"excerpt":{"rendered":"<p>Formation, rencontres et laboratoires, tous les \u00e9v\u00e9nements de l\u2019H\u00f4tel Luxor\u00a0 Le calendrier de l\u2019H\u00f4tel Luxor de Bellaria Igea Marina est riche en moments d\u2019information et en espaces de partage. Au d\u00e9but et \u00e0 la fin de la saison, c\u2019est le chef Barbara qui organise des Cours de cuisine v\u00e9gane et naturelle. Jusqu\u2019\u00e0 4 jours d\u00e9di\u00e9s \u00e0 la pr\u00e9paration de nouvelles recettes et de menus toujours diff\u00e9rents, pour varier votre alimentation &#8230;<\/p>\n","protected":false},"author":1,"featured_media":0,"parent":0,"menu_order":15,"comment_status":"closed","ping_status":"closed","template":"","meta":{"_acf_changed":false},"class_list":["post-873","page","type-page","status-publish","hentry"],"acf":[],"_links":{"self":[{"href":"https:\/\/www.hluxor.it\/fr\/wp-json\/wp\/v2\/pages\/873","targetHints":{"allow":["GET"]}}],"collection":[{"href":"https:\/\/www.hluxor.it\/fr\/wp-json\/wp\/v2\/pages"}],"about":[{"href":"https:\/\/www.hluxor.it\/fr\/wp-json\/wp\/v2\/types\/page"}],"author":[{"embeddable":true,"href":"https:\/\/www.hluxor.it\/fr\/wp-json\/wp\/v2\/users\/1"}],"replies":[{"embeddable":true,"href":"https:\/\/www.hluxor.it\/fr\/wp-json\/wp\/v2\/comments?post=873"}],"version-history":[{"count":0,"href":"https:\/\/www.hluxor.it\/fr\/wp-json\/wp\/v2\/pages\/873\/revisions"}],"wp:attachment":[{"href":"https:\/\/www.hluxor.it\/fr\/wp-json\/wp\/v2\/media?parent=873"}],"curies":[{"name":"wp","href":"https:\/\/api.w.org\/{rel}","templated":true}]}}