{"id":925,"date":"2018-05-11T16:46:07","date_gmt":"2018-05-11T14:46:07","guid":{"rendered":"https:\/\/www.hluxor.it\/dati-societari\/"},"modified":"2024-06-05T12:23:19","modified_gmt":"2024-06-05T10:23:19","slug":"donnees-entreprise","status":"publish","type":"page","link":"https:\/\/www.hluxor.it\/fr\/donnees-entreprise\/","title":{"rendered":"Donn\u00e9es de l\u2019entreprise\u2013 H\u00f4tel Luxor Igea  Marina"},"content":{"rendered":"<p><strong>HOTEL LUXOR VEG SRL<\/strong><\/p>\n<p style=\"text-align: left;\"><strong><strong>Adresse du si\u00e8ge l\u00e9gal:<\/strong><\/strong> BELLARIA-IGEA MARINA (RN) &#8211; VIA ITALICO, 3 &#8211; Code Postal 47814 &#8211; Localit\u00e9: IGEA MARINA<\/p>\n<p style=\"text-align: left;\">\u25a0\u00a0<strong>Adresse PEC:\u00a0<\/strong><a href=\"mailto:hluxor@pec.cgn.it\">hluxor@pec.cgn.it<\/a><\/p>\n<p style=\"text-align: left;\">\u25a0\u00a0<strong>T\u00e9l\u00e9phone:\u00a0<\/strong>+39 0541 330406<\/p>\n<p style=\"text-align: left;\">\u25a0\u00a0<strong>Num\u00e9ro REA:\u00a0<\/strong>RN &#8211; 154550<\/p>\n<p style=\"text-align: left;\">\u25a0\u00a0<strong>Code fiscal:<\/strong> 00086420403<\/p>\n<p style=\"text-align: left;\">\u25a0\u00a0<strong>Num\u00e9ro de TVA:\u00a0<\/strong>00086420403<\/p>\n<p style=\"text-align: left;\">\u25a0\u00a0<strong>Forme juridique: <\/strong>soci\u00e9t\u00e9 \u00e0 responsabilit\u00e9 limit\u00e9e<\/p>\n<p style=\"text-align: left;\">\u25a0\u00a0<strong>Date d\u2019inscription:\u00a0<\/strong>07\/08\/1975<\/p>\n<p style=\"text-align: left;\">\u25a0\u00a0<strong>Date du dernier enregistrement:\u00a0<\/strong>10\/11\/2014<\/p>\n<p style=\"text-align: left;\">\u25a0\u00a0<strong>Associ\u00e9 g\u00e9rant:\u00a0<\/strong>BIANCHI ARNALDO\u00a0<em>Repr\u00e9sentant de l\u2019entreprise<\/em><\/p>\n","protected":false},"excerpt":{"rendered":"<p>HOTEL LUXOR VEG SRL Adresse du si\u00e8ge l\u00e9gal: BELLARIA-IGEA MARINA (RN) &#8211; VIA ITALICO, 3 &#8211; Code Postal 47814 &#8211; Localit\u00e9: IGEA MARINA \u25a0\u00a0Adresse PEC:\u00a0hluxor@pec.cgn.it \u25a0\u00a0T\u00e9l\u00e9phone:\u00a0+39 0541 330406 \u25a0\u00a0Num\u00e9ro REA:\u00a0RN &#8211; 154550 \u25a0\u00a0Code fiscal: 00086420403 \u25a0\u00a0Num\u00e9ro de TVA:\u00a000086420403 \u25a0\u00a0Forme juridique: soci\u00e9t\u00e9 \u00e0 responsabilit\u00e9 limit\u00e9e \u25a0\u00a0Date d\u2019inscription:\u00a007\/08\/1975 \u25a0\u00a0Date du dernier enregistrement:\u00a010\/11\/2014 \u25a0\u00a0Associ\u00e9 g\u00e9rant:\u00a0BIANCHI ARNALDO\u00a0Repr\u00e9sentant de l\u2019entreprise<\/p>\n","protected":false},"author":1,"featured_media":0,"parent":0,"menu_order":21,"comment_status":"closed","ping_status":"closed","template":"","meta":{"_acf_changed":false},"class_list":["post-925","page","type-page","status-publish","hentry"],"acf":[],"_links":{"self":[{"href":"https:\/\/www.hluxor.it\/fr\/wp-json\/wp\/v2\/pages\/925","targetHints":{"allow":["GET"]}}],"collection":[{"href":"https:\/\/www.hluxor.it\/fr\/wp-json\/wp\/v2\/pages"}],"about":[{"href":"https:\/\/www.hluxor.it\/fr\/wp-json\/wp\/v2\/types\/page"}],"author":[{"embeddable":true,"href":"https:\/\/www.hluxor.it\/fr\/wp-json\/wp\/v2\/users\/1"}],"replies":[{"embeddable":true,"href":"https:\/\/www.hluxor.it\/fr\/wp-json\/wp\/v2\/comments?post=925"}],"version-history":[{"count":0,"href":"https:\/\/www.hluxor.it\/fr\/wp-json\/wp\/v2\/pages\/925\/revisions"}],"wp:attachment":[{"href":"https:\/\/www.hluxor.it\/fr\/wp-json\/wp\/v2\/media?parent=925"}],"curies":[{"name":"wp","href":"https:\/\/api.w.org\/{rel}","templated":true}]}}